{"id":15234,"date":"2014-04-30T15:47:48","date_gmt":"2014-04-30T15:47:48","guid":{"rendered":"http:\/\/demo.qodeinteractive.com\/bridge18\/?page_id=15234"},"modified":"2021-03-16T10:03:50","modified_gmt":"2021-03-16T10:03:50","slug":"home","status":"publish","type":"page","link":"https:\/\/www.eurospeak.de\/de\/","title":{"rendered":"Home"},"content":{"rendered":"<p>[vc_row css_animation=&#8220;&#8220; row_type=&#8220;row&#8220; use_row_as_full_screen_section=&#8220;no&#8220; type=&#8220;grid&#8220; angled_section=&#8220;no&#8220; text_align=&#8220;left&#8220; background_image_as_pattern=&#8220;without_pattern&#8220; background_color=&#8220;#f8f8f8&#8243; padding_top=&#8220;88&#8243; padding_bottom=&#8220;70&#8243;][vc_column][vc_column_text]<\/p>\n<h2 style=\"text-align: center;\">WIR GARANTIEREN QUALIT\u00c4T UND BIETEN IHNEN:<\/h2>\n<p>[\/vc_column_text][\/vc_column][\/vc_row][vc_row css_animation=&#8220;&#8220; row_type=&#8220;row&#8220; use_row_as_full_screen_section=&#8220;no&#8220; type=&#8220;grid&#8220; angled_section=&#8220;no&#8220; text_align=&#8220;left&#8220; background_image_as_pattern=&#8220;without_pattern&#8220; background_color=&#8220;#f8f8f8&#8243; padding_top=&#8220;0&#8243; padding_bottom=&#8220;34&#8243;][vc_column][vc_row_inner row_type=&#8220;row&#8220; type=&#8220;full_width&#8220; text_align=&#8220;left&#8220; css_animation=&#8220;&#8220;][vc_column_inner width=&#8220;1\/4&#8243;]<div class='q_icon_with_title tiny circle'><div class=\"icon_holder q_icon_animation\" style=\" transition-delay: 100ms; -webkit-transition-delay: 100ms; -moz-transition-delay: 100ms; -o-transition-delay: 100ms;\"><span data-icon-type=\"circle\"   class=\"qode_iwt_icon_holder fa-stack fa-lg \" style=\"font-size: 24px;border-color: #ff7e00;background-color: #ff7e00;\"><i class=\"qode_icon_font_awesome fa fa-plus qode_iwt_icon_element\" style=\"color: #ffffff;\" ><\/i><\/span><\/div><div class=\"icon_text_holder\" style=\"padding-left:72px;\"><div class=\"icon_text_inner\" style=\"\"><h5 class=\"icon_title\" style=\"\">ALLGEMEINES GESCH\u00c4FTSENGLISCH<\/h5><p style=''><\/p><\/div><\/div><\/div>[vc_separator type=&#8220;transparent&#8220; up=&#8220;26&#8243; down=&#8220;24&#8243;][\/vc_column_inner][vc_column_inner width=&#8220;1\/4&#8243;]<div class='q_icon_with_title tiny circle'><div class=\"icon_holder q_icon_animation\" style=\" transition-delay: 200ms; -webkit-transition-delay: 200ms; -moz-transition-delay: 200ms; -o-transition-delay: 200ms;\"><span data-icon-type=\"circle\"   class=\"qode_iwt_icon_holder fa-stack fa-lg \" style=\"font-size: 24px;border-color: #ff7e00;background-color: #ff7e00;\"><i class=\"qode_icon_font_awesome fa fa-plus qode_iwt_icon_element\" style=\"color: #ffffff;\" ><\/i><\/span><\/div><div class=\"icon_text_holder\" style=\"padding-left:72px;\"><div class=\"icon_text_inner\" style=\"\"><h5 class=\"icon_title\" style=\"\">SPEZIELLES GESCH\u00c4FTSENGLISCH<\/h5><p style=''><\/p><\/div><\/div><\/div>[vc_separator type=&#8220;transparent&#8220; up=&#8220;26&#8243; down=&#8220;24&#8243;][\/vc_column_inner][vc_column_inner width=&#8220;1\/4&#8243;]<div class='q_icon_with_title tiny circle'><div class=\"icon_holder q_icon_animation\" style=\" transition-delay: 200ms; -webkit-transition-delay: 200ms; -moz-transition-delay: 200ms; -o-transition-delay: 200ms;\"><span data-icon-type=\"circle\"   class=\"qode_iwt_icon_holder fa-stack fa-lg \" style=\"font-size: 24px;border-color: #ff7e00;background-color: #ff7e00;\"><i class=\"qode_icon_font_awesome fa fa-plus qode_iwt_icon_element\" style=\"color: #ffffff;\" ><\/i><\/span><\/div><div class=\"icon_text_holder\" style=\"padding-left:72px;\"><div class=\"icon_text_inner\" style=\"\"><h5 class=\"icon_title\" style=\"\">WEITERE SPRACHEN<\/h5><p style=''><\/p><\/div><\/div><\/div>[\/vc_column_inner][vc_column_inner width=&#8220;1\/4&#8243;]<div class='q_icon_with_title tiny circle'><div class=\"icon_holder q_icon_animation\" style=\" transition-delay: 200ms; -webkit-transition-delay: 200ms; -moz-transition-delay: 200ms; -o-transition-delay: 200ms;\"><span data-icon-type=\"circle\"   class=\"qode_iwt_icon_holder fa-stack fa-lg \" style=\"font-size: 24px;border-color: #ff7e00;background-color: #ff7e00;\"><i class=\"qode_icon_font_awesome fa fa-plus qode_iwt_icon_element\" style=\"color: #ffffff;\" ><\/i><\/span><\/div><div class=\"icon_text_holder\" style=\"padding-left:72px;\"><div class=\"icon_text_inner\" style=\"\"><h5 class=\"icon_title\" style=\"\">CAMBRIDGE BUSINESS ENGLISH CERTIFICATES<\/h5><p style=''><\/p><\/div><\/div><\/div>[\/vc_column_inner][\/vc_row_inner][vc_row_inner row_type=&#8220;row&#8220; type=&#8220;full_width&#8220; text_align=&#8220;left&#8220; css_animation=&#8220;&#8220;][vc_column_inner width=&#8220;1\/4&#8243;]<div class='q_icon_with_title tiny circle'><div class=\"icon_holder q_icon_animation\" style=\" transition-delay: 300ms; -webkit-transition-delay: 300ms; -moz-transition-delay: 300ms; -o-transition-delay: 300ms;\"><span data-icon-type=\"circle\"   class=\"qode_iwt_icon_holder fa-stack fa-lg \" style=\"font-size: 24px;border-color: #ff7e00;background-color: #ff7e00;\"><i class=\"qode_icon_font_awesome fa fa-plus qode_iwt_icon_element\" style=\"color: #ffffff;\" ><\/i><\/span><\/div><div class=\"icon_text_holder\" style=\"padding-left:72px;\"><div class=\"icon_text_inner\" style=\"\"><h5 class=\"icon_title\" style=\"\">WERBEFILME\/VERTONUNG<\/h5><p style=''><\/p><\/div><\/div><\/div>[vc_separator type=&#8220;transparent&#8220; up=&#8220;26&#8243; down=&#8220;24&#8243;][\/vc_column_inner][vc_column_inner width=&#8220;1\/4&#8243;]<div class='q_icon_with_title tiny circle'><div class=\"icon_holder q_icon_animation\" style=\" transition-delay: 400ms; -webkit-transition-delay: 400ms; -moz-transition-delay: 400ms; -o-transition-delay: 400ms;\"><span data-icon-type=\"circle\"   class=\"qode_iwt_icon_holder fa-stack fa-lg \" style=\"font-size: 24px;border-color: #ff7e00;background-color: #ff7e00;\"><i class=\"qode_icon_font_awesome fa fa-plus qode_iwt_icon_element\" style=\"color: #ffffff;\" ><\/i><\/span><\/div><div class=\"icon_text_holder\" style=\"padding-left:72px;\"><div class=\"icon_text_inner\" style=\"\"><h5 class=\"icon_title\" style=\"\">HELP DESK TRAINER<\/h5><p style=''><\/p><\/div><\/div><\/div>[vc_separator type=&#8220;transparent&#8220; up=&#8220;26&#8243; down=&#8220;24&#8243;][\/vc_column_inner][vc_column_inner width=&#8220;1\/4&#8243;]<div class='q_icon_with_title tiny circle'><div class=\"icon_holder q_icon_animation\" style=\" transition-delay: 400ms; -webkit-transition-delay: 400ms; -moz-transition-delay: 400ms; -o-transition-delay: 400ms;\"><span data-icon-type=\"circle\"   class=\"qode_iwt_icon_holder fa-stack fa-lg \" style=\"font-size: 24px;border-color: #ff7e00;background-color: #ff7e00;\"><i class=\"qode_icon_font_awesome fa fa-plus qode_iwt_icon_element\" style=\"color: #ffffff;\" ><\/i><\/span><\/div><div class=\"icon_text_holder\" style=\"padding-left:72px;\"><div class=\"icon_text_inner\" style=\"\"><h5 class=\"icon_title\" style=\"\">INTERKULTURELLES TRAINING<\/h5><p style=''><\/p><\/div><\/div><\/div>[\/vc_column_inner][vc_column_inner width=&#8220;1\/4&#8243;]<div class='q_icon_with_title tiny circle'><div class=\"icon_holder q_icon_animation\" style=\" transition-delay: 400ms; -webkit-transition-delay: 400ms; -moz-transition-delay: 400ms; -o-transition-delay: 400ms;\"><span data-icon-type=\"circle\"   class=\"qode_iwt_icon_holder fa-stack fa-lg \" style=\"font-size: 24px;border-color: #ff7e00;background-color: #ff7e00;\"><i class=\"qode_icon_font_awesome fa fa-plus qode_iwt_icon_element\" style=\"color: #ffffff;\" ><\/i><\/span><\/div><div class=\"icon_text_holder\" style=\"padding-left:72px;\"><div class=\"icon_text_inner\" style=\"\"><h5 class=\"icon_title\" style=\"\">\u00dcBERSETZUNGEN<\/h5><p style=''><\/p><\/div><\/div><\/div>[\/vc_column_inner][\/vc_row_inner][\/vc_column][\/vc_row][vc_row row_type=&#8220;parallax&#8220; parallax_content_width=&#8220;in_grid&#8220; anchor=&#8220;portfolio&#8220; text_align=&#8220;left&#8220; background_image=&#8220;16627&#8243; full_screen_section_height=&#8220;no&#8220; section_height=&#8220;502&#8243; el_class=&#8220;second-bg&#8220;][vc_column][vc_separator type=&#8220;transparent&#8220; up=&#8220;80&#8243; down=&#8220;0&#8243;][vc_column_text][\/vc_column_text][vc_separator type=&#8220;transparent&#8220; up=&#8220;100&#8243; down=&#8220;0&#8243;][vc_row_inner row_type=&#8220;row&#8220; type=&#8220;full_width&#8220; text_align=&#8220;left&#8220; css_animation=&#8220;&#8220;][vc_column_inner]<div class='q_list circle'><\/p>\n<ul>\n<li style=\"color: #fff !important;\">Kostenlose Einstufungstests (Gemeinsamer Europ\u00e4ischer Referenzrahmen \/ CEF)<\/li>\n<li style=\"color: #fff !important;\">Detailierte Bedarfsanalyse<\/li>\n<li style=\"color: #fff !important;\">Flexible, strukturierte, bedarfs- und zielorientierte Kurs-Konzepte<\/li>\n<li style=\"color: #fff !important;\">Qualifizierte Trainer mit Englisch als Muttersprache und Erfahrung mit In-Company-Training<\/li>\n<li style=\"color: #fff !important;\">Kein Trainerwechsel w\u00e4hrend der Vertragslaufzeit<\/li>\n<li style=\"color: #fff !important;\">Kompetente Betreuung durch unser B\u00fcro<\/li>\n<li style=\"color: #fff !important;\">Kurzfristige Vertr\u00e4ge m\u00f6glich: 4 Wochen K\u00fcndigungsfrist<\/li>\n<\/ul>\n<p><\/div>[\/vc_column_inner][\/vc_row_inner][\/vc_column][\/vc_row][vc_row css_animation=&#8220;&#8220; row_type=&#8220;row&#8220; use_row_as_full_screen_section=&#8220;no&#8220; type=&#8220;grid&#8220; anchor=&#8220;portfolio&#8220; angled_section=&#8220;no&#8220; text_align=&#8220;left&#8220; background_image_as_pattern=&#8220;without_pattern&#8220; background_color=&#8220;#ffffff&#8220; padding_top=&#8220;88&#8243; padding_bottom=&#8220;80&#8243;][vc_column][vc_column_text]<\/p>\n<h2 style=\"text-align: center;\">KUNDEN<\/h2>\n<p>[\/vc_column_text][vc_separator type=&#8220;small&#8220; position=&#8220;center&#8220; up=&#8220;17&#8243; down=&#8220;18&#8243;][vc_separator type=&#8220;transparent&#8220; up=&#8220;58&#8243; down=&#8220;18&#8243;]<div class='qode_carousels_holder clearfix'><div class='qode_carousels' data-number-of-visible-items=''><ul class='slides'><li class='item'><div class=\"carousel_item_holder\"><span class='first_image_holder '><img decoding=\"async\" itemprop=\"image\" src=\"http:\/\/www.eurospeak.de\/wp-content\/uploads\/2017\/04\/Warner_Bros._Pictures_logo.svg_.png\" alt=\"carousel image\" \/><\/span><\/div><\/li><li class='item'><div class=\"carousel_item_holder\"><span class='first_image_holder '><img decoding=\"async\" itemprop=\"image\" src=\"http:\/\/www.eurospeak.de\/wp-content\/uploads\/2017\/04\/Deutsche_Telekom_Logo.png\" alt=\"carousel image\" \/><\/span><\/div><\/li><li class='item'><div class=\"carousel_item_holder\"><span class='first_image_holder '><img decoding=\"async\" itemprop=\"image\" src=\"http:\/\/www.eurospeak.de\/wp-content\/uploads\/2017\/04\/Dealogo.svg_.png\" alt=\"carousel image\" \/><\/span><\/div><\/li><li class='item'><div class=\"carousel_item_holder\"><span class='first_image_holder '><img decoding=\"async\" itemprop=\"image\" src=\"http:\/\/www.eurospeak.de\/wp-content\/uploads\/2017\/04\/2000px-RWE_AG.svg_.png\" alt=\"carousel image\" \/><\/span><\/div><\/li><li class='item'><div class=\"carousel_item_holder\"><span class='first_image_holder '><img decoding=\"async\" itemprop=\"image\" src=\"http:\/\/www.eurospeak.de\/wp-content\/uploads\/2017\/04\/o_1578.jpg\" alt=\"carousel image\" \/><\/span><\/div><\/li><\/ul><\/div><\/div>[\/vc_column][\/vc_row]<\/p>\n","protected":false},"excerpt":{"rendered":"<p>[vc_row css_animation=&#8220;&#8220; row_type=&#8220;row&#8220; use_row_as_full_screen_section=&#8220;no&#8220; type=&#8220;grid&#8220; angled_section=&#8220;no&#8220; text_align=&#8220;left&#8220; background_image_as_pattern=&#8220;without_pattern&#8220; background_color=&#8220;#f8f8f8&#8243; padding_top=&#8220;88&#8243; padding_bottom=&#8220;70&#8243;][vc_column][vc_column_text] WIR GARANTIEREN QUALIT\u00c4T UND BIETEN IHNEN: [\/vc_column_text][\/vc_column][\/vc_row][vc_row css_animation=&#8220;&#8220; row_type=&#8220;row&#8220; use_row_as_full_screen_section=&#8220;no&#8220; type=&#8220;grid&#8220; angled_section=&#8220;no&#8220; text_align=&#8220;left&#8220; background_image_as_pattern=&#8220;without_pattern&#8220; background_color=&#8220;#f8f8f8&#8243; padding_top=&#8220;0&#8243; padding_bottom=&#8220;34&#8243;][vc_column][vc_row_inner row_type=&#8220;row&#8220; type=&#8220;full_width&#8220; text_align=&#8220;left&#8220; css_animation=&#8220;&#8220;][vc_column_inner width=&#8220;1\/4&#8243;][vc_separator type=&#8220;transparent&#8220; up=&#8220;26&#8243; down=&#8220;24&#8243;][\/vc_column_inner][vc_column_inner width=&#8220;1\/4&#8243;][vc_separator type=&#8220;transparent&#8220; up=&#8220;26&#8243; down=&#8220;24&#8243;][\/vc_column_inner][vc_column_inner width=&#8220;1\/4&#8243;][\/vc_column_inner][vc_column_inner width=&#8220;1\/4&#8243;][\/vc_column_inner][\/vc_row_inner][vc_row_inner row_type=&#8220;row&#8220; type=&#8220;full_width&#8220; text_align=&#8220;left&#8220;&#8230;<\/p>\n","protected":false},"author":1,"featured_media":0,"parent":0,"menu_order":0,"comment_status":"open","ping_status":"open","template":"full_width.php","meta":{"_bbp_topic_count":0,"_bbp_reply_count":0,"_bbp_total_topic_count":0,"_bbp_total_reply_count":0,"_bbp_voice_count":0,"_bbp_anonymous_reply_count":0,"_bbp_topic_count_hidden":0,"_bbp_reply_count_hidden":0,"_bbp_forum_subforum_count":0,"footnotes":""},"class_list":["post-15234","page","type-page","status-publish","hentry"],"yoast_head":"<!-- This site is optimized with the Yoast SEO plugin v24.3 - https:\/\/yoast.com\/wordpress\/plugins\/seo\/ -->\n<title>Eurospeak Language Services, Hamburg<\/title>\n<meta name=\"description\" content=\"Eurospeak ist ein in Hamburg ans\u00e4ssigesn Trainingsunternehmen, das Beh\u00f6rden und Firmen In-House Training Solutions in allen Bereichen der Wirtschaft\" \/>\n<meta name=\"robots\" content=\"index, follow, max-snippet:-1, max-image-preview:large, max-video-preview:-1\" \/>\n<link rel=\"canonical\" href=\"https:\/\/www.eurospeak.de\/\" \/>\n<meta property=\"og:locale\" content=\"de_DE\" \/>\n<meta property=\"og:type\" content=\"article\" \/>\n<meta property=\"og:title\" content=\"Eurospeak Language Services, Hamburg\" \/>\n<meta property=\"og:description\" content=\"Eurospeak ist ein in Hamburg ans\u00e4ssigesn Trainingsunternehmen, das Beh\u00f6rden und Firmen In-House Training Solutions in allen Bereichen der Wirtschaft\" \/>\n<meta property=\"og:url\" content=\"https:\/\/www.eurospeak.de\/\" \/>\n<meta property=\"og:site_name\" content=\"Eurospeak\" \/>\n<meta property=\"article:modified_time\" content=\"2021-03-16T10:03:50+00:00\" \/>\n<meta name=\"twitter:card\" content=\"summary_large_image\" \/>\n<meta name=\"twitter:label1\" content=\"Gesch\u00e4tzte Lesezeit\" \/>\n\t<meta name=\"twitter:data1\" content=\"4\u00a0Minuten\" \/>\n<script type=\"application\/ld+json\" class=\"yoast-schema-graph\">{\"@context\":\"https:\/\/schema.org\",\"@graph\":[{\"@type\":\"WebPage\",\"@id\":\"https:\/\/www.eurospeak.de\/\",\"url\":\"https:\/\/www.eurospeak.de\/\",\"name\":\"Eurospeak Language Services, Hamburg\",\"isPartOf\":{\"@id\":\"https:\/\/www.eurospeak.de\/#website\"},\"datePublished\":\"2014-04-30T15:47:48+00:00\",\"dateModified\":\"2021-03-16T10:03:50+00:00\",\"description\":\"Eurospeak ist ein in Hamburg ans\u00e4ssigesn Trainingsunternehmen, das Beh\u00f6rden und Firmen In-House Training Solutions in allen Bereichen der Wirtschaft\",\"breadcrumb\":{\"@id\":\"https:\/\/www.eurospeak.de\/#breadcrumb\"},\"inLanguage\":\"de\",\"potentialAction\":[{\"@type\":\"ReadAction\",\"target\":[\"https:\/\/www.eurospeak.de\/\"]}]},{\"@type\":\"BreadcrumbList\",\"@id\":\"https:\/\/www.eurospeak.de\/#breadcrumb\",\"itemListElement\":[{\"@type\":\"ListItem\",\"position\":1,\"name\":\"Home\",\"item\":\"https:\/\/www.eurospeak.de\/\"},{\"@type\":\"ListItem\",\"position\":2,\"name\":\"Home\"}]},{\"@type\":\"WebSite\",\"@id\":\"https:\/\/www.eurospeak.de\/#website\",\"url\":\"https:\/\/www.eurospeak.de\/\",\"name\":\"Eurospeak\",\"description\":\"Firmenschulungen - Wirtschaftsenglisch - Sprachtraining\",\"potentialAction\":[{\"@type\":\"SearchAction\",\"target\":{\"@type\":\"EntryPoint\",\"urlTemplate\":\"https:\/\/www.eurospeak.de\/?s={search_term_string}\"},\"query-input\":{\"@type\":\"PropertyValueSpecification\",\"valueRequired\":true,\"valueName\":\"search_term_string\"}}],\"inLanguage\":\"de\"}]}<\/script>\n<!-- \/ Yoast SEO plugin. -->","yoast_head_json":{"title":"Eurospeak Language Services, Hamburg","description":"Eurospeak ist ein in Hamburg ans\u00e4ssigesn Trainingsunternehmen, das Beh\u00f6rden und Firmen In-House Training Solutions in allen Bereichen der Wirtschaft","robots":{"index":"index","follow":"follow","max-snippet":"max-snippet:-1","max-image-preview":"max-image-preview:large","max-video-preview":"max-video-preview:-1"},"canonical":"https:\/\/www.eurospeak.de\/","og_locale":"de_DE","og_type":"article","og_title":"Eurospeak Language Services, Hamburg","og_description":"Eurospeak ist ein in Hamburg ans\u00e4ssigesn Trainingsunternehmen, das Beh\u00f6rden und Firmen In-House Training Solutions in allen Bereichen der Wirtschaft","og_url":"https:\/\/www.eurospeak.de\/","og_site_name":"Eurospeak","article_modified_time":"2021-03-16T10:03:50+00:00","twitter_card":"summary_large_image","twitter_misc":{"Gesch\u00e4tzte Lesezeit":"4\u00a0Minuten"},"schema":{"@context":"https:\/\/schema.org","@graph":[{"@type":"WebPage","@id":"https:\/\/www.eurospeak.de\/","url":"https:\/\/www.eurospeak.de\/","name":"Eurospeak Language Services, Hamburg","isPartOf":{"@id":"https:\/\/www.eurospeak.de\/#website"},"datePublished":"2014-04-30T15:47:48+00:00","dateModified":"2021-03-16T10:03:50+00:00","description":"Eurospeak ist ein in Hamburg ans\u00e4ssigesn Trainingsunternehmen, das Beh\u00f6rden und Firmen In-House Training Solutions in allen Bereichen der Wirtschaft","breadcrumb":{"@id":"https:\/\/www.eurospeak.de\/#breadcrumb"},"inLanguage":"de","potentialAction":[{"@type":"ReadAction","target":["https:\/\/www.eurospeak.de\/"]}]},{"@type":"BreadcrumbList","@id":"https:\/\/www.eurospeak.de\/#breadcrumb","itemListElement":[{"@type":"ListItem","position":1,"name":"Home","item":"https:\/\/www.eurospeak.de\/"},{"@type":"ListItem","position":2,"name":"Home"}]},{"@type":"WebSite","@id":"https:\/\/www.eurospeak.de\/#website","url":"https:\/\/www.eurospeak.de\/","name":"Eurospeak","description":"Firmenschulungen - Wirtschaftsenglisch - Sprachtraining","potentialAction":[{"@type":"SearchAction","target":{"@type":"EntryPoint","urlTemplate":"https:\/\/www.eurospeak.de\/?s={search_term_string}"},"query-input":{"@type":"PropertyValueSpecification","valueRequired":true,"valueName":"search_term_string"}}],"inLanguage":"de"}]}},"_links":{"self":[{"href":"https:\/\/www.eurospeak.de\/de\/wp-json\/wp\/v2\/pages\/15234","targetHints":{"allow":["GET"]}}],"collection":[{"href":"https:\/\/www.eurospeak.de\/de\/wp-json\/wp\/v2\/pages"}],"about":[{"href":"https:\/\/www.eurospeak.de\/de\/wp-json\/wp\/v2\/types\/page"}],"author":[{"embeddable":true,"href":"https:\/\/www.eurospeak.de\/de\/wp-json\/wp\/v2\/users\/1"}],"replies":[{"embeddable":true,"href":"https:\/\/www.eurospeak.de\/de\/wp-json\/wp\/v2\/comments?post=15234"}],"version-history":[{"count":59,"href":"https:\/\/www.eurospeak.de\/de\/wp-json\/wp\/v2\/pages\/15234\/revisions"}],"predecessor-version":[{"id":16771,"href":"https:\/\/www.eurospeak.de\/de\/wp-json\/wp\/v2\/pages\/15234\/revisions\/16771"}],"wp:attachment":[{"href":"https:\/\/www.eurospeak.de\/de\/wp-json\/wp\/v2\/media?parent=15234"}],"curies":[{"name":"wp","href":"https:\/\/api.w.org\/{rel}","templated":true}]}}