{"id":16404,"date":"2017-02-26T12:46:05","date_gmt":"2017-02-26T12:46:05","guid":{"rendered":"http:\/\/eurospeak.de\/?page_id=16404"},"modified":"2017-06-06T19:45:54","modified_gmt":"2017-06-06T19:45:54","slug":"philosophy","status":"publish","type":"page","link":"https:\/\/www.eurospeak.de\/de\/philosophy\/","title":{"rendered":"PHILOSOPHIE"},"content":{"rendered":"<h2><img loading=\"lazy\" decoding=\"async\" class=\"alignnone size-medium wp-image-16405 alignleft\" src=\"http:\/\/joebenslimane.com\/eurospeak\/wp-content\/uploads\/2017\/02\/bild_1_1-300x280.jpg\" alt=\"\" width=\"300\" height=\"280\" srcset=\"https:\/\/www.eurospeak.de\/wp-content\/uploads\/2017\/02\/bild_1_1-300x280.jpg 300w, https:\/\/www.eurospeak.de\/wp-content\/uploads\/2017\/02\/bild_1_1.jpg 302w\" sizes=\"auto, (max-width: 300px) 100vw, 300px\" \/>PHILOSOPHIE<\/h2>\n<p>Eurospeak&#8217;s Erfolgsrezept basierend auf zehnj\u00e4hriger Erfahrung im Bereich der Firmenschulung und parallel dem Befolgen der Richtlinien des Gemeinsamen Europ\u00e4ischen Referenzrahmens f\u00fcr Moderne Sprachen, die vom Europarat festgesetzt wurden, besteht aus einer Kombination der folgenden Bestandteile:<\/p>\n<p>&nbsp;<\/p>\n<ul>\n<li>Ein qualifiziertes, kreatives Trainingsteam, das von Eurospeak unterst\u00fctzt wird<\/li>\n<li>Die neuesten Trainingsmethoden und Unterrichtsmaterialien speziell auf die Bed\u00fcrfnisse des Kunden ausgerichtet<\/li>\n<li>Zielorientiertes Training, Schwerpunkt: Praxisnahe Kommunikation<\/li>\n<li>Enge Zusammenarbeit mit den Personalabteilungen, um klare Trainingsziele festzulegen <a title=\"(Fallstudien)\" href=\"\/case-studies\">(Fallstudien)<\/a><\/li>\n<li>Flexibilit\u00e4t, um jedes auftretende Trainingsbed\u00fcrfnis zu erf\u00fcllen <a title=\"(Last Minute)\" href=\"\/last-minute\">(Last Minute)<\/a><\/li>\n<li>Ein breit gef\u00e4chertes und flexibles Programm fachspezifisch und allgemein <a title=\"(Unsere Services)\" href=\"\/our-services\">(Unsere Services)<\/a><\/li>\n<li>&#8222;Blended learning&#8220;, einschlie\u00dflich &#8222;E-Learning&#8220;, um den Kundenbed\u00fcrfnissen zu entsprechen<\/li>\n<\/ul>\n<p>&nbsp;<\/p>\n<p>Gemeinsam k\u00f6nnen wir die richtige Kombination finden, die Ihren spezifischen Firmenanforderungen entspricht, ganz gleich, welcher Firmentypus Ihr Unternehmen ist.<\/p>\n","protected":false},"excerpt":{"rendered":"<p>PHILOSOPHIE Eurospeak&#8217;s Erfolgsrezept basierend auf zehnj\u00e4hriger Erfahrung im Bereich der Firmenschulung und parallel dem Befolgen der Richtlinien des Gemeinsamen Europ\u00e4ischen Referenzrahmens f\u00fcr Moderne Sprachen, die vom Europarat festgesetzt wurden, besteht aus einer Kombination der folgenden Bestandteile: &nbsp; Ein qualifiziertes, kreatives Trainingsteam, das von Eurospeak unterst\u00fctzt&#8230;<\/p>\n","protected":false},"author":1,"featured_media":0,"parent":0,"menu_order":0,"comment_status":"closed","ping_status":"closed","template":"","meta":{"_bbp_topic_count":0,"_bbp_reply_count":0,"_bbp_total_topic_count":0,"_bbp_total_reply_count":0,"_bbp_voice_count":0,"_bbp_anonymous_reply_count":0,"_bbp_topic_count_hidden":0,"_bbp_reply_count_hidden":0,"_bbp_forum_subforum_count":0,"footnotes":""},"class_list":["post-16404","page","type-page","status-publish","hentry"],"yoast_head":"<!-- This site is optimized with the Yoast SEO plugin v24.3 - https:\/\/yoast.com\/wordpress\/plugins\/seo\/ -->\n<title>PHILOSOPHIE - Eurospeak<\/title>\n<meta name=\"robots\" content=\"index, follow, max-snippet:-1, max-image-preview:large, max-video-preview:-1\" \/>\n<link rel=\"canonical\" href=\"https:\/\/www.eurospeak.de\/philosophy\/\" \/>\n<meta property=\"og:locale\" content=\"de_DE\" \/>\n<meta property=\"og:type\" content=\"article\" \/>\n<meta property=\"og:title\" content=\"PHILOSOPHIE - Eurospeak\" \/>\n<meta property=\"og:description\" content=\"PHILOSOPHIE Eurospeak&#8217;s Erfolgsrezept basierend auf zehnj\u00e4hriger Erfahrung im Bereich der Firmenschulung und parallel dem Befolgen der Richtlinien des Gemeinsamen Europ\u00e4ischen Referenzrahmens f\u00fcr Moderne Sprachen, die vom Europarat festgesetzt wurden, besteht aus einer Kombination der folgenden Bestandteile: &nbsp; Ein qualifiziertes, kreatives Trainingsteam, das von Eurospeak unterst\u00fctzt...\" \/>\n<meta property=\"og:url\" content=\"https:\/\/www.eurospeak.de\/philosophy\/\" \/>\n<meta property=\"og:site_name\" content=\"Eurospeak\" \/>\n<meta property=\"article:modified_time\" content=\"2017-06-06T19:45:54+00:00\" \/>\n<meta property=\"og:image\" content=\"https:\/\/www.eurospeak.de\/wp-content\/uploads\/2017\/02\/bild_1_1.jpg\" \/>\n\t<meta property=\"og:image:width\" content=\"302\" \/>\n\t<meta property=\"og:image:height\" content=\"282\" \/>\n\t<meta property=\"og:image:type\" content=\"image\/jpeg\" \/>\n<meta name=\"twitter:card\" content=\"summary_large_image\" \/>\n<meta name=\"twitter:label1\" content=\"Gesch\u00e4tzte Lesezeit\" \/>\n\t<meta name=\"twitter:data1\" content=\"1\u00a0Minute\" \/>\n<script type=\"application\/ld+json\" class=\"yoast-schema-graph\">{\"@context\":\"https:\/\/schema.org\",\"@graph\":[{\"@type\":\"WebPage\",\"@id\":\"https:\/\/www.eurospeak.de\/philosophy\/\",\"url\":\"https:\/\/www.eurospeak.de\/philosophy\/\",\"name\":\"PHILOSOPHIE - Eurospeak\",\"isPartOf\":{\"@id\":\"https:\/\/www.eurospeak.de\/#website\"},\"primaryImageOfPage\":{\"@id\":\"https:\/\/www.eurospeak.de\/philosophy\/#primaryimage\"},\"image\":{\"@id\":\"https:\/\/www.eurospeak.de\/philosophy\/#primaryimage\"},\"thumbnailUrl\":\"http:\/\/joebenslimane.com\/eurospeak\/wp-content\/uploads\/2017\/02\/bild_1_1-300x280.jpg\",\"datePublished\":\"2017-02-26T12:46:05+00:00\",\"dateModified\":\"2017-06-06T19:45:54+00:00\",\"breadcrumb\":{\"@id\":\"https:\/\/www.eurospeak.de\/philosophy\/#breadcrumb\"},\"inLanguage\":\"de\",\"potentialAction\":[{\"@type\":\"ReadAction\",\"target\":[\"https:\/\/www.eurospeak.de\/philosophy\/\"]}]},{\"@type\":\"ImageObject\",\"inLanguage\":\"de\",\"@id\":\"https:\/\/www.eurospeak.de\/philosophy\/#primaryimage\",\"url\":\"http:\/\/joebenslimane.com\/eurospeak\/wp-content\/uploads\/2017\/02\/bild_1_1-300x280.jpg\",\"contentUrl\":\"http:\/\/joebenslimane.com\/eurospeak\/wp-content\/uploads\/2017\/02\/bild_1_1-300x280.jpg\"},{\"@type\":\"BreadcrumbList\",\"@id\":\"https:\/\/www.eurospeak.de\/philosophy\/#breadcrumb\",\"itemListElement\":[{\"@type\":\"ListItem\",\"position\":1,\"name\":\"Home\",\"item\":\"https:\/\/www.eurospeak.de\/\"},{\"@type\":\"ListItem\",\"position\":2,\"name\":\"PHILOSOPHY\"}]},{\"@type\":\"WebSite\",\"@id\":\"https:\/\/www.eurospeak.de\/#website\",\"url\":\"https:\/\/www.eurospeak.de\/\",\"name\":\"Eurospeak\",\"description\":\"Firmenschulungen - Wirtschaftsenglisch - Sprachtraining\",\"potentialAction\":[{\"@type\":\"SearchAction\",\"target\":{\"@type\":\"EntryPoint\",\"urlTemplate\":\"https:\/\/www.eurospeak.de\/?s={search_term_string}\"},\"query-input\":{\"@type\":\"PropertyValueSpecification\",\"valueRequired\":true,\"valueName\":\"search_term_string\"}}],\"inLanguage\":\"de\"}]}<\/script>\n<!-- \/ Yoast SEO plugin. -->","yoast_head_json":{"title":"PHILOSOPHIE - Eurospeak","robots":{"index":"index","follow":"follow","max-snippet":"max-snippet:-1","max-image-preview":"max-image-preview:large","max-video-preview":"max-video-preview:-1"},"canonical":"https:\/\/www.eurospeak.de\/philosophy\/","og_locale":"de_DE","og_type":"article","og_title":"PHILOSOPHIE - Eurospeak","og_description":"PHILOSOPHIE Eurospeak&#8217;s Erfolgsrezept basierend auf zehnj\u00e4hriger Erfahrung im Bereich der Firmenschulung und parallel dem Befolgen der Richtlinien des Gemeinsamen Europ\u00e4ischen Referenzrahmens f\u00fcr Moderne Sprachen, die vom Europarat festgesetzt wurden, besteht aus einer Kombination der folgenden Bestandteile: &nbsp; Ein qualifiziertes, kreatives Trainingsteam, das von Eurospeak unterst\u00fctzt...","og_url":"https:\/\/www.eurospeak.de\/philosophy\/","og_site_name":"Eurospeak","article_modified_time":"2017-06-06T19:45:54+00:00","og_image":[{"width":302,"height":282,"url":"https:\/\/www.eurospeak.de\/wp-content\/uploads\/2017\/02\/bild_1_1.jpg","type":"image\/jpeg"}],"twitter_card":"summary_large_image","twitter_misc":{"Gesch\u00e4tzte Lesezeit":"1\u00a0Minute"},"schema":{"@context":"https:\/\/schema.org","@graph":[{"@type":"WebPage","@id":"https:\/\/www.eurospeak.de\/philosophy\/","url":"https:\/\/www.eurospeak.de\/philosophy\/","name":"PHILOSOPHIE - Eurospeak","isPartOf":{"@id":"https:\/\/www.eurospeak.de\/#website"},"primaryImageOfPage":{"@id":"https:\/\/www.eurospeak.de\/philosophy\/#primaryimage"},"image":{"@id":"https:\/\/www.eurospeak.de\/philosophy\/#primaryimage"},"thumbnailUrl":"http:\/\/joebenslimane.com\/eurospeak\/wp-content\/uploads\/2017\/02\/bild_1_1-300x280.jpg","datePublished":"2017-02-26T12:46:05+00:00","dateModified":"2017-06-06T19:45:54+00:00","breadcrumb":{"@id":"https:\/\/www.eurospeak.de\/philosophy\/#breadcrumb"},"inLanguage":"de","potentialAction":[{"@type":"ReadAction","target":["https:\/\/www.eurospeak.de\/philosophy\/"]}]},{"@type":"ImageObject","inLanguage":"de","@id":"https:\/\/www.eurospeak.de\/philosophy\/#primaryimage","url":"http:\/\/joebenslimane.com\/eurospeak\/wp-content\/uploads\/2017\/02\/bild_1_1-300x280.jpg","contentUrl":"http:\/\/joebenslimane.com\/eurospeak\/wp-content\/uploads\/2017\/02\/bild_1_1-300x280.jpg"},{"@type":"BreadcrumbList","@id":"https:\/\/www.eurospeak.de\/philosophy\/#breadcrumb","itemListElement":[{"@type":"ListItem","position":1,"name":"Home","item":"https:\/\/www.eurospeak.de\/"},{"@type":"ListItem","position":2,"name":"PHILOSOPHY"}]},{"@type":"WebSite","@id":"https:\/\/www.eurospeak.de\/#website","url":"https:\/\/www.eurospeak.de\/","name":"Eurospeak","description":"Firmenschulungen - Wirtschaftsenglisch - Sprachtraining","potentialAction":[{"@type":"SearchAction","target":{"@type":"EntryPoint","urlTemplate":"https:\/\/www.eurospeak.de\/?s={search_term_string}"},"query-input":{"@type":"PropertyValueSpecification","valueRequired":true,"valueName":"search_term_string"}}],"inLanguage":"de"}]}},"_links":{"self":[{"href":"https:\/\/www.eurospeak.de\/de\/wp-json\/wp\/v2\/pages\/16404","targetHints":{"allow":["GET"]}}],"collection":[{"href":"https:\/\/www.eurospeak.de\/de\/wp-json\/wp\/v2\/pages"}],"about":[{"href":"https:\/\/www.eurospeak.de\/de\/wp-json\/wp\/v2\/types\/page"}],"author":[{"embeddable":true,"href":"https:\/\/www.eurospeak.de\/de\/wp-json\/wp\/v2\/users\/1"}],"replies":[{"embeddable":true,"href":"https:\/\/www.eurospeak.de\/de\/wp-json\/wp\/v2\/comments?post=16404"}],"version-history":[{"count":9,"href":"https:\/\/www.eurospeak.de\/de\/wp-json\/wp\/v2\/pages\/16404\/revisions"}],"predecessor-version":[{"id":16697,"href":"https:\/\/www.eurospeak.de\/de\/wp-json\/wp\/v2\/pages\/16404\/revisions\/16697"}],"wp:attachment":[{"href":"https:\/\/www.eurospeak.de\/de\/wp-json\/wp\/v2\/media?parent=16404"}],"curies":[{"name":"wp","href":"https:\/\/api.w.org\/{rel}","templated":true}]}}