{"id":16409,"date":"2017-02-26T13:06:47","date_gmt":"2017-02-26T13:06:47","guid":{"rendered":"http:\/\/eurospeak.de\/?page_id=16409"},"modified":"2017-04-02T12:33:43","modified_gmt":"2017-04-02T12:33:43","slug":"our-clients","status":"publish","type":"page","link":"https:\/\/www.eurospeak.de\/de\/our-clients\/","title":{"rendered":"UNSERE KUNDEN"},"content":{"rendered":"<div><img loading=\"lazy\" decoding=\"async\" class=\"size-medium wp-image-16410 alignleft\" src=\"http:\/\/joebenslimane.com\/eurospeak\/wp-content\/uploads\/2017\/02\/bild_1_3-300x280.jpg\" alt=\"\" width=\"300\" height=\"280\" srcset=\"https:\/\/www.eurospeak.de\/wp-content\/uploads\/2017\/02\/bild_1_3-300x280.jpg 300w, https:\/\/www.eurospeak.de\/wp-content\/uploads\/2017\/02\/bild_1_3.jpg 302w\" sizes=\"auto, (max-width: 300px) 100vw, 300px\" \/><span id=\"titel2\"><\/span><\/div>\n<h2><span id=\"titel1\">UNSERE<\/span><span id=\"titel2\"> KUNDEN<\/span><\/h2>\n<div>Eurospeak verf\u00fcgt \u00fcber ein breites Kundenspektrum, f\u00fcr das hoch qualifiziertes Training sowohl f\u00fcr \u00f6ffentliche Einrichtungen als auch f\u00fcr Firmen jeder Gr\u00f6\u00dfe angeboten wird, wo auch immer Englisch auf der internationalen B\u00fchne ben\u00f6tigt wird. Eurospeak kann Ihnen sowohl Trainer mit detaillierten Kenntnissen in der entsprechenden Branche als auch das f\u00fcr die jeweilige Branche relevante Unterrichtsmaterial zur Verf\u00fcgung stellen, wenn ein Spezialtraining gew\u00fcnscht wird.<\/div>\n<p>Hier ist ein Auszug unserer Kunden, bei denen wir unser Training in den letzten Jahren erfolgreich durchgef\u00fchrt haben:<\/p>\n<table>\n<tbody>\n<tr>\n<td>Bernhard-Nocht-Institut<\/td>\n<td>Hochtief Hamburg GmbH<\/td>\n<\/tr>\n<tr>\n<td>RWE AG<\/td>\n<td>Microsoft AG<\/td>\n<\/tr>\n<tr>\n<td>DEA Deutsche Erdoel AG<\/td>\n<td>Olympus Winter &amp; Ibe GmbH<\/td>\n<\/tr>\n<tr>\n<td>Desitin Arzneimittel GmbH<\/td>\n<td>Philips Semiconductors AG<\/td>\n<\/tr>\n<tr>\n<td>Deutsche BP AG<\/td>\n<td>PriceWaterhouseCoopers AG<\/td>\n<\/tr>\n<tr>\n<td>Deutsche Telekom AG<\/td>\n<td>Roland Berger Strategy Consultants Hamburg<\/td>\n<\/tr>\n<tr>\n<td>Esso AG<\/td>\n<td>T\u00dcV S\u00dcD Product Service Gmbh<\/td>\n<\/tr>\n<tr>\n<td>Freshfields Bruckhaus Deringer LLP<\/td>\n<td>WARNER Bros Entertainment GmbH<\/td>\n<\/tr>\n<tr>\n<td>Hellmann Worldwide Logistics Gmbh &amp; Co KG<\/td>\n<td>Innogy SE<\/td>\n<\/tr>\n<tr>\n<td>Hellmann Worldwide Logistics<\/td>\n<td>Zentrum f\u00fcr Aus-und Fortbildung<\/td>\n<\/tr>\n<\/tbody>\n<\/table>\n","protected":false},"excerpt":{"rendered":"<p>UNSERE KUNDEN Eurospeak verf\u00fcgt \u00fcber ein breites Kundenspektrum, f\u00fcr das hoch qualifiziertes Training sowohl f\u00fcr \u00f6ffentliche Einrichtungen als auch f\u00fcr Firmen jeder Gr\u00f6\u00dfe angeboten wird, wo auch immer Englisch auf der internationalen B\u00fchne ben\u00f6tigt wird. Eurospeak kann Ihnen sowohl Trainer mit detaillierten Kenntnissen in der&#8230;<\/p>\n","protected":false},"author":1,"featured_media":0,"parent":0,"menu_order":0,"comment_status":"closed","ping_status":"closed","template":"","meta":{"_bbp_topic_count":0,"_bbp_reply_count":0,"_bbp_total_topic_count":0,"_bbp_total_reply_count":0,"_bbp_voice_count":0,"_bbp_anonymous_reply_count":0,"_bbp_topic_count_hidden":0,"_bbp_reply_count_hidden":0,"_bbp_forum_subforum_count":0,"footnotes":""},"class_list":["post-16409","page","type-page","status-publish","hentry"],"yoast_head":"<!-- This site is optimized with the Yoast SEO plugin v24.3 - https:\/\/yoast.com\/wordpress\/plugins\/seo\/ -->\n<title>UNSERE KUNDEN - Eurospeak<\/title>\n<meta name=\"robots\" content=\"index, follow, max-snippet:-1, max-image-preview:large, max-video-preview:-1\" \/>\n<link rel=\"canonical\" href=\"https:\/\/www.eurospeak.de\/our-clients\/\" \/>\n<meta property=\"og:locale\" content=\"de_DE\" \/>\n<meta property=\"og:type\" content=\"article\" \/>\n<meta property=\"og:title\" content=\"UNSERE KUNDEN - Eurospeak\" \/>\n<meta property=\"og:description\" content=\"UNSERE KUNDEN Eurospeak verf\u00fcgt \u00fcber ein breites Kundenspektrum, f\u00fcr das hoch qualifiziertes Training sowohl f\u00fcr \u00f6ffentliche Einrichtungen als auch f\u00fcr Firmen jeder Gr\u00f6\u00dfe angeboten wird, wo auch immer Englisch auf der internationalen B\u00fchne ben\u00f6tigt wird. Eurospeak kann Ihnen sowohl Trainer mit detaillierten Kenntnissen in der...\" \/>\n<meta property=\"og:url\" content=\"https:\/\/www.eurospeak.de\/our-clients\/\" \/>\n<meta property=\"og:site_name\" content=\"Eurospeak\" \/>\n<meta property=\"article:modified_time\" content=\"2017-04-02T12:33:43+00:00\" \/>\n<meta property=\"og:image\" content=\"https:\/\/www.eurospeak.de\/wp-content\/uploads\/2017\/02\/bild_1_3.jpg\" \/>\n\t<meta property=\"og:image:width\" content=\"302\" \/>\n\t<meta property=\"og:image:height\" content=\"282\" \/>\n\t<meta property=\"og:image:type\" content=\"image\/jpeg\" \/>\n<meta name=\"twitter:card\" content=\"summary_large_image\" \/>\n<meta name=\"twitter:label1\" content=\"Gesch\u00e4tzte Lesezeit\" \/>\n\t<meta name=\"twitter:data1\" content=\"1\u00a0Minute\" \/>\n<script type=\"application\/ld+json\" class=\"yoast-schema-graph\">{\"@context\":\"https:\/\/schema.org\",\"@graph\":[{\"@type\":\"WebPage\",\"@id\":\"https:\/\/www.eurospeak.de\/our-clients\/\",\"url\":\"https:\/\/www.eurospeak.de\/our-clients\/\",\"name\":\"UNSERE KUNDEN - Eurospeak\",\"isPartOf\":{\"@id\":\"https:\/\/www.eurospeak.de\/#website\"},\"primaryImageOfPage\":{\"@id\":\"https:\/\/www.eurospeak.de\/our-clients\/#primaryimage\"},\"image\":{\"@id\":\"https:\/\/www.eurospeak.de\/our-clients\/#primaryimage\"},\"thumbnailUrl\":\"http:\/\/joebenslimane.com\/eurospeak\/wp-content\/uploads\/2017\/02\/bild_1_3-300x280.jpg\",\"datePublished\":\"2017-02-26T13:06:47+00:00\",\"dateModified\":\"2017-04-02T12:33:43+00:00\",\"breadcrumb\":{\"@id\":\"https:\/\/www.eurospeak.de\/our-clients\/#breadcrumb\"},\"inLanguage\":\"de\",\"potentialAction\":[{\"@type\":\"ReadAction\",\"target\":[\"https:\/\/www.eurospeak.de\/our-clients\/\"]}]},{\"@type\":\"ImageObject\",\"inLanguage\":\"de\",\"@id\":\"https:\/\/www.eurospeak.de\/our-clients\/#primaryimage\",\"url\":\"http:\/\/joebenslimane.com\/eurospeak\/wp-content\/uploads\/2017\/02\/bild_1_3-300x280.jpg\",\"contentUrl\":\"http:\/\/joebenslimane.com\/eurospeak\/wp-content\/uploads\/2017\/02\/bild_1_3-300x280.jpg\"},{\"@type\":\"BreadcrumbList\",\"@id\":\"https:\/\/www.eurospeak.de\/our-clients\/#breadcrumb\",\"itemListElement\":[{\"@type\":\"ListItem\",\"position\":1,\"name\":\"Home\",\"item\":\"https:\/\/www.eurospeak.de\/\"},{\"@type\":\"ListItem\",\"position\":2,\"name\":\"OUR CLIENTS\"}]},{\"@type\":\"WebSite\",\"@id\":\"https:\/\/www.eurospeak.de\/#website\",\"url\":\"https:\/\/www.eurospeak.de\/\",\"name\":\"Eurospeak\",\"description\":\"Firmenschulungen - Wirtschaftsenglisch - Sprachtraining\",\"potentialAction\":[{\"@type\":\"SearchAction\",\"target\":{\"@type\":\"EntryPoint\",\"urlTemplate\":\"https:\/\/www.eurospeak.de\/?s={search_term_string}\"},\"query-input\":{\"@type\":\"PropertyValueSpecification\",\"valueRequired\":true,\"valueName\":\"search_term_string\"}}],\"inLanguage\":\"de\"}]}<\/script>\n<!-- \/ Yoast SEO plugin. -->","yoast_head_json":{"title":"UNSERE KUNDEN - Eurospeak","robots":{"index":"index","follow":"follow","max-snippet":"max-snippet:-1","max-image-preview":"max-image-preview:large","max-video-preview":"max-video-preview:-1"},"canonical":"https:\/\/www.eurospeak.de\/our-clients\/","og_locale":"de_DE","og_type":"article","og_title":"UNSERE KUNDEN - Eurospeak","og_description":"UNSERE KUNDEN Eurospeak verf\u00fcgt \u00fcber ein breites Kundenspektrum, f\u00fcr das hoch qualifiziertes Training sowohl f\u00fcr \u00f6ffentliche Einrichtungen als auch f\u00fcr Firmen jeder Gr\u00f6\u00dfe angeboten wird, wo auch immer Englisch auf der internationalen B\u00fchne ben\u00f6tigt wird. Eurospeak kann Ihnen sowohl Trainer mit detaillierten Kenntnissen in der...","og_url":"https:\/\/www.eurospeak.de\/our-clients\/","og_site_name":"Eurospeak","article_modified_time":"2017-04-02T12:33:43+00:00","og_image":[{"width":302,"height":282,"url":"https:\/\/www.eurospeak.de\/wp-content\/uploads\/2017\/02\/bild_1_3.jpg","type":"image\/jpeg"}],"twitter_card":"summary_large_image","twitter_misc":{"Gesch\u00e4tzte Lesezeit":"1\u00a0Minute"},"schema":{"@context":"https:\/\/schema.org","@graph":[{"@type":"WebPage","@id":"https:\/\/www.eurospeak.de\/our-clients\/","url":"https:\/\/www.eurospeak.de\/our-clients\/","name":"UNSERE KUNDEN - Eurospeak","isPartOf":{"@id":"https:\/\/www.eurospeak.de\/#website"},"primaryImageOfPage":{"@id":"https:\/\/www.eurospeak.de\/our-clients\/#primaryimage"},"image":{"@id":"https:\/\/www.eurospeak.de\/our-clients\/#primaryimage"},"thumbnailUrl":"http:\/\/joebenslimane.com\/eurospeak\/wp-content\/uploads\/2017\/02\/bild_1_3-300x280.jpg","datePublished":"2017-02-26T13:06:47+00:00","dateModified":"2017-04-02T12:33:43+00:00","breadcrumb":{"@id":"https:\/\/www.eurospeak.de\/our-clients\/#breadcrumb"},"inLanguage":"de","potentialAction":[{"@type":"ReadAction","target":["https:\/\/www.eurospeak.de\/our-clients\/"]}]},{"@type":"ImageObject","inLanguage":"de","@id":"https:\/\/www.eurospeak.de\/our-clients\/#primaryimage","url":"http:\/\/joebenslimane.com\/eurospeak\/wp-content\/uploads\/2017\/02\/bild_1_3-300x280.jpg","contentUrl":"http:\/\/joebenslimane.com\/eurospeak\/wp-content\/uploads\/2017\/02\/bild_1_3-300x280.jpg"},{"@type":"BreadcrumbList","@id":"https:\/\/www.eurospeak.de\/our-clients\/#breadcrumb","itemListElement":[{"@type":"ListItem","position":1,"name":"Home","item":"https:\/\/www.eurospeak.de\/"},{"@type":"ListItem","position":2,"name":"OUR CLIENTS"}]},{"@type":"WebSite","@id":"https:\/\/www.eurospeak.de\/#website","url":"https:\/\/www.eurospeak.de\/","name":"Eurospeak","description":"Firmenschulungen - Wirtschaftsenglisch - Sprachtraining","potentialAction":[{"@type":"SearchAction","target":{"@type":"EntryPoint","urlTemplate":"https:\/\/www.eurospeak.de\/?s={search_term_string}"},"query-input":{"@type":"PropertyValueSpecification","valueRequired":true,"valueName":"search_term_string"}}],"inLanguage":"de"}]}},"_links":{"self":[{"href":"https:\/\/www.eurospeak.de\/de\/wp-json\/wp\/v2\/pages\/16409","targetHints":{"allow":["GET"]}}],"collection":[{"href":"https:\/\/www.eurospeak.de\/de\/wp-json\/wp\/v2\/pages"}],"about":[{"href":"https:\/\/www.eurospeak.de\/de\/wp-json\/wp\/v2\/types\/page"}],"author":[{"embeddable":true,"href":"https:\/\/www.eurospeak.de\/de\/wp-json\/wp\/v2\/users\/1"}],"replies":[{"embeddable":true,"href":"https:\/\/www.eurospeak.de\/de\/wp-json\/wp\/v2\/comments?post=16409"}],"version-history":[{"count":6,"href":"https:\/\/www.eurospeak.de\/de\/wp-json\/wp\/v2\/pages\/16409\/revisions"}],"predecessor-version":[{"id":16567,"href":"https:\/\/www.eurospeak.de\/de\/wp-json\/wp\/v2\/pages\/16409\/revisions\/16567"}],"wp:attachment":[{"href":"https:\/\/www.eurospeak.de\/de\/wp-json\/wp\/v2\/media?parent=16409"}],"curies":[{"name":"wp","href":"https:\/\/api.w.org\/{rel}","templated":true}]}}