{"id":16415,"date":"2017-02-26T13:20:55","date_gmt":"2017-02-26T13:20:55","guid":{"rendered":"http:\/\/eurospeak.de\/?page_id=16415"},"modified":"2017-06-06T19:49:47","modified_gmt":"2017-06-06T19:49:47","slug":"case-studies","status":"publish","type":"page","link":"https:\/\/www.eurospeak.de\/de\/case-studies\/","title":{"rendered":"Fallstudien"},"content":{"rendered":"<h2><img loading=\"lazy\" decoding=\"async\" class=\"size-medium wp-image-16416 alignleft\" src=\"http:\/\/joebenslimane.com\/eurospeak\/wp-content\/uploads\/2017\/02\/bild_1_4-300x280.jpg\" alt=\"\" width=\"300\" height=\"280\" srcset=\"https:\/\/www.eurospeak.de\/wp-content\/uploads\/2017\/02\/bild_1_4-300x280.jpg 300w, https:\/\/www.eurospeak.de\/wp-content\/uploads\/2017\/02\/bild_1_4.jpg 302w\" sizes=\"auto, (max-width: 300px) 100vw, 300px\" \/><strong>FALLSTUDIEN<\/strong><\/h2>\n<p>Um die Bandbreite von Eurospeak&#8217;s Services zu illustrieren, zeigen Ihnen die folgenden PDF Dokumente detailliert die L\u00f6sungen auf, die wir gegenw\u00e4rtig bei zwei von unseren Kunden (einer internationalen \u00d6lgesellschaft und einer gro\u00dfen Werbeagentur), die diverse, spezifische Anforderungen an uns stellten, erfolgreich erarbeitet hatten.<\/p>\n<p>&nbsp;<\/p>\n<p>Unsere L\u00f6sungen sind flexibel und werden durch eine zus\u00e4tzliche detaillierte Bedarfsanalyse die richtige Kombination f\u00fcr Ihr Unternehmen aufzeigen.<\/p>\n<p>&nbsp;<\/p>\n<p>&nbsp;<\/p>\n<p>&nbsp;<\/p>\n<p>&nbsp;<\/p>\n<p><a href=\"http:\/\/www.eurospeak.de\/cross.pdf\"><span data-type=\"normal\"  class=\"qode_icon_shortcode  q_font_awsome_icon   \" style=\" \"><a  itemprop=\"url\" href=\"http:\/\/www.eurospeak.de\/case_1.pdf\" target=\"_self\"><i class=\"qode_icon_font_awesome fa fa-download qode_icon_element\" style=\"\" ><\/i><\/a><\/span>\u00a0\u00a0<\/a><a href=\"http:\/\/www.eurospeak.de\/case_1.pdf\" target=\"_blank\" rel=\"noopener noreferrer\">Fallstudie<\/a>1<\/p>\n<p><a href=\"http:\/\/www.eurospeak.de\/cross.pdf\"><span data-type=\"normal\"  class=\"qode_icon_shortcode  q_font_awsome_icon   \" style=\" \"><a  itemprop=\"url\" href=\"http:\/\/www.eurospeak.de\/case_2.pdf\" target=\"_self\"><i class=\"qode_icon_font_awesome fa fa-download qode_icon_element\" style=\"\" ><\/i><\/a><\/span>\u00a0\u00a0<\/a><a href=\"http:\/\/www.eurospeak.de\/case_2.pdf\" target=\"_blank\" rel=\"noopener noreferrer\">Fallstudie<\/a>\u00a02<\/p>\n","protected":false},"excerpt":{"rendered":"<p>FALLSTUDIEN Um die Bandbreite von Eurospeak&#8217;s Services zu illustrieren, zeigen Ihnen die folgenden PDF Dokumente detailliert die L\u00f6sungen auf, die wir gegenw\u00e4rtig bei zwei von unseren Kunden (einer internationalen \u00d6lgesellschaft und einer gro\u00dfen Werbeagentur), die diverse, spezifische Anforderungen an uns stellten, erfolgreich erarbeitet hatten. &nbsp;&#8230;<\/p>\n","protected":false},"author":1,"featured_media":0,"parent":0,"menu_order":0,"comment_status":"closed","ping_status":"closed","template":"","meta":{"_bbp_topic_count":0,"_bbp_reply_count":0,"_bbp_total_topic_count":0,"_bbp_total_reply_count":0,"_bbp_voice_count":0,"_bbp_anonymous_reply_count":0,"_bbp_topic_count_hidden":0,"_bbp_reply_count_hidden":0,"_bbp_forum_subforum_count":0,"footnotes":""},"class_list":["post-16415","page","type-page","status-publish","hentry"],"yoast_head":"<!-- This site is optimized with the Yoast SEO plugin v24.3 - https:\/\/yoast.com\/wordpress\/plugins\/seo\/ -->\n<title>Fallstudien - Eurospeak<\/title>\n<meta name=\"robots\" content=\"index, follow, max-snippet:-1, max-image-preview:large, max-video-preview:-1\" \/>\n<link rel=\"canonical\" href=\"https:\/\/www.eurospeak.de\/case-studies\/\" \/>\n<meta property=\"og:locale\" content=\"de_DE\" \/>\n<meta property=\"og:type\" content=\"article\" \/>\n<meta property=\"og:title\" content=\"Fallstudien - Eurospeak\" \/>\n<meta property=\"og:description\" content=\"FALLSTUDIEN Um die Bandbreite von Eurospeak&#8217;s Services zu illustrieren, zeigen Ihnen die folgenden PDF Dokumente detailliert die L\u00f6sungen auf, die wir gegenw\u00e4rtig bei zwei von unseren Kunden (einer internationalen \u00d6lgesellschaft und einer gro\u00dfen Werbeagentur), die diverse, spezifische Anforderungen an uns stellten, erfolgreich erarbeitet hatten. &nbsp;...\" \/>\n<meta property=\"og:url\" content=\"https:\/\/www.eurospeak.de\/case-studies\/\" \/>\n<meta property=\"og:site_name\" content=\"Eurospeak\" \/>\n<meta property=\"article:modified_time\" content=\"2017-06-06T19:49:47+00:00\" \/>\n<meta property=\"og:image\" content=\"https:\/\/www.eurospeak.de\/wp-content\/uploads\/2017\/02\/bild_1_4.jpg\" \/>\n\t<meta property=\"og:image:width\" content=\"302\" \/>\n\t<meta property=\"og:image:height\" content=\"282\" \/>\n\t<meta property=\"og:image:type\" content=\"image\/jpeg\" \/>\n<meta name=\"twitter:card\" content=\"summary_large_image\" \/>\n<meta name=\"twitter:label1\" content=\"Gesch\u00e4tzte Lesezeit\" \/>\n\t<meta name=\"twitter:data1\" content=\"1\u00a0Minute\" \/>\n<script type=\"application\/ld+json\" class=\"yoast-schema-graph\">{\"@context\":\"https:\/\/schema.org\",\"@graph\":[{\"@type\":\"WebPage\",\"@id\":\"https:\/\/www.eurospeak.de\/case-studies\/\",\"url\":\"https:\/\/www.eurospeak.de\/case-studies\/\",\"name\":\"Fallstudien - Eurospeak\",\"isPartOf\":{\"@id\":\"https:\/\/www.eurospeak.de\/#website\"},\"primaryImageOfPage\":{\"@id\":\"https:\/\/www.eurospeak.de\/case-studies\/#primaryimage\"},\"image\":{\"@id\":\"https:\/\/www.eurospeak.de\/case-studies\/#primaryimage\"},\"thumbnailUrl\":\"http:\/\/joebenslimane.com\/eurospeak\/wp-content\/uploads\/2017\/02\/bild_1_4-300x280.jpg\",\"datePublished\":\"2017-02-26T13:20:55+00:00\",\"dateModified\":\"2017-06-06T19:49:47+00:00\",\"breadcrumb\":{\"@id\":\"https:\/\/www.eurospeak.de\/case-studies\/#breadcrumb\"},\"inLanguage\":\"de\",\"potentialAction\":[{\"@type\":\"ReadAction\",\"target\":[\"https:\/\/www.eurospeak.de\/case-studies\/\"]}]},{\"@type\":\"ImageObject\",\"inLanguage\":\"de\",\"@id\":\"https:\/\/www.eurospeak.de\/case-studies\/#primaryimage\",\"url\":\"http:\/\/joebenslimane.com\/eurospeak\/wp-content\/uploads\/2017\/02\/bild_1_4-300x280.jpg\",\"contentUrl\":\"http:\/\/joebenslimane.com\/eurospeak\/wp-content\/uploads\/2017\/02\/bild_1_4-300x280.jpg\"},{\"@type\":\"BreadcrumbList\",\"@id\":\"https:\/\/www.eurospeak.de\/case-studies\/#breadcrumb\",\"itemListElement\":[{\"@type\":\"ListItem\",\"position\":1,\"name\":\"Home\",\"item\":\"https:\/\/www.eurospeak.de\/\"},{\"@type\":\"ListItem\",\"position\":2,\"name\":\"CASE STUDIES\"}]},{\"@type\":\"WebSite\",\"@id\":\"https:\/\/www.eurospeak.de\/#website\",\"url\":\"https:\/\/www.eurospeak.de\/\",\"name\":\"Eurospeak\",\"description\":\"Firmenschulungen - Wirtschaftsenglisch - Sprachtraining\",\"potentialAction\":[{\"@type\":\"SearchAction\",\"target\":{\"@type\":\"EntryPoint\",\"urlTemplate\":\"https:\/\/www.eurospeak.de\/?s={search_term_string}\"},\"query-input\":{\"@type\":\"PropertyValueSpecification\",\"valueRequired\":true,\"valueName\":\"search_term_string\"}}],\"inLanguage\":\"de\"}]}<\/script>\n<!-- \/ Yoast SEO plugin. -->","yoast_head_json":{"title":"Fallstudien - Eurospeak","robots":{"index":"index","follow":"follow","max-snippet":"max-snippet:-1","max-image-preview":"max-image-preview:large","max-video-preview":"max-video-preview:-1"},"canonical":"https:\/\/www.eurospeak.de\/case-studies\/","og_locale":"de_DE","og_type":"article","og_title":"Fallstudien - Eurospeak","og_description":"FALLSTUDIEN Um die Bandbreite von Eurospeak&#8217;s Services zu illustrieren, zeigen Ihnen die folgenden PDF Dokumente detailliert die L\u00f6sungen auf, die wir gegenw\u00e4rtig bei zwei von unseren Kunden (einer internationalen \u00d6lgesellschaft und einer gro\u00dfen Werbeagentur), die diverse, spezifische Anforderungen an uns stellten, erfolgreich erarbeitet hatten. &nbsp;...","og_url":"https:\/\/www.eurospeak.de\/case-studies\/","og_site_name":"Eurospeak","article_modified_time":"2017-06-06T19:49:47+00:00","og_image":[{"width":302,"height":282,"url":"https:\/\/www.eurospeak.de\/wp-content\/uploads\/2017\/02\/bild_1_4.jpg","type":"image\/jpeg"}],"twitter_card":"summary_large_image","twitter_misc":{"Gesch\u00e4tzte Lesezeit":"1\u00a0Minute"},"schema":{"@context":"https:\/\/schema.org","@graph":[{"@type":"WebPage","@id":"https:\/\/www.eurospeak.de\/case-studies\/","url":"https:\/\/www.eurospeak.de\/case-studies\/","name":"Fallstudien - Eurospeak","isPartOf":{"@id":"https:\/\/www.eurospeak.de\/#website"},"primaryImageOfPage":{"@id":"https:\/\/www.eurospeak.de\/case-studies\/#primaryimage"},"image":{"@id":"https:\/\/www.eurospeak.de\/case-studies\/#primaryimage"},"thumbnailUrl":"http:\/\/joebenslimane.com\/eurospeak\/wp-content\/uploads\/2017\/02\/bild_1_4-300x280.jpg","datePublished":"2017-02-26T13:20:55+00:00","dateModified":"2017-06-06T19:49:47+00:00","breadcrumb":{"@id":"https:\/\/www.eurospeak.de\/case-studies\/#breadcrumb"},"inLanguage":"de","potentialAction":[{"@type":"ReadAction","target":["https:\/\/www.eurospeak.de\/case-studies\/"]}]},{"@type":"ImageObject","inLanguage":"de","@id":"https:\/\/www.eurospeak.de\/case-studies\/#primaryimage","url":"http:\/\/joebenslimane.com\/eurospeak\/wp-content\/uploads\/2017\/02\/bild_1_4-300x280.jpg","contentUrl":"http:\/\/joebenslimane.com\/eurospeak\/wp-content\/uploads\/2017\/02\/bild_1_4-300x280.jpg"},{"@type":"BreadcrumbList","@id":"https:\/\/www.eurospeak.de\/case-studies\/#breadcrumb","itemListElement":[{"@type":"ListItem","position":1,"name":"Home","item":"https:\/\/www.eurospeak.de\/"},{"@type":"ListItem","position":2,"name":"CASE STUDIES"}]},{"@type":"WebSite","@id":"https:\/\/www.eurospeak.de\/#website","url":"https:\/\/www.eurospeak.de\/","name":"Eurospeak","description":"Firmenschulungen - Wirtschaftsenglisch - Sprachtraining","potentialAction":[{"@type":"SearchAction","target":{"@type":"EntryPoint","urlTemplate":"https:\/\/www.eurospeak.de\/?s={search_term_string}"},"query-input":{"@type":"PropertyValueSpecification","valueRequired":true,"valueName":"search_term_string"}}],"inLanguage":"de"}]}},"_links":{"self":[{"href":"https:\/\/www.eurospeak.de\/de\/wp-json\/wp\/v2\/pages\/16415","targetHints":{"allow":["GET"]}}],"collection":[{"href":"https:\/\/www.eurospeak.de\/de\/wp-json\/wp\/v2\/pages"}],"about":[{"href":"https:\/\/www.eurospeak.de\/de\/wp-json\/wp\/v2\/types\/page"}],"author":[{"embeddable":true,"href":"https:\/\/www.eurospeak.de\/de\/wp-json\/wp\/v2\/users\/1"}],"replies":[{"embeddable":true,"href":"https:\/\/www.eurospeak.de\/de\/wp-json\/wp\/v2\/comments?post=16415"}],"version-history":[{"count":14,"href":"https:\/\/www.eurospeak.de\/de\/wp-json\/wp\/v2\/pages\/16415\/revisions"}],"predecessor-version":[{"id":16699,"href":"https:\/\/www.eurospeak.de\/de\/wp-json\/wp\/v2\/pages\/16415\/revisions\/16699"}],"wp:attachment":[{"href":"https:\/\/www.eurospeak.de\/de\/wp-json\/wp\/v2\/media?parent=16415"}],"curies":[{"name":"wp","href":"https:\/\/api.w.org\/{rel}","templated":true}]}}