{"id":16420,"date":"2017-02-26T13:23:28","date_gmt":"2017-02-26T13:23:28","guid":{"rendered":"http:\/\/eurospeak.de\/?page_id=16420"},"modified":"2017-03-19T13:50:43","modified_gmt":"2017-03-19T13:50:43","slug":"charles-reid-dick","status":"publish","type":"page","link":"https:\/\/www.eurospeak.de\/de\/charles-reid-dick\/","title":{"rendered":"CHARLES REID DICK"},"content":{"rendered":"<h2><img loading=\"lazy\" decoding=\"async\" class=\"size-medium wp-image-16421 alignleft\" src=\"http:\/\/joebenslimane.com\/eurospeak\/wp-content\/uploads\/2017\/02\/bild_1_5-300x280.jpg\" alt=\"\" width=\"300\" height=\"280\" srcset=\"https:\/\/www.eurospeak.de\/wp-content\/uploads\/2017\/02\/bild_1_5-300x280.jpg 300w, https:\/\/www.eurospeak.de\/wp-content\/uploads\/2017\/02\/bild_1_5.jpg 302w\" sizes=\"auto, (max-width: 300px) 100vw, 300px\" \/>Charles Reid Dick<\/h2>\n<p>Charles Reid Dick, geboren in London, studierte am Winchester College und an der Cambridge University, wo er sein Studium mit dem &#8222;Master of Arts Degree&#8220; in Englisch abschloss.<\/p>\n<p>&nbsp;<\/p>\n<p>Seine Karriere als Trainer begann er mit einer Stelle in Brasilien, f\u00fcr die er f\u00fcr zwei Jahre vom British Council eingestellt worden war. Sp\u00e4ter zog er nach Deutschland, wo er anfing, sich auf Wirtschaftsenglisch-Training zu spezialisieren, haupts\u00e4chlich in Form von Seminaren f\u00fcr gro\u00dfe Firmen.<\/p>\n<p>&nbsp;<\/p>\n<p>Nach \u00fcber 20 Jahren Berufserfahrung im Bereich des Firmentrainings gr\u00fcndete er 1993 Eurospeak mit dem Ziel, eine Kombination von Sprach-, Kommunikations- und interkulturellem Service f\u00fcr Beh\u00f6rden und Unternehmen mit internationalen Verbindungen zu bieten.<\/p>\n","protected":false},"excerpt":{"rendered":"<p>Charles Reid Dick Charles Reid Dick, geboren in London, studierte am Winchester College und an der Cambridge University, wo er sein Studium mit dem &#8222;Master of Arts Degree&#8220; in Englisch abschloss. &nbsp; Seine Karriere als Trainer begann er mit einer Stelle in Brasilien, f\u00fcr die&#8230;<\/p>\n","protected":false},"author":1,"featured_media":0,"parent":0,"menu_order":0,"comment_status":"closed","ping_status":"closed","template":"","meta":{"_bbp_topic_count":0,"_bbp_reply_count":0,"_bbp_total_topic_count":0,"_bbp_total_reply_count":0,"_bbp_voice_count":0,"_bbp_anonymous_reply_count":0,"_bbp_topic_count_hidden":0,"_bbp_reply_count_hidden":0,"_bbp_forum_subforum_count":0,"footnotes":""},"class_list":["post-16420","page","type-page","status-publish","hentry"],"yoast_head":"<!-- This site is optimized with the Yoast SEO plugin v24.3 - https:\/\/yoast.com\/wordpress\/plugins\/seo\/ -->\n<title>CHARLES REID DICK - Eurospeak<\/title>\n<meta name=\"robots\" content=\"index, follow, max-snippet:-1, max-image-preview:large, max-video-preview:-1\" \/>\n<link rel=\"canonical\" href=\"https:\/\/www.eurospeak.de\/charles-reid-dick\/\" \/>\n<meta property=\"og:locale\" content=\"de_DE\" \/>\n<meta property=\"og:type\" content=\"article\" \/>\n<meta property=\"og:title\" content=\"CHARLES REID DICK - Eurospeak\" \/>\n<meta property=\"og:description\" content=\"Charles Reid Dick Charles Reid Dick, geboren in London, studierte am Winchester College und an der Cambridge University, wo er sein Studium mit dem &#8222;Master of Arts Degree&#8220; in Englisch abschloss. &nbsp; Seine Karriere als Trainer begann er mit einer Stelle in Brasilien, f\u00fcr die...\" \/>\n<meta property=\"og:url\" content=\"https:\/\/www.eurospeak.de\/charles-reid-dick\/\" \/>\n<meta property=\"og:site_name\" content=\"Eurospeak\" \/>\n<meta property=\"article:modified_time\" content=\"2017-03-19T13:50:43+00:00\" \/>\n<meta property=\"og:image\" content=\"https:\/\/www.eurospeak.de\/wp-content\/uploads\/2017\/02\/bild_1_5.jpg\" \/>\n\t<meta property=\"og:image:width\" content=\"302\" \/>\n\t<meta property=\"og:image:height\" content=\"282\" \/>\n\t<meta property=\"og:image:type\" content=\"image\/jpeg\" \/>\n<meta name=\"twitter:card\" content=\"summary_large_image\" \/>\n<meta name=\"twitter:label1\" content=\"Gesch\u00e4tzte Lesezeit\" \/>\n\t<meta name=\"twitter:data1\" content=\"1\u00a0Minute\" \/>\n<script type=\"application\/ld+json\" class=\"yoast-schema-graph\">{\"@context\":\"https:\/\/schema.org\",\"@graph\":[{\"@type\":\"WebPage\",\"@id\":\"https:\/\/www.eurospeak.de\/charles-reid-dick\/\",\"url\":\"https:\/\/www.eurospeak.de\/charles-reid-dick\/\",\"name\":\"CHARLES REID DICK - Eurospeak\",\"isPartOf\":{\"@id\":\"https:\/\/www.eurospeak.de\/#website\"},\"primaryImageOfPage\":{\"@id\":\"https:\/\/www.eurospeak.de\/charles-reid-dick\/#primaryimage\"},\"image\":{\"@id\":\"https:\/\/www.eurospeak.de\/charles-reid-dick\/#primaryimage\"},\"thumbnailUrl\":\"http:\/\/joebenslimane.com\/eurospeak\/wp-content\/uploads\/2017\/02\/bild_1_5-300x280.jpg\",\"datePublished\":\"2017-02-26T13:23:28+00:00\",\"dateModified\":\"2017-03-19T13:50:43+00:00\",\"breadcrumb\":{\"@id\":\"https:\/\/www.eurospeak.de\/charles-reid-dick\/#breadcrumb\"},\"inLanguage\":\"de\",\"potentialAction\":[{\"@type\":\"ReadAction\",\"target\":[\"https:\/\/www.eurospeak.de\/charles-reid-dick\/\"]}]},{\"@type\":\"ImageObject\",\"inLanguage\":\"de\",\"@id\":\"https:\/\/www.eurospeak.de\/charles-reid-dick\/#primaryimage\",\"url\":\"http:\/\/joebenslimane.com\/eurospeak\/wp-content\/uploads\/2017\/02\/bild_1_5-300x280.jpg\",\"contentUrl\":\"http:\/\/joebenslimane.com\/eurospeak\/wp-content\/uploads\/2017\/02\/bild_1_5-300x280.jpg\"},{\"@type\":\"BreadcrumbList\",\"@id\":\"https:\/\/www.eurospeak.de\/charles-reid-dick\/#breadcrumb\",\"itemListElement\":[{\"@type\":\"ListItem\",\"position\":1,\"name\":\"Home\",\"item\":\"https:\/\/www.eurospeak.de\/\"},{\"@type\":\"ListItem\",\"position\":2,\"name\":\"CHARLES REID DICK\"}]},{\"@type\":\"WebSite\",\"@id\":\"https:\/\/www.eurospeak.de\/#website\",\"url\":\"https:\/\/www.eurospeak.de\/\",\"name\":\"Eurospeak\",\"description\":\"Firmenschulungen - Wirtschaftsenglisch - Sprachtraining\",\"potentialAction\":[{\"@type\":\"SearchAction\",\"target\":{\"@type\":\"EntryPoint\",\"urlTemplate\":\"https:\/\/www.eurospeak.de\/?s={search_term_string}\"},\"query-input\":{\"@type\":\"PropertyValueSpecification\",\"valueRequired\":true,\"valueName\":\"search_term_string\"}}],\"inLanguage\":\"de\"}]}<\/script>\n<!-- \/ Yoast SEO plugin. -->","yoast_head_json":{"title":"CHARLES REID DICK - Eurospeak","robots":{"index":"index","follow":"follow","max-snippet":"max-snippet:-1","max-image-preview":"max-image-preview:large","max-video-preview":"max-video-preview:-1"},"canonical":"https:\/\/www.eurospeak.de\/charles-reid-dick\/","og_locale":"de_DE","og_type":"article","og_title":"CHARLES REID DICK - Eurospeak","og_description":"Charles Reid Dick Charles Reid Dick, geboren in London, studierte am Winchester College und an der Cambridge University, wo er sein Studium mit dem &#8222;Master of Arts Degree&#8220; in Englisch abschloss. &nbsp; Seine Karriere als Trainer begann er mit einer Stelle in Brasilien, f\u00fcr die...","og_url":"https:\/\/www.eurospeak.de\/charles-reid-dick\/","og_site_name":"Eurospeak","article_modified_time":"2017-03-19T13:50:43+00:00","og_image":[{"width":302,"height":282,"url":"https:\/\/www.eurospeak.de\/wp-content\/uploads\/2017\/02\/bild_1_5.jpg","type":"image\/jpeg"}],"twitter_card":"summary_large_image","twitter_misc":{"Gesch\u00e4tzte Lesezeit":"1\u00a0Minute"},"schema":{"@context":"https:\/\/schema.org","@graph":[{"@type":"WebPage","@id":"https:\/\/www.eurospeak.de\/charles-reid-dick\/","url":"https:\/\/www.eurospeak.de\/charles-reid-dick\/","name":"CHARLES REID DICK - Eurospeak","isPartOf":{"@id":"https:\/\/www.eurospeak.de\/#website"},"primaryImageOfPage":{"@id":"https:\/\/www.eurospeak.de\/charles-reid-dick\/#primaryimage"},"image":{"@id":"https:\/\/www.eurospeak.de\/charles-reid-dick\/#primaryimage"},"thumbnailUrl":"http:\/\/joebenslimane.com\/eurospeak\/wp-content\/uploads\/2017\/02\/bild_1_5-300x280.jpg","datePublished":"2017-02-26T13:23:28+00:00","dateModified":"2017-03-19T13:50:43+00:00","breadcrumb":{"@id":"https:\/\/www.eurospeak.de\/charles-reid-dick\/#breadcrumb"},"inLanguage":"de","potentialAction":[{"@type":"ReadAction","target":["https:\/\/www.eurospeak.de\/charles-reid-dick\/"]}]},{"@type":"ImageObject","inLanguage":"de","@id":"https:\/\/www.eurospeak.de\/charles-reid-dick\/#primaryimage","url":"http:\/\/joebenslimane.com\/eurospeak\/wp-content\/uploads\/2017\/02\/bild_1_5-300x280.jpg","contentUrl":"http:\/\/joebenslimane.com\/eurospeak\/wp-content\/uploads\/2017\/02\/bild_1_5-300x280.jpg"},{"@type":"BreadcrumbList","@id":"https:\/\/www.eurospeak.de\/charles-reid-dick\/#breadcrumb","itemListElement":[{"@type":"ListItem","position":1,"name":"Home","item":"https:\/\/www.eurospeak.de\/"},{"@type":"ListItem","position":2,"name":"CHARLES REID DICK"}]},{"@type":"WebSite","@id":"https:\/\/www.eurospeak.de\/#website","url":"https:\/\/www.eurospeak.de\/","name":"Eurospeak","description":"Firmenschulungen - Wirtschaftsenglisch - Sprachtraining","potentialAction":[{"@type":"SearchAction","target":{"@type":"EntryPoint","urlTemplate":"https:\/\/www.eurospeak.de\/?s={search_term_string}"},"query-input":{"@type":"PropertyValueSpecification","valueRequired":true,"valueName":"search_term_string"}}],"inLanguage":"de"}]}},"_links":{"self":[{"href":"https:\/\/www.eurospeak.de\/de\/wp-json\/wp\/v2\/pages\/16420","targetHints":{"allow":["GET"]}}],"collection":[{"href":"https:\/\/www.eurospeak.de\/de\/wp-json\/wp\/v2\/pages"}],"about":[{"href":"https:\/\/www.eurospeak.de\/de\/wp-json\/wp\/v2\/types\/page"}],"author":[{"embeddable":true,"href":"https:\/\/www.eurospeak.de\/de\/wp-json\/wp\/v2\/users\/1"}],"replies":[{"embeddable":true,"href":"https:\/\/www.eurospeak.de\/de\/wp-json\/wp\/v2\/comments?post=16420"}],"version-history":[{"count":2,"href":"https:\/\/www.eurospeak.de\/de\/wp-json\/wp\/v2\/pages\/16420\/revisions"}],"predecessor-version":[{"id":16518,"href":"https:\/\/www.eurospeak.de\/de\/wp-json\/wp\/v2\/pages\/16420\/revisions\/16518"}],"wp:attachment":[{"href":"https:\/\/www.eurospeak.de\/de\/wp-json\/wp\/v2\/media?parent=16420"}],"curies":[{"name":"wp","href":"https:\/\/api.w.org\/{rel}","templated":true}]}}