{"id":16423,"date":"2017-02-26T13:25:24","date_gmt":"2017-02-26T13:25:24","guid":{"rendered":"http:\/\/eurospeak.de\/?page_id=16423"},"modified":"2017-05-10T10:57:31","modified_gmt":"2017-05-10T10:57:31","slug":"training-team","status":"publish","type":"page","link":"https:\/\/www.eurospeak.de\/de\/training-team\/","title":{"rendered":"DAS TEAM"},"content":{"rendered":"<p><img loading=\"lazy\" decoding=\"async\" class=\"size-medium wp-image-16424 alignleft\" src=\"http:\/\/joebenslimane.com\/eurospeak\/wp-content\/uploads\/2017\/02\/bild_1_6-300x280.jpg\" alt=\"\" width=\"300\" height=\"280\" srcset=\"https:\/\/www.eurospeak.de\/wp-content\/uploads\/2017\/02\/bild_1_6-300x280.jpg 300w, https:\/\/www.eurospeak.de\/wp-content\/uploads\/2017\/02\/bild_1_6.jpg 302w\" sizes=\"auto, (max-width: 300px) 100vw, 300px\" \/><\/p>\n<div class=\"right-container\">\n<h2><span id=\"titel1\">DAS<\/span><span id=\"titel2\"> TEAM<\/span><\/h2>\n<p>Die Trainer von Eurospeak sind nach zwei grundlegenden Kriterien speziell ausgesucht: Relevante Qualifikationen und kommunikative Kompetenz.<\/p>\n<p>&nbsp;<\/p>\n<p>Unser Training in kleinen Gruppen mit nicht mehr als 8 Teilnehmern ist kommunikativ und interaktiv, wobei der Schwerpunkt auf der praktischen Anwendung der Sprache und der Fertigkeiten liegt und nicht so sehr auf der Vermittlung der Theorie. Unsere Erfahrung zeigt, dass motiviertes Lernen am besten dadurch erreicht wird, dass Hemmungen abgebaut werden in einem Unterrichtsszenario, welches harte Arbeit mit Humor und einer entspannten Atmosph\u00e4re verbindet. Erfolg ist ein zweigleisiger Prozess, und wir ermutigen unsere Teilnehmer in unserem Training, die Bem\u00fchungen des Trainers durch eigene Motivation und eigenen Input zu erg\u00e4nzen. Es ist wichtig, Kontinuit\u00e4t zu gew\u00e4hrleisten, nachdem diese Atmosph\u00e4re geschaffen wurde. Folglich findet so selten wie m\u00f6glich ein Wechsel des Trainingsteams statt.<\/p>\n<p>&nbsp;<\/p>\n<p>&nbsp;<\/p>\n<p>Ein Eurospeak Trainer zeichnet sich durch die folgenden Eigenschaften aus:<\/p>\n<p>&nbsp;<\/p>\n<ul>\n<li>Muttersprachler mit kulturellen Kenntnissen \u00fcber das eigene Heimatland<\/li>\n<li>TEFL qualifiziert mit einem Universit\u00e4tsabschluss<\/li>\n<li>Erfahrung in der Erwachsenenbildung<\/li>\n<li>Kenntnisse in dem relevanten Bereich<\/li>\n<li>Kreativ und flexibel<\/li>\n<li>Die F\u00e4higkeit, zu motivieren<\/li>\n<\/ul>\n<p>&nbsp;<\/p>\n<p>Um diese hohen Standards aufrechtzuerhalten, erhalten unsere Lehrer kontinuierlich Lehrerfortbildungen.<\/p><\/div>\n","protected":false},"excerpt":{"rendered":"<p>DAS TEAM Die Trainer von Eurospeak sind nach zwei grundlegenden Kriterien speziell ausgesucht: Relevante Qualifikationen und kommunikative Kompetenz. &nbsp; Unser Training in kleinen Gruppen mit nicht mehr als 8 Teilnehmern ist kommunikativ und interaktiv, wobei der Schwerpunkt auf der praktischen Anwendung der Sprache und der&#8230;<\/p>\n","protected":false},"author":1,"featured_media":0,"parent":0,"menu_order":0,"comment_status":"closed","ping_status":"closed","template":"","meta":{"_bbp_topic_count":0,"_bbp_reply_count":0,"_bbp_total_topic_count":0,"_bbp_total_reply_count":0,"_bbp_voice_count":0,"_bbp_anonymous_reply_count":0,"_bbp_topic_count_hidden":0,"_bbp_reply_count_hidden":0,"_bbp_forum_subforum_count":0,"footnotes":""},"class_list":["post-16423","page","type-page","status-publish","hentry"],"yoast_head":"<!-- This site is optimized with the Yoast SEO plugin v24.3 - https:\/\/yoast.com\/wordpress\/plugins\/seo\/ -->\n<title>DAS TEAM - Eurospeak<\/title>\n<meta name=\"robots\" content=\"index, follow, max-snippet:-1, max-image-preview:large, max-video-preview:-1\" \/>\n<link rel=\"canonical\" href=\"https:\/\/www.eurospeak.de\/training-team\/\" \/>\n<meta property=\"og:locale\" content=\"de_DE\" \/>\n<meta property=\"og:type\" content=\"article\" \/>\n<meta property=\"og:title\" content=\"DAS TEAM - Eurospeak\" \/>\n<meta property=\"og:description\" content=\"DAS TEAM Die Trainer von Eurospeak sind nach zwei grundlegenden Kriterien speziell ausgesucht: Relevante Qualifikationen und kommunikative Kompetenz. &nbsp; Unser Training in kleinen Gruppen mit nicht mehr als 8 Teilnehmern ist kommunikativ und interaktiv, wobei der Schwerpunkt auf der praktischen Anwendung der Sprache und der...\" \/>\n<meta property=\"og:url\" content=\"https:\/\/www.eurospeak.de\/training-team\/\" \/>\n<meta property=\"og:site_name\" content=\"Eurospeak\" \/>\n<meta property=\"article:modified_time\" content=\"2017-05-10T10:57:31+00:00\" \/>\n<meta property=\"og:image\" content=\"https:\/\/www.eurospeak.de\/wp-content\/uploads\/2017\/02\/bild_1_6.jpg\" \/>\n\t<meta property=\"og:image:width\" content=\"302\" \/>\n\t<meta property=\"og:image:height\" content=\"282\" \/>\n\t<meta property=\"og:image:type\" content=\"image\/jpeg\" \/>\n<meta name=\"twitter:card\" content=\"summary_large_image\" \/>\n<meta name=\"twitter:label1\" content=\"Gesch\u00e4tzte Lesezeit\" \/>\n\t<meta name=\"twitter:data1\" content=\"1\u00a0Minute\" \/>\n<script type=\"application\/ld+json\" class=\"yoast-schema-graph\">{\"@context\":\"https:\/\/schema.org\",\"@graph\":[{\"@type\":\"WebPage\",\"@id\":\"https:\/\/www.eurospeak.de\/training-team\/\",\"url\":\"https:\/\/www.eurospeak.de\/training-team\/\",\"name\":\"DAS TEAM - Eurospeak\",\"isPartOf\":{\"@id\":\"https:\/\/www.eurospeak.de\/#website\"},\"primaryImageOfPage\":{\"@id\":\"https:\/\/www.eurospeak.de\/training-team\/#primaryimage\"},\"image\":{\"@id\":\"https:\/\/www.eurospeak.de\/training-team\/#primaryimage\"},\"thumbnailUrl\":\"http:\/\/joebenslimane.com\/eurospeak\/wp-content\/uploads\/2017\/02\/bild_1_6-300x280.jpg\",\"datePublished\":\"2017-02-26T13:25:24+00:00\",\"dateModified\":\"2017-05-10T10:57:31+00:00\",\"breadcrumb\":{\"@id\":\"https:\/\/www.eurospeak.de\/training-team\/#breadcrumb\"},\"inLanguage\":\"de\",\"potentialAction\":[{\"@type\":\"ReadAction\",\"target\":[\"https:\/\/www.eurospeak.de\/training-team\/\"]}]},{\"@type\":\"ImageObject\",\"inLanguage\":\"de\",\"@id\":\"https:\/\/www.eurospeak.de\/training-team\/#primaryimage\",\"url\":\"http:\/\/joebenslimane.com\/eurospeak\/wp-content\/uploads\/2017\/02\/bild_1_6-300x280.jpg\",\"contentUrl\":\"http:\/\/joebenslimane.com\/eurospeak\/wp-content\/uploads\/2017\/02\/bild_1_6-300x280.jpg\"},{\"@type\":\"BreadcrumbList\",\"@id\":\"https:\/\/www.eurospeak.de\/training-team\/#breadcrumb\",\"itemListElement\":[{\"@type\":\"ListItem\",\"position\":1,\"name\":\"Home\",\"item\":\"https:\/\/www.eurospeak.de\/\"},{\"@type\":\"ListItem\",\"position\":2,\"name\":\"TRAINING TEAM\"}]},{\"@type\":\"WebSite\",\"@id\":\"https:\/\/www.eurospeak.de\/#website\",\"url\":\"https:\/\/www.eurospeak.de\/\",\"name\":\"Eurospeak\",\"description\":\"Firmenschulungen - Wirtschaftsenglisch - Sprachtraining\",\"potentialAction\":[{\"@type\":\"SearchAction\",\"target\":{\"@type\":\"EntryPoint\",\"urlTemplate\":\"https:\/\/www.eurospeak.de\/?s={search_term_string}\"},\"query-input\":{\"@type\":\"PropertyValueSpecification\",\"valueRequired\":true,\"valueName\":\"search_term_string\"}}],\"inLanguage\":\"de\"}]}<\/script>\n<!-- \/ Yoast SEO plugin. -->","yoast_head_json":{"title":"DAS TEAM - Eurospeak","robots":{"index":"index","follow":"follow","max-snippet":"max-snippet:-1","max-image-preview":"max-image-preview:large","max-video-preview":"max-video-preview:-1"},"canonical":"https:\/\/www.eurospeak.de\/training-team\/","og_locale":"de_DE","og_type":"article","og_title":"DAS TEAM - Eurospeak","og_description":"DAS TEAM Die Trainer von Eurospeak sind nach zwei grundlegenden Kriterien speziell ausgesucht: Relevante Qualifikationen und kommunikative Kompetenz. &nbsp; Unser Training in kleinen Gruppen mit nicht mehr als 8 Teilnehmern ist kommunikativ und interaktiv, wobei der Schwerpunkt auf der praktischen Anwendung der Sprache und der...","og_url":"https:\/\/www.eurospeak.de\/training-team\/","og_site_name":"Eurospeak","article_modified_time":"2017-05-10T10:57:31+00:00","og_image":[{"width":302,"height":282,"url":"https:\/\/www.eurospeak.de\/wp-content\/uploads\/2017\/02\/bild_1_6.jpg","type":"image\/jpeg"}],"twitter_card":"summary_large_image","twitter_misc":{"Gesch\u00e4tzte Lesezeit":"1\u00a0Minute"},"schema":{"@context":"https:\/\/schema.org","@graph":[{"@type":"WebPage","@id":"https:\/\/www.eurospeak.de\/training-team\/","url":"https:\/\/www.eurospeak.de\/training-team\/","name":"DAS TEAM - Eurospeak","isPartOf":{"@id":"https:\/\/www.eurospeak.de\/#website"},"primaryImageOfPage":{"@id":"https:\/\/www.eurospeak.de\/training-team\/#primaryimage"},"image":{"@id":"https:\/\/www.eurospeak.de\/training-team\/#primaryimage"},"thumbnailUrl":"http:\/\/joebenslimane.com\/eurospeak\/wp-content\/uploads\/2017\/02\/bild_1_6-300x280.jpg","datePublished":"2017-02-26T13:25:24+00:00","dateModified":"2017-05-10T10:57:31+00:00","breadcrumb":{"@id":"https:\/\/www.eurospeak.de\/training-team\/#breadcrumb"},"inLanguage":"de","potentialAction":[{"@type":"ReadAction","target":["https:\/\/www.eurospeak.de\/training-team\/"]}]},{"@type":"ImageObject","inLanguage":"de","@id":"https:\/\/www.eurospeak.de\/training-team\/#primaryimage","url":"http:\/\/joebenslimane.com\/eurospeak\/wp-content\/uploads\/2017\/02\/bild_1_6-300x280.jpg","contentUrl":"http:\/\/joebenslimane.com\/eurospeak\/wp-content\/uploads\/2017\/02\/bild_1_6-300x280.jpg"},{"@type":"BreadcrumbList","@id":"https:\/\/www.eurospeak.de\/training-team\/#breadcrumb","itemListElement":[{"@type":"ListItem","position":1,"name":"Home","item":"https:\/\/www.eurospeak.de\/"},{"@type":"ListItem","position":2,"name":"TRAINING TEAM"}]},{"@type":"WebSite","@id":"https:\/\/www.eurospeak.de\/#website","url":"https:\/\/www.eurospeak.de\/","name":"Eurospeak","description":"Firmenschulungen - Wirtschaftsenglisch - Sprachtraining","potentialAction":[{"@type":"SearchAction","target":{"@type":"EntryPoint","urlTemplate":"https:\/\/www.eurospeak.de\/?s={search_term_string}"},"query-input":{"@type":"PropertyValueSpecification","valueRequired":true,"valueName":"search_term_string"}}],"inLanguage":"de"}]}},"_links":{"self":[{"href":"https:\/\/www.eurospeak.de\/de\/wp-json\/wp\/v2\/pages\/16423","targetHints":{"allow":["GET"]}}],"collection":[{"href":"https:\/\/www.eurospeak.de\/de\/wp-json\/wp\/v2\/pages"}],"about":[{"href":"https:\/\/www.eurospeak.de\/de\/wp-json\/wp\/v2\/types\/page"}],"author":[{"embeddable":true,"href":"https:\/\/www.eurospeak.de\/de\/wp-json\/wp\/v2\/users\/1"}],"replies":[{"embeddable":true,"href":"https:\/\/www.eurospeak.de\/de\/wp-json\/wp\/v2\/comments?post=16423"}],"version-history":[{"count":8,"href":"https:\/\/www.eurospeak.de\/de\/wp-json\/wp\/v2\/pages\/16423\/revisions"}],"predecessor-version":[{"id":16667,"href":"https:\/\/www.eurospeak.de\/de\/wp-json\/wp\/v2\/pages\/16423\/revisions\/16667"}],"wp:attachment":[{"href":"https:\/\/www.eurospeak.de\/de\/wp-json\/wp\/v2\/media?parent=16423"}],"curies":[{"name":"wp","href":"https:\/\/api.w.org\/{rel}","templated":true}]}}