{"id":16435,"date":"2017-02-26T13:37:44","date_gmt":"2017-02-26T13:37:44","guid":{"rendered":"http:\/\/eurospeak.de\/?page_id=16435"},"modified":"2017-05-11T14:11:08","modified_gmt":"2017-05-11T14:11:08","slug":"level-qualifications","status":"publish","type":"page","link":"https:\/\/www.eurospeak.de\/de\/level-qualifications\/","title":{"rendered":"CAMBRIDGE BUSINESS ENGLISH CERTIFICATES (BEC Pr\u00fcfungen)"},"content":{"rendered":"<p><img loading=\"lazy\" decoding=\"async\" class=\"size-medium wp-image-16436 alignleft\" src=\"http:\/\/joebenslimane.com\/eurospeak\/wp-content\/uploads\/2017\/02\/bild_2_2-300x280.jpg\" alt=\"\" width=\"300\" height=\"280\" srcset=\"https:\/\/www.eurospeak.de\/wp-content\/uploads\/2017\/02\/bild_2_2-300x280.jpg 300w, https:\/\/www.eurospeak.de\/wp-content\/uploads\/2017\/02\/bild_2_2.jpg 302w\" sizes=\"auto, (max-width: 300px) 100vw, 300px\" \/><\/p>\n<div class=\"right-container\">\n<h2>CAMBRIDGE BUSINESS ENGLISH CERTIFICATES (BEC Pr\u00fcfungen)<\/h2>\n<p>Als Grundlage f\u00fcr die sprachliche Leistungsbeurteilung dient Eurospeak der vom Europarat entworfene Gemeinsame Europ\u00e4ische Referenzrahmen f\u00fcr Moderne Sprachen (CEF). In diesem Referenzrahmen werden Wirtschaftsenglischkompetenzen entsprechend der folgenden Kriterien klassifiziert. Falls eine zus\u00e4tzliche offizielle Qualifikation verlangt wird, bietet Eurospeak eine Vorbereitung f\u00fcr die &#8222;Cambridge Business English Certificates (BEC)&#8220; an. F\u00fcr allgemeines Englisch bietet Eurospeak eine Vorbereitung auf die normalen &#8222;Cambridge Certificates&#8220; an.<\/p>\n<p>F\u00fcr unsere exzellente Leistung im Bereich Vorbereitung f\u00fcr die Cambridge BEC Pr\u00fcfungen wurde Eurospeak als offizielle &#8222;Supplier School&#8220; vom Cambridge Examination Centre in Hamburg ausgezeichnet.<\/p>\n<p id=\"text-normal\">Dazu schrieb das <a href=\"http:\/\/www.cambridge-hamburg.de\/cam\/index.php\">Cambridge Examination Centre Hamburg<\/a> auf seiner Homepage \u00fcber Eurospeak:<\/p>\n<p>&nbsp;<\/p>\n<blockquote><p>&#8222;&#8230; Eurospeak Hamburg hat sich insbesondere im Bereich der BEC-Pr\u00fcfungen profiliert und viele Kandidatinnen und Kandidaten erfolgreich auf diese drei Pr\u00fcfungen vorbereitet. Eurospeak wird hierf\u00fcr mit einem SUPPLIER SCHOOL CERTIFICATE ausgezeichnet. Herzlichen Gl\u00fcckwunsch! &#8220;<\/p>\n<p>&nbsp;<\/p><\/blockquote>\n<p id=\"text-normal\">Ein allgemeines Zertifikat, das Details \u00fcber die Stufe eines jeden Studenten in Bezug auf den Europ\u00e4ischen Referenzrahmen, CEF, enth\u00e4lt, kann nach Beendigung eines jeden Kurses von uns ausgestellt werden.<\/p>\n<table class=\"bordered\" border=\"1\" cellspacing=\"0\" cellpadding=\"3\">\n<tbody>\n<tr>\n<td colspan=\"2\">Common European Framework (Levels)<\/td>\n<td>BEC<\/td>\n<td>Cambridge Certificate<\/td>\n<\/tr>\n<tr>\n<td>C2<\/td>\n<td rowspan=\"2\" valign=\"middle\">Competent User<br \/>\nManaging and presenting complex information<\/td>\n<td><\/td>\n<td>Proficiency<\/td>\n<\/tr>\n<tr>\n<td>C1<\/td>\n<td>Higher<\/td>\n<td>Advanced<\/td>\n<\/tr>\n<tr>\n<td>B2<\/td>\n<td rowspan=\"2\" valign=\"middle\">Independent User<br \/>\nProcessing and communicating comprehensive information<\/td>\n<td>Vantage<\/td>\n<td><\/td>\n<\/tr>\n<tr>\n<td>B1<\/td>\n<td>Preliminary<\/td>\n<td>First Certificate<\/td>\n<\/tr>\n<tr>\n<td>A2<\/td>\n<td rowspan=\"2\" valign=\"middle\">Basic User<br \/>\nUnderstanding and building upon simple information<\/td>\n<td><\/td>\n<td>Key English<\/td>\n<\/tr>\n<tr>\n<td>A1<\/td>\n<td><\/td>\n<td><\/td>\n<\/tr>\n<\/tbody>\n<\/table>\n<\/div>\n","protected":false},"excerpt":{"rendered":"<p>CAMBRIDGE BUSINESS ENGLISH CERTIFICATES (BEC Pr\u00fcfungen) Als Grundlage f\u00fcr die sprachliche Leistungsbeurteilung dient Eurospeak der vom Europarat entworfene Gemeinsame Europ\u00e4ische Referenzrahmen f\u00fcr Moderne Sprachen (CEF). In diesem Referenzrahmen werden Wirtschaftsenglischkompetenzen entsprechend der folgenden Kriterien klassifiziert. Falls eine zus\u00e4tzliche offizielle Qualifikation verlangt wird, bietet Eurospeak eine&#8230;<\/p>\n","protected":false},"author":1,"featured_media":0,"parent":0,"menu_order":0,"comment_status":"closed","ping_status":"closed","template":"","meta":{"_bbp_topic_count":0,"_bbp_reply_count":0,"_bbp_total_topic_count":0,"_bbp_total_reply_count":0,"_bbp_voice_count":0,"_bbp_anonymous_reply_count":0,"_bbp_topic_count_hidden":0,"_bbp_reply_count_hidden":0,"_bbp_forum_subforum_count":0,"footnotes":""},"class_list":["post-16435","page","type-page","status-publish","hentry"],"yoast_head":"<!-- This site is optimized with the Yoast SEO plugin v24.3 - https:\/\/yoast.com\/wordpress\/plugins\/seo\/ -->\n<title>CAMBRIDGE BUSINESS ENGLISH CERTIFICATES (BEC Pr\u00fcfungen) - Eurospeak<\/title>\n<meta name=\"robots\" content=\"index, follow, max-snippet:-1, max-image-preview:large, max-video-preview:-1\" \/>\n<link rel=\"canonical\" href=\"https:\/\/www.eurospeak.de\/level-qualifications\/\" \/>\n<meta property=\"og:locale\" content=\"de_DE\" \/>\n<meta property=\"og:type\" content=\"article\" \/>\n<meta property=\"og:title\" content=\"CAMBRIDGE BUSINESS ENGLISH CERTIFICATES (BEC Pr\u00fcfungen) - Eurospeak\" \/>\n<meta property=\"og:description\" content=\"CAMBRIDGE BUSINESS ENGLISH CERTIFICATES (BEC Pr\u00fcfungen) Als Grundlage f\u00fcr die sprachliche Leistungsbeurteilung dient Eurospeak der vom Europarat entworfene Gemeinsame Europ\u00e4ische Referenzrahmen f\u00fcr Moderne Sprachen (CEF). In diesem Referenzrahmen werden Wirtschaftsenglischkompetenzen entsprechend der folgenden Kriterien klassifiziert. Falls eine zus\u00e4tzliche offizielle Qualifikation verlangt wird, bietet Eurospeak eine...\" \/>\n<meta property=\"og:url\" content=\"https:\/\/www.eurospeak.de\/level-qualifications\/\" \/>\n<meta property=\"og:site_name\" content=\"Eurospeak\" \/>\n<meta property=\"article:modified_time\" content=\"2017-05-11T14:11:08+00:00\" \/>\n<meta property=\"og:image\" content=\"https:\/\/www.eurospeak.de\/wp-content\/uploads\/2017\/02\/bild_2_2.jpg\" \/>\n\t<meta property=\"og:image:width\" content=\"302\" \/>\n\t<meta property=\"og:image:height\" content=\"282\" \/>\n\t<meta property=\"og:image:type\" content=\"image\/jpeg\" \/>\n<meta name=\"twitter:card\" content=\"summary_large_image\" \/>\n<meta name=\"twitter:label1\" content=\"Gesch\u00e4tzte Lesezeit\" \/>\n\t<meta name=\"twitter:data1\" content=\"1\u00a0Minute\" \/>\n<script type=\"application\/ld+json\" class=\"yoast-schema-graph\">{\"@context\":\"https:\/\/schema.org\",\"@graph\":[{\"@type\":\"WebPage\",\"@id\":\"https:\/\/www.eurospeak.de\/level-qualifications\/\",\"url\":\"https:\/\/www.eurospeak.de\/level-qualifications\/\",\"name\":\"CAMBRIDGE BUSINESS ENGLISH CERTIFICATES (BEC Pr\u00fcfungen) - Eurospeak\",\"isPartOf\":{\"@id\":\"https:\/\/www.eurospeak.de\/#website\"},\"primaryImageOfPage\":{\"@id\":\"https:\/\/www.eurospeak.de\/level-qualifications\/#primaryimage\"},\"image\":{\"@id\":\"https:\/\/www.eurospeak.de\/level-qualifications\/#primaryimage\"},\"thumbnailUrl\":\"http:\/\/joebenslimane.com\/eurospeak\/wp-content\/uploads\/2017\/02\/bild_2_2-300x280.jpg\",\"datePublished\":\"2017-02-26T13:37:44+00:00\",\"dateModified\":\"2017-05-11T14:11:08+00:00\",\"breadcrumb\":{\"@id\":\"https:\/\/www.eurospeak.de\/level-qualifications\/#breadcrumb\"},\"inLanguage\":\"de\",\"potentialAction\":[{\"@type\":\"ReadAction\",\"target\":[\"https:\/\/www.eurospeak.de\/level-qualifications\/\"]}]},{\"@type\":\"ImageObject\",\"inLanguage\":\"de\",\"@id\":\"https:\/\/www.eurospeak.de\/level-qualifications\/#primaryimage\",\"url\":\"http:\/\/joebenslimane.com\/eurospeak\/wp-content\/uploads\/2017\/02\/bild_2_2-300x280.jpg\",\"contentUrl\":\"http:\/\/joebenslimane.com\/eurospeak\/wp-content\/uploads\/2017\/02\/bild_2_2-300x280.jpg\"},{\"@type\":\"BreadcrumbList\",\"@id\":\"https:\/\/www.eurospeak.de\/level-qualifications\/#breadcrumb\",\"itemListElement\":[{\"@type\":\"ListItem\",\"position\":1,\"name\":\"Home\",\"item\":\"https:\/\/www.eurospeak.de\/\"},{\"@type\":\"ListItem\",\"position\":2,\"name\":\"CAMBRIDGE BUSINESS ENGLISH CERTIFICATES (BEC EXAMINATIONS)\"}]},{\"@type\":\"WebSite\",\"@id\":\"https:\/\/www.eurospeak.de\/#website\",\"url\":\"https:\/\/www.eurospeak.de\/\",\"name\":\"Eurospeak\",\"description\":\"Firmenschulungen - Wirtschaftsenglisch - Sprachtraining\",\"potentialAction\":[{\"@type\":\"SearchAction\",\"target\":{\"@type\":\"EntryPoint\",\"urlTemplate\":\"https:\/\/www.eurospeak.de\/?s={search_term_string}\"},\"query-input\":{\"@type\":\"PropertyValueSpecification\",\"valueRequired\":true,\"valueName\":\"search_term_string\"}}],\"inLanguage\":\"de\"}]}<\/script>\n<!-- \/ Yoast SEO plugin. -->","yoast_head_json":{"title":"CAMBRIDGE BUSINESS ENGLISH CERTIFICATES (BEC Pr\u00fcfungen) - Eurospeak","robots":{"index":"index","follow":"follow","max-snippet":"max-snippet:-1","max-image-preview":"max-image-preview:large","max-video-preview":"max-video-preview:-1"},"canonical":"https:\/\/www.eurospeak.de\/level-qualifications\/","og_locale":"de_DE","og_type":"article","og_title":"CAMBRIDGE BUSINESS ENGLISH CERTIFICATES (BEC Pr\u00fcfungen) - Eurospeak","og_description":"CAMBRIDGE BUSINESS ENGLISH CERTIFICATES (BEC Pr\u00fcfungen) Als Grundlage f\u00fcr die sprachliche Leistungsbeurteilung dient Eurospeak der vom Europarat entworfene Gemeinsame Europ\u00e4ische Referenzrahmen f\u00fcr Moderne Sprachen (CEF). In diesem Referenzrahmen werden Wirtschaftsenglischkompetenzen entsprechend der folgenden Kriterien klassifiziert. Falls eine zus\u00e4tzliche offizielle Qualifikation verlangt wird, bietet Eurospeak eine...","og_url":"https:\/\/www.eurospeak.de\/level-qualifications\/","og_site_name":"Eurospeak","article_modified_time":"2017-05-11T14:11:08+00:00","og_image":[{"width":302,"height":282,"url":"https:\/\/www.eurospeak.de\/wp-content\/uploads\/2017\/02\/bild_2_2.jpg","type":"image\/jpeg"}],"twitter_card":"summary_large_image","twitter_misc":{"Gesch\u00e4tzte Lesezeit":"1\u00a0Minute"},"schema":{"@context":"https:\/\/schema.org","@graph":[{"@type":"WebPage","@id":"https:\/\/www.eurospeak.de\/level-qualifications\/","url":"https:\/\/www.eurospeak.de\/level-qualifications\/","name":"CAMBRIDGE BUSINESS ENGLISH CERTIFICATES (BEC Pr\u00fcfungen) - Eurospeak","isPartOf":{"@id":"https:\/\/www.eurospeak.de\/#website"},"primaryImageOfPage":{"@id":"https:\/\/www.eurospeak.de\/level-qualifications\/#primaryimage"},"image":{"@id":"https:\/\/www.eurospeak.de\/level-qualifications\/#primaryimage"},"thumbnailUrl":"http:\/\/joebenslimane.com\/eurospeak\/wp-content\/uploads\/2017\/02\/bild_2_2-300x280.jpg","datePublished":"2017-02-26T13:37:44+00:00","dateModified":"2017-05-11T14:11:08+00:00","breadcrumb":{"@id":"https:\/\/www.eurospeak.de\/level-qualifications\/#breadcrumb"},"inLanguage":"de","potentialAction":[{"@type":"ReadAction","target":["https:\/\/www.eurospeak.de\/level-qualifications\/"]}]},{"@type":"ImageObject","inLanguage":"de","@id":"https:\/\/www.eurospeak.de\/level-qualifications\/#primaryimage","url":"http:\/\/joebenslimane.com\/eurospeak\/wp-content\/uploads\/2017\/02\/bild_2_2-300x280.jpg","contentUrl":"http:\/\/joebenslimane.com\/eurospeak\/wp-content\/uploads\/2017\/02\/bild_2_2-300x280.jpg"},{"@type":"BreadcrumbList","@id":"https:\/\/www.eurospeak.de\/level-qualifications\/#breadcrumb","itemListElement":[{"@type":"ListItem","position":1,"name":"Home","item":"https:\/\/www.eurospeak.de\/"},{"@type":"ListItem","position":2,"name":"CAMBRIDGE BUSINESS ENGLISH CERTIFICATES (BEC EXAMINATIONS)"}]},{"@type":"WebSite","@id":"https:\/\/www.eurospeak.de\/#website","url":"https:\/\/www.eurospeak.de\/","name":"Eurospeak","description":"Firmenschulungen - Wirtschaftsenglisch - Sprachtraining","potentialAction":[{"@type":"SearchAction","target":{"@type":"EntryPoint","urlTemplate":"https:\/\/www.eurospeak.de\/?s={search_term_string}"},"query-input":{"@type":"PropertyValueSpecification","valueRequired":true,"valueName":"search_term_string"}}],"inLanguage":"de"}]}},"_links":{"self":[{"href":"https:\/\/www.eurospeak.de\/de\/wp-json\/wp\/v2\/pages\/16435","targetHints":{"allow":["GET"]}}],"collection":[{"href":"https:\/\/www.eurospeak.de\/de\/wp-json\/wp\/v2\/pages"}],"about":[{"href":"https:\/\/www.eurospeak.de\/de\/wp-json\/wp\/v2\/types\/page"}],"author":[{"embeddable":true,"href":"https:\/\/www.eurospeak.de\/de\/wp-json\/wp\/v2\/users\/1"}],"replies":[{"embeddable":true,"href":"https:\/\/www.eurospeak.de\/de\/wp-json\/wp\/v2\/comments?post=16435"}],"version-history":[{"count":11,"href":"https:\/\/www.eurospeak.de\/de\/wp-json\/wp\/v2\/pages\/16435\/revisions"}],"predecessor-version":[{"id":16681,"href":"https:\/\/www.eurospeak.de\/de\/wp-json\/wp\/v2\/pages\/16435\/revisions\/16681"}],"wp:attachment":[{"href":"https:\/\/www.eurospeak.de\/de\/wp-json\/wp\/v2\/media?parent=16435"}],"curies":[{"name":"wp","href":"https:\/\/api.w.org\/{rel}","templated":true}]}}