{"id":16442,"date":"2017-02-26T13:42:31","date_gmt":"2017-02-26T13:42:31","guid":{"rendered":"http:\/\/eurospeak.de\/?page_id=16442"},"modified":"2017-05-10T11:00:16","modified_gmt":"2017-05-10T11:00:16","slug":"regular-training","status":"publish","type":"page","link":"https:\/\/www.eurospeak.de\/de\/regular-training\/","title":{"rendered":"REGULAR TRAINING"},"content":{"rendered":"<p><img loading=\"lazy\" decoding=\"async\" class=\"size-medium wp-image-16443 alignleft\" src=\"http:\/\/joebenslimane.com\/eurospeak\/wp-content\/uploads\/2017\/02\/bild_2_3-300x280.jpg\" alt=\"\" width=\"300\" height=\"280\" srcset=\"https:\/\/www.eurospeak.de\/wp-content\/uploads\/2017\/02\/bild_2_3-300x280.jpg 300w, https:\/\/www.eurospeak.de\/wp-content\/uploads\/2017\/02\/bild_2_3.jpg 302w\" sizes=\"auto, (max-width: 300px) 100vw, 300px\" \/><\/p>\n<div class=\"right-container\">\n<h2><span id=\"titel1\">REGELM\u00c4SSIGE<\/span><span id=\"titel2\"> TRAINING<\/span><\/h2>\n<p>Ein regelm\u00e4\u00dfiges Training dauert gew\u00f6hnlich 90 Minuten pro Unterrichtseinheit und findet einmal oder zweimal w\u00f6chentlich statt. Dieses ist entweder f\u00fcr Gruppen (maximal 8 Teilnehmer) oder f\u00fcr Einzelpersonen (in Form von Einzelunterricht) geeignet, die in ihrem t\u00e4glichen Gesch\u00e4ftsleben mit der englischen Sprache in Kontakt kommen und den Wunsch haben, bereits vorhandene, schlummernde Sprachfertigkeiten zu reaktivieren und weiterzuentwickeln.<\/p>\n<p>Lernende werden ihrem Leistungsniveau entsprechend in Gruppen eingeteilt. Diese Einteilung basiert auf den Ergebnissen des Eurospeak-Einstufungstests, der auch online (siehe Einstufungstest) ausgef\u00fchrt werden kann. Anschlie\u00dfend werden geeignete Kurse ausgesucht und entsprechend der Profilierung der Teilnehmer angepasst; diese k\u00f6nnen beispielsweise die Bereiche Internationale Telefonate, Verfassen von E-Mails und Gesch\u00e4ftskorrespondenz, Teilnahme an Besprechungen, Verhandlungen, Pr\u00e4sentationen und\/oder der Umgang mit internationalen Besuchern sein. Durch diesen praktischen Ansatz werden Sprachfertigkeiten weiterentwickelt, und es wird Vertrauen aufgebaut, wobei gleichzeitig allm\u00e4hlich Hemmungen abgebaut werden.<\/p>\n<p>&nbsp;<\/p>\n<p>&nbsp;<\/p>\n<p>&nbsp;<\/p>\n<p>Die allgemeine Struktur einer 90-min\u00fctigen Unterrichtseinheit deckt die folgenden Aspekte ab:<\/p>\n<p>&nbsp;<\/p>\n<ul>\n<li>Aufw\u00e4rmaktivit\u00e4t (z.B. die Wiederholung des Vokabulars der letzten Unterrichtsstunde)<\/li>\n<li>Einf\u00fchrung des Themas<\/li>\n<li>Vermittlung des sprachlichen oder grammatikalischen Schwerpunktes (z.B. durch Lese- oder H\u00f6rverst\u00e4ndnis\u00fcbungen)<\/li>\n<li>H\u00f6rverst\u00e4ndnis\u00fcbungen \/ Videos, um das Lernthema hervorzuheben<\/li>\n<li>Kontrollierte \u00fcbung des sprachlichen \/ grammatikalischen Schwerpunktes<\/li>\n<li>Selbstst\u00e4ndiges Produzieren des sprachlichen \/ grammatikalischen Schwerpunktes (z.B. in Diskussionen oder Rollenspielen)<\/li>\n<li>Hausaufgaben zur Festigung des Gelernten<\/li>\n<\/ul>\n<p>&nbsp;<\/p>\n<p>Das regelm\u00e4\u00dfige Training kann auch mit anderen Leistungen kombiniert werden: siehe <a title=\"Case Studies\" href=\"http:\/\/www.eurospeak.de\/de\/case-studies\">Fallstudien<\/a> f\u00fcr m\u00f6gliche Kombinationen.<\/div>\n","protected":false},"excerpt":{"rendered":"<p>REGELM\u00c4SSIGE TRAINING Ein regelm\u00e4\u00dfiges Training dauert gew\u00f6hnlich 90 Minuten pro Unterrichtseinheit und findet einmal oder zweimal w\u00f6chentlich statt. Dieses ist entweder f\u00fcr Gruppen (maximal 8 Teilnehmer) oder f\u00fcr Einzelpersonen (in Form von Einzelunterricht) geeignet, die in ihrem t\u00e4glichen Gesch\u00e4ftsleben mit der englischen Sprache in Kontakt&#8230;<\/p>\n","protected":false},"author":1,"featured_media":0,"parent":0,"menu_order":0,"comment_status":"closed","ping_status":"closed","template":"","meta":{"_bbp_topic_count":0,"_bbp_reply_count":0,"_bbp_total_topic_count":0,"_bbp_total_reply_count":0,"_bbp_voice_count":0,"_bbp_anonymous_reply_count":0,"_bbp_topic_count_hidden":0,"_bbp_reply_count_hidden":0,"_bbp_forum_subforum_count":0,"footnotes":""},"class_list":["post-16442","page","type-page","status-publish","hentry"],"yoast_head":"<!-- This site is optimized with the Yoast SEO plugin v24.3 - https:\/\/yoast.com\/wordpress\/plugins\/seo\/ -->\n<title>REGULAR TRAINING - Eurospeak<\/title>\n<meta name=\"robots\" content=\"index, follow, max-snippet:-1, max-image-preview:large, max-video-preview:-1\" \/>\n<link rel=\"canonical\" href=\"https:\/\/www.eurospeak.de\/regular-training\/\" \/>\n<meta property=\"og:locale\" content=\"de_DE\" \/>\n<meta property=\"og:type\" content=\"article\" \/>\n<meta property=\"og:title\" content=\"REGULAR TRAINING - Eurospeak\" \/>\n<meta property=\"og:description\" content=\"REGELM\u00c4SSIGE TRAINING Ein regelm\u00e4\u00dfiges Training dauert gew\u00f6hnlich 90 Minuten pro Unterrichtseinheit und findet einmal oder zweimal w\u00f6chentlich statt. Dieses ist entweder f\u00fcr Gruppen (maximal 8 Teilnehmer) oder f\u00fcr Einzelpersonen (in Form von Einzelunterricht) geeignet, die in ihrem t\u00e4glichen Gesch\u00e4ftsleben mit der englischen Sprache in Kontakt...\" \/>\n<meta property=\"og:url\" content=\"https:\/\/www.eurospeak.de\/regular-training\/\" \/>\n<meta property=\"og:site_name\" content=\"Eurospeak\" \/>\n<meta property=\"article:modified_time\" content=\"2017-05-10T11:00:16+00:00\" \/>\n<meta property=\"og:image\" content=\"https:\/\/www.eurospeak.de\/wp-content\/uploads\/2017\/02\/bild_2_3.jpg\" \/>\n\t<meta property=\"og:image:width\" content=\"302\" \/>\n\t<meta property=\"og:image:height\" content=\"282\" \/>\n\t<meta property=\"og:image:type\" content=\"image\/jpeg\" \/>\n<meta name=\"twitter:card\" content=\"summary_large_image\" \/>\n<meta name=\"twitter:label1\" content=\"Gesch\u00e4tzte Lesezeit\" \/>\n\t<meta name=\"twitter:data1\" content=\"1\u00a0Minute\" \/>\n<script type=\"application\/ld+json\" class=\"yoast-schema-graph\">{\"@context\":\"https:\/\/schema.org\",\"@graph\":[{\"@type\":\"WebPage\",\"@id\":\"https:\/\/www.eurospeak.de\/regular-training\/\",\"url\":\"https:\/\/www.eurospeak.de\/regular-training\/\",\"name\":\"REGULAR TRAINING - Eurospeak\",\"isPartOf\":{\"@id\":\"https:\/\/www.eurospeak.de\/#website\"},\"primaryImageOfPage\":{\"@id\":\"https:\/\/www.eurospeak.de\/regular-training\/#primaryimage\"},\"image\":{\"@id\":\"https:\/\/www.eurospeak.de\/regular-training\/#primaryimage\"},\"thumbnailUrl\":\"http:\/\/joebenslimane.com\/eurospeak\/wp-content\/uploads\/2017\/02\/bild_2_3-300x280.jpg\",\"datePublished\":\"2017-02-26T13:42:31+00:00\",\"dateModified\":\"2017-05-10T11:00:16+00:00\",\"breadcrumb\":{\"@id\":\"https:\/\/www.eurospeak.de\/regular-training\/#breadcrumb\"},\"inLanguage\":\"de\",\"potentialAction\":[{\"@type\":\"ReadAction\",\"target\":[\"https:\/\/www.eurospeak.de\/regular-training\/\"]}]},{\"@type\":\"ImageObject\",\"inLanguage\":\"de\",\"@id\":\"https:\/\/www.eurospeak.de\/regular-training\/#primaryimage\",\"url\":\"http:\/\/joebenslimane.com\/eurospeak\/wp-content\/uploads\/2017\/02\/bild_2_3-300x280.jpg\",\"contentUrl\":\"http:\/\/joebenslimane.com\/eurospeak\/wp-content\/uploads\/2017\/02\/bild_2_3-300x280.jpg\"},{\"@type\":\"BreadcrumbList\",\"@id\":\"https:\/\/www.eurospeak.de\/regular-training\/#breadcrumb\",\"itemListElement\":[{\"@type\":\"ListItem\",\"position\":1,\"name\":\"Home\",\"item\":\"https:\/\/www.eurospeak.de\/\"},{\"@type\":\"ListItem\",\"position\":2,\"name\":\"REGULAR TRAINING\"}]},{\"@type\":\"WebSite\",\"@id\":\"https:\/\/www.eurospeak.de\/#website\",\"url\":\"https:\/\/www.eurospeak.de\/\",\"name\":\"Eurospeak\",\"description\":\"Firmenschulungen - Wirtschaftsenglisch - Sprachtraining\",\"potentialAction\":[{\"@type\":\"SearchAction\",\"target\":{\"@type\":\"EntryPoint\",\"urlTemplate\":\"https:\/\/www.eurospeak.de\/?s={search_term_string}\"},\"query-input\":{\"@type\":\"PropertyValueSpecification\",\"valueRequired\":true,\"valueName\":\"search_term_string\"}}],\"inLanguage\":\"de\"}]}<\/script>\n<!-- \/ Yoast SEO plugin. -->","yoast_head_json":{"title":"REGULAR TRAINING - Eurospeak","robots":{"index":"index","follow":"follow","max-snippet":"max-snippet:-1","max-image-preview":"max-image-preview:large","max-video-preview":"max-video-preview:-1"},"canonical":"https:\/\/www.eurospeak.de\/regular-training\/","og_locale":"de_DE","og_type":"article","og_title":"REGULAR TRAINING - Eurospeak","og_description":"REGELM\u00c4SSIGE TRAINING Ein regelm\u00e4\u00dfiges Training dauert gew\u00f6hnlich 90 Minuten pro Unterrichtseinheit und findet einmal oder zweimal w\u00f6chentlich statt. Dieses ist entweder f\u00fcr Gruppen (maximal 8 Teilnehmer) oder f\u00fcr Einzelpersonen (in Form von Einzelunterricht) geeignet, die in ihrem t\u00e4glichen Gesch\u00e4ftsleben mit der englischen Sprache in Kontakt...","og_url":"https:\/\/www.eurospeak.de\/regular-training\/","og_site_name":"Eurospeak","article_modified_time":"2017-05-10T11:00:16+00:00","og_image":[{"width":302,"height":282,"url":"https:\/\/www.eurospeak.de\/wp-content\/uploads\/2017\/02\/bild_2_3.jpg","type":"image\/jpeg"}],"twitter_card":"summary_large_image","twitter_misc":{"Gesch\u00e4tzte Lesezeit":"1\u00a0Minute"},"schema":{"@context":"https:\/\/schema.org","@graph":[{"@type":"WebPage","@id":"https:\/\/www.eurospeak.de\/regular-training\/","url":"https:\/\/www.eurospeak.de\/regular-training\/","name":"REGULAR TRAINING - Eurospeak","isPartOf":{"@id":"https:\/\/www.eurospeak.de\/#website"},"primaryImageOfPage":{"@id":"https:\/\/www.eurospeak.de\/regular-training\/#primaryimage"},"image":{"@id":"https:\/\/www.eurospeak.de\/regular-training\/#primaryimage"},"thumbnailUrl":"http:\/\/joebenslimane.com\/eurospeak\/wp-content\/uploads\/2017\/02\/bild_2_3-300x280.jpg","datePublished":"2017-02-26T13:42:31+00:00","dateModified":"2017-05-10T11:00:16+00:00","breadcrumb":{"@id":"https:\/\/www.eurospeak.de\/regular-training\/#breadcrumb"},"inLanguage":"de","potentialAction":[{"@type":"ReadAction","target":["https:\/\/www.eurospeak.de\/regular-training\/"]}]},{"@type":"ImageObject","inLanguage":"de","@id":"https:\/\/www.eurospeak.de\/regular-training\/#primaryimage","url":"http:\/\/joebenslimane.com\/eurospeak\/wp-content\/uploads\/2017\/02\/bild_2_3-300x280.jpg","contentUrl":"http:\/\/joebenslimane.com\/eurospeak\/wp-content\/uploads\/2017\/02\/bild_2_3-300x280.jpg"},{"@type":"BreadcrumbList","@id":"https:\/\/www.eurospeak.de\/regular-training\/#breadcrumb","itemListElement":[{"@type":"ListItem","position":1,"name":"Home","item":"https:\/\/www.eurospeak.de\/"},{"@type":"ListItem","position":2,"name":"REGULAR TRAINING"}]},{"@type":"WebSite","@id":"https:\/\/www.eurospeak.de\/#website","url":"https:\/\/www.eurospeak.de\/","name":"Eurospeak","description":"Firmenschulungen - Wirtschaftsenglisch - Sprachtraining","potentialAction":[{"@type":"SearchAction","target":{"@type":"EntryPoint","urlTemplate":"https:\/\/www.eurospeak.de\/?s={search_term_string}"},"query-input":{"@type":"PropertyValueSpecification","valueRequired":true,"valueName":"search_term_string"}}],"inLanguage":"de"}]}},"_links":{"self":[{"href":"https:\/\/www.eurospeak.de\/de\/wp-json\/wp\/v2\/pages\/16442","targetHints":{"allow":["GET"]}}],"collection":[{"href":"https:\/\/www.eurospeak.de\/de\/wp-json\/wp\/v2\/pages"}],"about":[{"href":"https:\/\/www.eurospeak.de\/de\/wp-json\/wp\/v2\/types\/page"}],"author":[{"embeddable":true,"href":"https:\/\/www.eurospeak.de\/de\/wp-json\/wp\/v2\/users\/1"}],"replies":[{"embeddable":true,"href":"https:\/\/www.eurospeak.de\/de\/wp-json\/wp\/v2\/comments?post=16442"}],"version-history":[{"count":9,"href":"https:\/\/www.eurospeak.de\/de\/wp-json\/wp\/v2\/pages\/16442\/revisions"}],"predecessor-version":[{"id":16669,"href":"https:\/\/www.eurospeak.de\/de\/wp-json\/wp\/v2\/pages\/16442\/revisions\/16669"}],"wp:attachment":[{"href":"https:\/\/www.eurospeak.de\/de\/wp-json\/wp\/v2\/media?parent=16442"}],"curies":[{"name":"wp","href":"https:\/\/api.w.org\/{rel}","templated":true}]}}