{"id":16449,"date":"2017-02-26T13:45:45","date_gmt":"2017-02-26T13:45:45","guid":{"rendered":"http:\/\/eurospeak.de\/?page_id=16449"},"modified":"2017-06-06T19:55:49","modified_gmt":"2017-06-06T19:55:49","slug":"intensive-training","status":"publish","type":"page","link":"https:\/\/www.eurospeak.de\/de\/intensive-training\/","title":{"rendered":"INTENSIVKURS"},"content":{"rendered":"<p><a title=\"Contact\" href=\"http:\/\/www.eurospeak.de\/en\/contact\"><img loading=\"lazy\" decoding=\"async\" class=\"size-medium wp-image-16450 alignleft\" src=\"http:\/\/joebenslimane.com\/eurospeak\/wp-content\/uploads\/2017\/02\/bild_2_3-1-300x280.jpg\" alt=\"\" width=\"300\" height=\"280\" srcset=\"https:\/\/www.eurospeak.de\/wp-content\/uploads\/2017\/02\/bild_2_3-1-300x280.jpg 300w, https:\/\/www.eurospeak.de\/wp-content\/uploads\/2017\/02\/bild_2_3-1.jpg 302w\" sizes=\"auto, (max-width: 300px) 100vw, 300px\" \/><\/a><\/p>\n<div class=\"right-container\">\n<h2><span id=\"titel1\">INTENSIV<\/span><span id=\"titel2\">KURS<\/span><\/h2>\n<p>F\u00fcr Gruppen oder Einzelpersonen, f\u00fcr die eine schnelle, signifikante Weiterentwicklung ihrer Wirtschaftsenglisch-Fertigkeiten erforderlich ist, empfehlen wir einen unserer eigens daf\u00fcr konzipierten Workshops und \/ oder Seminare. Diese ma\u00dfgeschneiderten Kurse konzentrieren sich auf spezifische Themen und verbinden den Multimediaeinsatz (Telefonsimulator, Videokamera, Trainingsfilme) mit Standardmaterialienen, um eine hohe Effektivit\u00e4t sicherzustellen. Am Ende des Kurses wird der Trainer geeignete Ma\u00dfnahmen zum weiteren Sprachstudium vorschlagen, damit der Lernfortschritt erhalten werden kann.<\/p>\n<p>Workshops sind so konzipiert, dass sie einzeln belegt werden k\u00f6nnen oder sich \u00fcber eine vereinbarte Zeitspanne erstrecken. Seminare umfassen eine Reihe aufeinander folgender Tage (2 &#8211; 10, flexibel) und k\u00f6nnen sowohl gemeinsame Mahlzeiten mit den Trainern als auch ein strukturiertes Abendprogramm beinhalten. Somit kann der gesamte Tagesablauf auf Englisch abgehalten werden.<\/p>\n<p>&nbsp;<\/p>\n<p>&nbsp;<\/p>\n<p>Das Workshop- und Seminarprogramm von Eurospeak beinhaltet folgende Bereiche:<\/p>\n<p>&nbsp;<\/p>\n<p>&nbsp;<\/p>\n<table class=\"bordered\">\n<tbody>\n<tr>\n<td><b>Allgemeine Kurse<\/b><\/td>\n<td><b>Spezialisierte Kurse<\/b><\/td>\n<\/tr>\n<tr>\n<td>Allgemeine Sprachfertigkeiten<\/td>\n<td>Spezielle Bereiche<\/td>\n<\/tr>\n<tr>\n<td>Wirtschaftsauffrischungskurse<\/td>\n<td>Englisch f\u00fcr das Finanzwesen<\/td>\n<\/tr>\n<tr>\n<td>B\u00fcrofertigkeiten (inklusive Telefonate, E-Mails)<\/td>\n<td>Technisches Englisch<\/td>\n<\/tr>\n<tr>\n<td>Besprechungen und Verhandlungen<\/td>\n<td>Englisch f\u00fcr das Rechtswesen<\/td>\n<\/tr>\n<tr>\n<td>Interkulturelles Training<\/td>\n<td>Englisch f\u00fcr den Tourismusbereich<\/td>\n<\/tr>\n<\/tbody>\n<\/table>\n<p>&nbsp;<\/p>\n<p>Klicken Sie bitte die unten angef\u00fchrten PDF Download Buttons, falls Sie Beispiele f\u00fcr Workshop-Entw\u00fcrfe betrachten m\u00f6chten.<\/p>\n<p>Um eine aktuelle Preisliste zu erhalten, setzen Sie sich bitte mit uns in <a href=\"http:\/\/www.eurospeak.de\/de\/contact\">Kontakt<\/a><\/p>\n<p>&nbsp;<\/p>\n<p><a href=\"http:\/\/www.eurospeak.de\/technical.pdf\" target='_blank'><span data-type=\"normal\"  class=\"qode_icon_shortcode  q_font_awsome_icon   \" style=\" \"><a  itemprop=\"url\" href=\"http:\/\/www.eurospeak.de\/technical.pdf\" target=\"\"><i class=\"qode_icon_font_awesome fa fa-download qode_icon_element\" style=\"\" ><\/i><\/a><\/span>\u00a0\u00a0<\/a><a href=\"http:\/\/www.eurospeak.de\/technical.pdf\" target='_blank'>Technical English<\/a><\/p>\n<p>&nbsp;<\/p>\n<p><a href=\"http:\/\/www.eurospeak.de\/meeting.pdf\" target='_blank'><span data-type=\"normal\"  class=\"qode_icon_shortcode  q_font_awsome_icon   \" style=\" \"><a  itemprop=\"url\" href=\"http:\/\/www.eurospeak.de\/meeting.pdf\" target=\"_self\"><i class=\"qode_icon_font_awesome fa fa-download qode_icon_element\" style=\"\" ><\/i><\/a><\/span>\u00a0\u00a0<\/a><a href=\"http:\/\/www.eurospeak.de\/meeting.pdf\" target='_blank'>English for Meeting &amp; negotiations<\/a><\/p>\n<\/div>\n","protected":false},"excerpt":{"rendered":"<p>INTENSIVKURS F\u00fcr Gruppen oder Einzelpersonen, f\u00fcr die eine schnelle, signifikante Weiterentwicklung ihrer Wirtschaftsenglisch-Fertigkeiten erforderlich ist, empfehlen wir einen unserer eigens daf\u00fcr konzipierten Workshops und \/ oder Seminare. Diese ma\u00dfgeschneiderten Kurse konzentrieren sich auf spezifische Themen und verbinden den Multimediaeinsatz (Telefonsimulator, Videokamera, Trainingsfilme) mit Standardmaterialienen, um&#8230;<\/p>\n","protected":false},"author":1,"featured_media":0,"parent":0,"menu_order":0,"comment_status":"closed","ping_status":"closed","template":"","meta":{"_bbp_topic_count":0,"_bbp_reply_count":0,"_bbp_total_topic_count":0,"_bbp_total_reply_count":0,"_bbp_voice_count":0,"_bbp_anonymous_reply_count":0,"_bbp_topic_count_hidden":0,"_bbp_reply_count_hidden":0,"_bbp_forum_subforum_count":0,"footnotes":""},"class_list":["post-16449","page","type-page","status-publish","hentry"],"yoast_head":"<!-- This site is optimized with the Yoast SEO plugin v24.3 - https:\/\/yoast.com\/wordpress\/plugins\/seo\/ -->\n<title>INTENSIVKURS - Eurospeak<\/title>\n<meta name=\"robots\" content=\"index, follow, max-snippet:-1, max-image-preview:large, max-video-preview:-1\" \/>\n<link rel=\"canonical\" href=\"https:\/\/www.eurospeak.de\/intensive-training\/\" \/>\n<meta property=\"og:locale\" content=\"de_DE\" \/>\n<meta property=\"og:type\" content=\"article\" \/>\n<meta property=\"og:title\" content=\"INTENSIVKURS - Eurospeak\" \/>\n<meta property=\"og:description\" content=\"INTENSIVKURS F\u00fcr Gruppen oder Einzelpersonen, f\u00fcr die eine schnelle, signifikante Weiterentwicklung ihrer Wirtschaftsenglisch-Fertigkeiten erforderlich ist, empfehlen wir einen unserer eigens daf\u00fcr konzipierten Workshops und \/ oder Seminare. Diese ma\u00dfgeschneiderten Kurse konzentrieren sich auf spezifische Themen und verbinden den Multimediaeinsatz (Telefonsimulator, Videokamera, Trainingsfilme) mit Standardmaterialienen, um...\" \/>\n<meta property=\"og:url\" content=\"https:\/\/www.eurospeak.de\/intensive-training\/\" \/>\n<meta property=\"og:site_name\" content=\"Eurospeak\" \/>\n<meta property=\"article:modified_time\" content=\"2017-06-06T19:55:49+00:00\" \/>\n<meta property=\"og:image\" content=\"https:\/\/www.eurospeak.de\/wp-content\/uploads\/2017\/02\/bild_2_3-1.jpg\" \/>\n\t<meta property=\"og:image:width\" content=\"302\" \/>\n\t<meta property=\"og:image:height\" content=\"282\" \/>\n\t<meta property=\"og:image:type\" content=\"image\/jpeg\" \/>\n<meta name=\"twitter:card\" content=\"summary_large_image\" \/>\n<meta name=\"twitter:label1\" content=\"Gesch\u00e4tzte Lesezeit\" \/>\n\t<meta name=\"twitter:data1\" content=\"1\u00a0Minute\" \/>\n<script type=\"application\/ld+json\" class=\"yoast-schema-graph\">{\"@context\":\"https:\/\/schema.org\",\"@graph\":[{\"@type\":\"WebPage\",\"@id\":\"https:\/\/www.eurospeak.de\/intensive-training\/\",\"url\":\"https:\/\/www.eurospeak.de\/intensive-training\/\",\"name\":\"INTENSIVKURS - Eurospeak\",\"isPartOf\":{\"@id\":\"https:\/\/www.eurospeak.de\/#website\"},\"primaryImageOfPage\":{\"@id\":\"https:\/\/www.eurospeak.de\/intensive-training\/#primaryimage\"},\"image\":{\"@id\":\"https:\/\/www.eurospeak.de\/intensive-training\/#primaryimage\"},\"thumbnailUrl\":\"http:\/\/joebenslimane.com\/eurospeak\/wp-content\/uploads\/2017\/02\/bild_2_3-1-300x280.jpg\",\"datePublished\":\"2017-02-26T13:45:45+00:00\",\"dateModified\":\"2017-06-06T19:55:49+00:00\",\"breadcrumb\":{\"@id\":\"https:\/\/www.eurospeak.de\/intensive-training\/#breadcrumb\"},\"inLanguage\":\"de\",\"potentialAction\":[{\"@type\":\"ReadAction\",\"target\":[\"https:\/\/www.eurospeak.de\/intensive-training\/\"]}]},{\"@type\":\"ImageObject\",\"inLanguage\":\"de\",\"@id\":\"https:\/\/www.eurospeak.de\/intensive-training\/#primaryimage\",\"url\":\"http:\/\/joebenslimane.com\/eurospeak\/wp-content\/uploads\/2017\/02\/bild_2_3-1-300x280.jpg\",\"contentUrl\":\"http:\/\/joebenslimane.com\/eurospeak\/wp-content\/uploads\/2017\/02\/bild_2_3-1-300x280.jpg\"},{\"@type\":\"BreadcrumbList\",\"@id\":\"https:\/\/www.eurospeak.de\/intensive-training\/#breadcrumb\",\"itemListElement\":[{\"@type\":\"ListItem\",\"position\":1,\"name\":\"Home\",\"item\":\"https:\/\/www.eurospeak.de\/\"},{\"@type\":\"ListItem\",\"position\":2,\"name\":\"INTENSIVE TRAINING\"}]},{\"@type\":\"WebSite\",\"@id\":\"https:\/\/www.eurospeak.de\/#website\",\"url\":\"https:\/\/www.eurospeak.de\/\",\"name\":\"Eurospeak\",\"description\":\"Firmenschulungen - Wirtschaftsenglisch - Sprachtraining\",\"potentialAction\":[{\"@type\":\"SearchAction\",\"target\":{\"@type\":\"EntryPoint\",\"urlTemplate\":\"https:\/\/www.eurospeak.de\/?s={search_term_string}\"},\"query-input\":{\"@type\":\"PropertyValueSpecification\",\"valueRequired\":true,\"valueName\":\"search_term_string\"}}],\"inLanguage\":\"de\"}]}<\/script>\n<!-- \/ Yoast SEO plugin. -->","yoast_head_json":{"title":"INTENSIVKURS - Eurospeak","robots":{"index":"index","follow":"follow","max-snippet":"max-snippet:-1","max-image-preview":"max-image-preview:large","max-video-preview":"max-video-preview:-1"},"canonical":"https:\/\/www.eurospeak.de\/intensive-training\/","og_locale":"de_DE","og_type":"article","og_title":"INTENSIVKURS - Eurospeak","og_description":"INTENSIVKURS F\u00fcr Gruppen oder Einzelpersonen, f\u00fcr die eine schnelle, signifikante Weiterentwicklung ihrer Wirtschaftsenglisch-Fertigkeiten erforderlich ist, empfehlen wir einen unserer eigens daf\u00fcr konzipierten Workshops und \/ oder Seminare. Diese ma\u00dfgeschneiderten Kurse konzentrieren sich auf spezifische Themen und verbinden den Multimediaeinsatz (Telefonsimulator, Videokamera, Trainingsfilme) mit Standardmaterialienen, um...","og_url":"https:\/\/www.eurospeak.de\/intensive-training\/","og_site_name":"Eurospeak","article_modified_time":"2017-06-06T19:55:49+00:00","og_image":[{"width":302,"height":282,"url":"https:\/\/www.eurospeak.de\/wp-content\/uploads\/2017\/02\/bild_2_3-1.jpg","type":"image\/jpeg"}],"twitter_card":"summary_large_image","twitter_misc":{"Gesch\u00e4tzte Lesezeit":"1\u00a0Minute"},"schema":{"@context":"https:\/\/schema.org","@graph":[{"@type":"WebPage","@id":"https:\/\/www.eurospeak.de\/intensive-training\/","url":"https:\/\/www.eurospeak.de\/intensive-training\/","name":"INTENSIVKURS - Eurospeak","isPartOf":{"@id":"https:\/\/www.eurospeak.de\/#website"},"primaryImageOfPage":{"@id":"https:\/\/www.eurospeak.de\/intensive-training\/#primaryimage"},"image":{"@id":"https:\/\/www.eurospeak.de\/intensive-training\/#primaryimage"},"thumbnailUrl":"http:\/\/joebenslimane.com\/eurospeak\/wp-content\/uploads\/2017\/02\/bild_2_3-1-300x280.jpg","datePublished":"2017-02-26T13:45:45+00:00","dateModified":"2017-06-06T19:55:49+00:00","breadcrumb":{"@id":"https:\/\/www.eurospeak.de\/intensive-training\/#breadcrumb"},"inLanguage":"de","potentialAction":[{"@type":"ReadAction","target":["https:\/\/www.eurospeak.de\/intensive-training\/"]}]},{"@type":"ImageObject","inLanguage":"de","@id":"https:\/\/www.eurospeak.de\/intensive-training\/#primaryimage","url":"http:\/\/joebenslimane.com\/eurospeak\/wp-content\/uploads\/2017\/02\/bild_2_3-1-300x280.jpg","contentUrl":"http:\/\/joebenslimane.com\/eurospeak\/wp-content\/uploads\/2017\/02\/bild_2_3-1-300x280.jpg"},{"@type":"BreadcrumbList","@id":"https:\/\/www.eurospeak.de\/intensive-training\/#breadcrumb","itemListElement":[{"@type":"ListItem","position":1,"name":"Home","item":"https:\/\/www.eurospeak.de\/"},{"@type":"ListItem","position":2,"name":"INTENSIVE TRAINING"}]},{"@type":"WebSite","@id":"https:\/\/www.eurospeak.de\/#website","url":"https:\/\/www.eurospeak.de\/","name":"Eurospeak","description":"Firmenschulungen - Wirtschaftsenglisch - Sprachtraining","potentialAction":[{"@type":"SearchAction","target":{"@type":"EntryPoint","urlTemplate":"https:\/\/www.eurospeak.de\/?s={search_term_string}"},"query-input":{"@type":"PropertyValueSpecification","valueRequired":true,"valueName":"search_term_string"}}],"inLanguage":"de"}]}},"_links":{"self":[{"href":"https:\/\/www.eurospeak.de\/de\/wp-json\/wp\/v2\/pages\/16449","targetHints":{"allow":["GET"]}}],"collection":[{"href":"https:\/\/www.eurospeak.de\/de\/wp-json\/wp\/v2\/pages"}],"about":[{"href":"https:\/\/www.eurospeak.de\/de\/wp-json\/wp\/v2\/types\/page"}],"author":[{"embeddable":true,"href":"https:\/\/www.eurospeak.de\/de\/wp-json\/wp\/v2\/users\/1"}],"replies":[{"embeddable":true,"href":"https:\/\/www.eurospeak.de\/de\/wp-json\/wp\/v2\/comments?post=16449"}],"version-history":[{"count":17,"href":"https:\/\/www.eurospeak.de\/de\/wp-json\/wp\/v2\/pages\/16449\/revisions"}],"predecessor-version":[{"id":16708,"href":"https:\/\/www.eurospeak.de\/de\/wp-json\/wp\/v2\/pages\/16449\/revisions\/16708"}],"wp:attachment":[{"href":"https:\/\/www.eurospeak.de\/de\/wp-json\/wp\/v2\/media?parent=16449"}],"curies":[{"name":"wp","href":"https:\/\/api.w.org\/{rel}","templated":true}]}}