{"id":16455,"date":"2017-02-26T13:52:43","date_gmt":"2017-02-26T13:52:43","guid":{"rendered":"http:\/\/eurospeak.de\/?page_id=16455"},"modified":"2017-05-11T14:01:29","modified_gmt":"2017-05-11T14:01:29","slug":"intercultural-training","status":"publish","type":"page","link":"https:\/\/www.eurospeak.de\/de\/intercultural-training\/","title":{"rendered":"INTERKULTURELLES TRAINING"},"content":{"rendered":"<p><img loading=\"lazy\" decoding=\"async\" class=\"size-medium wp-image-16456 alignleft\" src=\"http:\/\/joebenslimane.com\/eurospeak\/wp-content\/uploads\/2017\/02\/bild_2_7-300x280.jpg\" alt=\"\" width=\"300\" height=\"280\" srcset=\"https:\/\/www.eurospeak.de\/wp-content\/uploads\/2017\/02\/bild_2_7-300x280.jpg 300w, https:\/\/www.eurospeak.de\/wp-content\/uploads\/2017\/02\/bild_2_7.jpg 302w\" sizes=\"auto, (max-width: 300px) 100vw, 300px\" \/><\/p>\n<div class=\"right-container\">\n<h2><span id=\"titel1\">INTERKULTURELLES<\/span><span id=\"titel2\"> TRAINING<\/span><\/h2>\n<p>Spezialisten und leitende Angestellte internationaler Unternehmen, die vor einem Aufenthalt in einer fremden Kultur stehen, w\u00fcnschen oftmals ein Training zur Entwicklung ihrer internationalen Orientierung. Nur so ist es ihnen m\u00f6glich, die Herausforderung, erfolgreich in der neuen lokalen Kultur zu kooperieren, meistern zu k\u00f6nnen. Mitreisende Familienmitglieder k\u00f6nnen dabei mit in die Kurse aufgenommen werden. Wir haben unter anderem bereits Kurse \u00fcber S\u00fcdafrika, \u00e4gypten, D\u00e4nemark, Saudi Arabien, Spanien, USA, Mexiko\u00a0und Gro\u00dfbritannien angeboten.<\/p>\n<p>Eurospeak bietet zwei Arten interkultureller Vorbereitung an. Die L\u00e4nge und die Dauer der Kurse sind individuell.<\/p>\n<p><b>Praktische kulturelle Vorbereitung<\/b><br \/>\nDies beinhaltet die Analyse und die Besprechung wichtiger soziokultureller Aspekte des Lebens in der Zielkultur mit einem Trainer aus dem entsprechenden Land. Falls erforderlich kann diese Vorbereitung mit einem intensiven Sprachtraining verbunden werden. Ein interkulturelles Abendprogramm ist erg\u00e4nzend erh\u00e4ltlich.<\/p>\n<p>&nbsp;<\/p>\n<p>&nbsp;<\/p>\n<p><b>Interkulturelle Kommunikation<\/b><br \/>\nTheoretisches und praktisches Training interkultureller Fertigkeiten und Techniken bezogen auf die folgenden Bereiche:<\/p>\n<p>&nbsp;<\/p>\n<ul>\n<li>Interkulturelle Querverweise, Erstellung eines Vergleichsrahmens<\/li>\n<li>Glaube, Werte, Normen, Mentalit\u00e4t der Zielkultur<\/li>\n<li>Auswirkungen des sozio\u00f6konomischen Hintergrundes<\/li>\n<li>Gesch\u00e4ftskultur: Deutschland versus Zielkultur<\/li>\n<\/ul>\n<p>Klicken Sie bitte den unten angef\u00fchrten PDF Download Button, falls Sie ein Beispielprogramm betrachten m\u00f6chten.<\/p>\n<p>&nbsp;<\/p>\n<p><a href=\"http:\/\/www.eurospeak.de\/cross.pdf\"><span data-type=\"normal\"  class=\"qode_icon_shortcode  q_font_awsome_icon   \" style=\" \"><a  itemprop=\"url\" href=\"http:\/\/www.eurospeak.de\/cross.pdf\" target=\"_self\"><i class=\"qode_icon_font_awesome fa fa-download qode_icon_element\" style=\"\" ><\/i><\/a><\/span>\u00a0 <\/a><a href=\"http:\/\/www.eurospeak.de\/cross.pdf\">download Pdf Cross Cultural programme &#8211; 2 Days<\/a><\/p>\n<\/div>\n","protected":false},"excerpt":{"rendered":"<p>INTERKULTURELLES TRAINING Spezialisten und leitende Angestellte internationaler Unternehmen, die vor einem Aufenthalt in einer fremden Kultur stehen, w\u00fcnschen oftmals ein Training zur Entwicklung ihrer internationalen Orientierung. Nur so ist es ihnen m\u00f6glich, die Herausforderung, erfolgreich in der neuen lokalen Kultur zu kooperieren, meistern zu k\u00f6nnen&#8230;.<\/p>\n","protected":false},"author":1,"featured_media":0,"parent":0,"menu_order":0,"comment_status":"closed","ping_status":"closed","template":"","meta":{"_bbp_topic_count":0,"_bbp_reply_count":0,"_bbp_total_topic_count":0,"_bbp_total_reply_count":0,"_bbp_voice_count":0,"_bbp_anonymous_reply_count":0,"_bbp_topic_count_hidden":0,"_bbp_reply_count_hidden":0,"_bbp_forum_subforum_count":0,"footnotes":""},"class_list":["post-16455","page","type-page","status-publish","hentry"],"yoast_head":"<!-- This site is optimized with the Yoast SEO plugin v24.3 - https:\/\/yoast.com\/wordpress\/plugins\/seo\/ -->\n<title>INTERKULTURELLES TRAINING - Eurospeak<\/title>\n<meta name=\"robots\" content=\"index, follow, max-snippet:-1, max-image-preview:large, max-video-preview:-1\" \/>\n<link rel=\"canonical\" href=\"https:\/\/www.eurospeak.de\/intercultural-training\/\" \/>\n<meta property=\"og:locale\" content=\"de_DE\" \/>\n<meta property=\"og:type\" content=\"article\" \/>\n<meta property=\"og:title\" content=\"INTERKULTURELLES TRAINING - Eurospeak\" \/>\n<meta property=\"og:description\" content=\"INTERKULTURELLES TRAINING Spezialisten und leitende Angestellte internationaler Unternehmen, die vor einem Aufenthalt in einer fremden Kultur stehen, w\u00fcnschen oftmals ein Training zur Entwicklung ihrer internationalen Orientierung. Nur so ist es ihnen m\u00f6glich, die Herausforderung, erfolgreich in der neuen lokalen Kultur zu kooperieren, meistern zu k\u00f6nnen....\" \/>\n<meta property=\"og:url\" content=\"https:\/\/www.eurospeak.de\/intercultural-training\/\" \/>\n<meta property=\"og:site_name\" content=\"Eurospeak\" \/>\n<meta property=\"article:modified_time\" content=\"2017-05-11T14:01:29+00:00\" \/>\n<meta property=\"og:image\" content=\"https:\/\/www.eurospeak.de\/wp-content\/uploads\/2017\/02\/bild_2_7.jpg\" \/>\n\t<meta property=\"og:image:width\" content=\"302\" \/>\n\t<meta property=\"og:image:height\" content=\"282\" \/>\n\t<meta property=\"og:image:type\" content=\"image\/jpeg\" \/>\n<meta name=\"twitter:card\" content=\"summary_large_image\" \/>\n<meta name=\"twitter:label1\" content=\"Gesch\u00e4tzte Lesezeit\" \/>\n\t<meta name=\"twitter:data1\" content=\"1\u00a0Minute\" \/>\n<script type=\"application\/ld+json\" class=\"yoast-schema-graph\">{\"@context\":\"https:\/\/schema.org\",\"@graph\":[{\"@type\":\"WebPage\",\"@id\":\"https:\/\/www.eurospeak.de\/intercultural-training\/\",\"url\":\"https:\/\/www.eurospeak.de\/intercultural-training\/\",\"name\":\"INTERKULTURELLES TRAINING - Eurospeak\",\"isPartOf\":{\"@id\":\"https:\/\/www.eurospeak.de\/#website\"},\"primaryImageOfPage\":{\"@id\":\"https:\/\/www.eurospeak.de\/intercultural-training\/#primaryimage\"},\"image\":{\"@id\":\"https:\/\/www.eurospeak.de\/intercultural-training\/#primaryimage\"},\"thumbnailUrl\":\"http:\/\/joebenslimane.com\/eurospeak\/wp-content\/uploads\/2017\/02\/bild_2_7-300x280.jpg\",\"datePublished\":\"2017-02-26T13:52:43+00:00\",\"dateModified\":\"2017-05-11T14:01:29+00:00\",\"breadcrumb\":{\"@id\":\"https:\/\/www.eurospeak.de\/intercultural-training\/#breadcrumb\"},\"inLanguage\":\"de\",\"potentialAction\":[{\"@type\":\"ReadAction\",\"target\":[\"https:\/\/www.eurospeak.de\/intercultural-training\/\"]}]},{\"@type\":\"ImageObject\",\"inLanguage\":\"de\",\"@id\":\"https:\/\/www.eurospeak.de\/intercultural-training\/#primaryimage\",\"url\":\"http:\/\/joebenslimane.com\/eurospeak\/wp-content\/uploads\/2017\/02\/bild_2_7-300x280.jpg\",\"contentUrl\":\"http:\/\/joebenslimane.com\/eurospeak\/wp-content\/uploads\/2017\/02\/bild_2_7-300x280.jpg\"},{\"@type\":\"BreadcrumbList\",\"@id\":\"https:\/\/www.eurospeak.de\/intercultural-training\/#breadcrumb\",\"itemListElement\":[{\"@type\":\"ListItem\",\"position\":1,\"name\":\"Home\",\"item\":\"https:\/\/www.eurospeak.de\/\"},{\"@type\":\"ListItem\",\"position\":2,\"name\":\"INTERCULTURAL TRAINING\"}]},{\"@type\":\"WebSite\",\"@id\":\"https:\/\/www.eurospeak.de\/#website\",\"url\":\"https:\/\/www.eurospeak.de\/\",\"name\":\"Eurospeak\",\"description\":\"Firmenschulungen - Wirtschaftsenglisch - Sprachtraining\",\"potentialAction\":[{\"@type\":\"SearchAction\",\"target\":{\"@type\":\"EntryPoint\",\"urlTemplate\":\"https:\/\/www.eurospeak.de\/?s={search_term_string}\"},\"query-input\":{\"@type\":\"PropertyValueSpecification\",\"valueRequired\":true,\"valueName\":\"search_term_string\"}}],\"inLanguage\":\"de\"}]}<\/script>\n<!-- \/ Yoast SEO plugin. -->","yoast_head_json":{"title":"INTERKULTURELLES TRAINING - Eurospeak","robots":{"index":"index","follow":"follow","max-snippet":"max-snippet:-1","max-image-preview":"max-image-preview:large","max-video-preview":"max-video-preview:-1"},"canonical":"https:\/\/www.eurospeak.de\/intercultural-training\/","og_locale":"de_DE","og_type":"article","og_title":"INTERKULTURELLES TRAINING - Eurospeak","og_description":"INTERKULTURELLES TRAINING Spezialisten und leitende Angestellte internationaler Unternehmen, die vor einem Aufenthalt in einer fremden Kultur stehen, w\u00fcnschen oftmals ein Training zur Entwicklung ihrer internationalen Orientierung. Nur so ist es ihnen m\u00f6glich, die Herausforderung, erfolgreich in der neuen lokalen Kultur zu kooperieren, meistern zu k\u00f6nnen....","og_url":"https:\/\/www.eurospeak.de\/intercultural-training\/","og_site_name":"Eurospeak","article_modified_time":"2017-05-11T14:01:29+00:00","og_image":[{"width":302,"height":282,"url":"https:\/\/www.eurospeak.de\/wp-content\/uploads\/2017\/02\/bild_2_7.jpg","type":"image\/jpeg"}],"twitter_card":"summary_large_image","twitter_misc":{"Gesch\u00e4tzte Lesezeit":"1\u00a0Minute"},"schema":{"@context":"https:\/\/schema.org","@graph":[{"@type":"WebPage","@id":"https:\/\/www.eurospeak.de\/intercultural-training\/","url":"https:\/\/www.eurospeak.de\/intercultural-training\/","name":"INTERKULTURELLES TRAINING - Eurospeak","isPartOf":{"@id":"https:\/\/www.eurospeak.de\/#website"},"primaryImageOfPage":{"@id":"https:\/\/www.eurospeak.de\/intercultural-training\/#primaryimage"},"image":{"@id":"https:\/\/www.eurospeak.de\/intercultural-training\/#primaryimage"},"thumbnailUrl":"http:\/\/joebenslimane.com\/eurospeak\/wp-content\/uploads\/2017\/02\/bild_2_7-300x280.jpg","datePublished":"2017-02-26T13:52:43+00:00","dateModified":"2017-05-11T14:01:29+00:00","breadcrumb":{"@id":"https:\/\/www.eurospeak.de\/intercultural-training\/#breadcrumb"},"inLanguage":"de","potentialAction":[{"@type":"ReadAction","target":["https:\/\/www.eurospeak.de\/intercultural-training\/"]}]},{"@type":"ImageObject","inLanguage":"de","@id":"https:\/\/www.eurospeak.de\/intercultural-training\/#primaryimage","url":"http:\/\/joebenslimane.com\/eurospeak\/wp-content\/uploads\/2017\/02\/bild_2_7-300x280.jpg","contentUrl":"http:\/\/joebenslimane.com\/eurospeak\/wp-content\/uploads\/2017\/02\/bild_2_7-300x280.jpg"},{"@type":"BreadcrumbList","@id":"https:\/\/www.eurospeak.de\/intercultural-training\/#breadcrumb","itemListElement":[{"@type":"ListItem","position":1,"name":"Home","item":"https:\/\/www.eurospeak.de\/"},{"@type":"ListItem","position":2,"name":"INTERCULTURAL TRAINING"}]},{"@type":"WebSite","@id":"https:\/\/www.eurospeak.de\/#website","url":"https:\/\/www.eurospeak.de\/","name":"Eurospeak","description":"Firmenschulungen - Wirtschaftsenglisch - Sprachtraining","potentialAction":[{"@type":"SearchAction","target":{"@type":"EntryPoint","urlTemplate":"https:\/\/www.eurospeak.de\/?s={search_term_string}"},"query-input":{"@type":"PropertyValueSpecification","valueRequired":true,"valueName":"search_term_string"}}],"inLanguage":"de"}]}},"_links":{"self":[{"href":"https:\/\/www.eurospeak.de\/de\/wp-json\/wp\/v2\/pages\/16455","targetHints":{"allow":["GET"]}}],"collection":[{"href":"https:\/\/www.eurospeak.de\/de\/wp-json\/wp\/v2\/pages"}],"about":[{"href":"https:\/\/www.eurospeak.de\/de\/wp-json\/wp\/v2\/types\/page"}],"author":[{"embeddable":true,"href":"https:\/\/www.eurospeak.de\/de\/wp-json\/wp\/v2\/users\/1"}],"replies":[{"embeddable":true,"href":"https:\/\/www.eurospeak.de\/de\/wp-json\/wp\/v2\/comments?post=16455"}],"version-history":[{"count":9,"href":"https:\/\/www.eurospeak.de\/de\/wp-json\/wp\/v2\/pages\/16455\/revisions"}],"predecessor-version":[{"id":16675,"href":"https:\/\/www.eurospeak.de\/de\/wp-json\/wp\/v2\/pages\/16455\/revisions\/16675"}],"wp:attachment":[{"href":"https:\/\/www.eurospeak.de\/de\/wp-json\/wp\/v2\/media?parent=16455"}],"curies":[{"name":"wp","href":"https:\/\/api.w.org\/{rel}","templated":true}]}}