{"id":16463,"date":"2017-02-26T13:56:12","date_gmt":"2017-02-26T13:56:12","guid":{"rendered":"http:\/\/eurospeak.de\/?page_id=16463"},"modified":"2017-06-06T19:56:27","modified_gmt":"2017-06-06T19:56:27","slug":"other-languages","status":"publish","type":"page","link":"https:\/\/www.eurospeak.de\/de\/other-languages\/","title":{"rendered":"WEITERE SPRACHEN"},"content":{"rendered":"<p><img loading=\"lazy\" decoding=\"async\" class=\"size-medium wp-image-16464 alignleft\" src=\"http:\/\/joebenslimane.com\/eurospeak\/wp-content\/uploads\/2017\/02\/bild_2_1-300x280.jpg\" alt=\"\" width=\"300\" height=\"280\" srcset=\"https:\/\/www.eurospeak.de\/wp-content\/uploads\/2017\/02\/bild_2_1-300x280.jpg 300w, https:\/\/www.eurospeak.de\/wp-content\/uploads\/2017\/02\/bild_2_1.jpg 302w\" sizes=\"auto, (max-width: 300px) 100vw, 300px\" \/><\/p>\n<div class=\"right-container\">\n<h2><span id=\"titel1\">WEITERE<\/span><span id=\"titel2\"> SPRACHEN<\/span><\/h2>\n<p>Als Antwort auf die verst\u00e4rkte Nachfrage zahlreicher Firmen, die international t\u00e4tig sind, hat Eurospeak Abteilungen f\u00fcr das Training weiterer Sprachen neben Englisch eingerichtet.<\/p>\n<p>&nbsp;<\/p>\n<ul>\n<li>Deutsch f\u00fcr neue ausl\u00e4ndische Mitarbeiter, die sich Kenntnisse der deutschen Sprache und Kultur aneignen m\u00fcssen<\/li>\n<li>Weitere Sprachen (siehe unten)<\/li>\n<\/ul>\n<p>&nbsp;<\/p>\n<p>F\u00fcr Mitarbeiter, die eine gute Arbeitsatmosph\u00e4re schaffen wollen, wenn sie G\u00e4ste empfangen oder ausl\u00e4ndische Gesch\u00e4ftspartner besuchen, wenn sie mit ihnen telefonisch, per e-mail oder in Besprechungen kommunizieren. Unsere qualifizierten Muttersprachler helfen ihnen bei allen sprachlichen Aspekten \u2013 angefangen von Grundlagen wie Begr\u00fc\u00dfung und Vorstellung bis hin zur Sprache von Verhandlungen, einschlie\u00dflich der interkulturellen do\u00b4s und don\u2019t\u00b4s, die so wichtig f\u00fcr gesch\u00e4ftliche Beziehungen mit einem anderen Land sind.<\/p>\n<p>&nbsp;<\/p>\n<ul>\n<li>Deutsch f\u00fcr Ausl\u00e4nder<\/li>\n<li>Spanisch<\/li>\n<li>Franz\u00f6sisch<\/li>\n<li>Russisch<\/li>\n<li>Portugiesisch<\/li>\n<li>Polnisch<\/li>\n<li>andere Sprachen\u00a0nach\u00a0Anfrage<\/li>\n<\/ul>\n<\/div>\n","protected":false},"excerpt":{"rendered":"<p>WEITERE SPRACHEN Als Antwort auf die verst\u00e4rkte Nachfrage zahlreicher Firmen, die international t\u00e4tig sind, hat Eurospeak Abteilungen f\u00fcr das Training weiterer Sprachen neben Englisch eingerichtet. &nbsp; Deutsch f\u00fcr neue ausl\u00e4ndische Mitarbeiter, die sich Kenntnisse der deutschen Sprache und Kultur aneignen m\u00fcssen Weitere Sprachen (siehe unten)&#8230;<\/p>\n","protected":false},"author":1,"featured_media":0,"parent":0,"menu_order":0,"comment_status":"closed","ping_status":"closed","template":"","meta":{"_bbp_topic_count":0,"_bbp_reply_count":0,"_bbp_total_topic_count":0,"_bbp_total_reply_count":0,"_bbp_voice_count":0,"_bbp_anonymous_reply_count":0,"_bbp_topic_count_hidden":0,"_bbp_reply_count_hidden":0,"_bbp_forum_subforum_count":0,"footnotes":""},"class_list":["post-16463","page","type-page","status-publish","hentry"],"yoast_head":"<!-- This site is optimized with the Yoast SEO plugin v24.3 - https:\/\/yoast.com\/wordpress\/plugins\/seo\/ -->\n<title>WEITERE SPRACHEN - Eurospeak<\/title>\n<meta name=\"robots\" content=\"index, follow, max-snippet:-1, max-image-preview:large, max-video-preview:-1\" \/>\n<link rel=\"canonical\" href=\"https:\/\/www.eurospeak.de\/other-languages\/\" \/>\n<meta property=\"og:locale\" content=\"de_DE\" \/>\n<meta property=\"og:type\" content=\"article\" \/>\n<meta property=\"og:title\" content=\"WEITERE SPRACHEN - Eurospeak\" \/>\n<meta property=\"og:description\" content=\"WEITERE SPRACHEN Als Antwort auf die verst\u00e4rkte Nachfrage zahlreicher Firmen, die international t\u00e4tig sind, hat Eurospeak Abteilungen f\u00fcr das Training weiterer Sprachen neben Englisch eingerichtet. &nbsp; Deutsch f\u00fcr neue ausl\u00e4ndische Mitarbeiter, die sich Kenntnisse der deutschen Sprache und Kultur aneignen m\u00fcssen Weitere Sprachen (siehe unten)...\" \/>\n<meta property=\"og:url\" content=\"https:\/\/www.eurospeak.de\/other-languages\/\" \/>\n<meta property=\"og:site_name\" content=\"Eurospeak\" \/>\n<meta property=\"article:modified_time\" content=\"2017-06-06T19:56:27+00:00\" \/>\n<meta property=\"og:image\" content=\"https:\/\/www.eurospeak.de\/wp-content\/uploads\/2017\/02\/bild_2_1.jpg\" \/>\n\t<meta property=\"og:image:width\" content=\"302\" \/>\n\t<meta property=\"og:image:height\" content=\"282\" \/>\n\t<meta property=\"og:image:type\" content=\"image\/jpeg\" \/>\n<meta name=\"twitter:card\" content=\"summary_large_image\" \/>\n<meta name=\"twitter:label1\" content=\"Gesch\u00e4tzte Lesezeit\" \/>\n\t<meta name=\"twitter:data1\" content=\"1\u00a0Minute\" \/>\n<script type=\"application\/ld+json\" class=\"yoast-schema-graph\">{\"@context\":\"https:\/\/schema.org\",\"@graph\":[{\"@type\":\"WebPage\",\"@id\":\"https:\/\/www.eurospeak.de\/other-languages\/\",\"url\":\"https:\/\/www.eurospeak.de\/other-languages\/\",\"name\":\"WEITERE SPRACHEN - Eurospeak\",\"isPartOf\":{\"@id\":\"https:\/\/www.eurospeak.de\/#website\"},\"primaryImageOfPage\":{\"@id\":\"https:\/\/www.eurospeak.de\/other-languages\/#primaryimage\"},\"image\":{\"@id\":\"https:\/\/www.eurospeak.de\/other-languages\/#primaryimage\"},\"thumbnailUrl\":\"http:\/\/joebenslimane.com\/eurospeak\/wp-content\/uploads\/2017\/02\/bild_2_1-300x280.jpg\",\"datePublished\":\"2017-02-26T13:56:12+00:00\",\"dateModified\":\"2017-06-06T19:56:27+00:00\",\"breadcrumb\":{\"@id\":\"https:\/\/www.eurospeak.de\/other-languages\/#breadcrumb\"},\"inLanguage\":\"de\",\"potentialAction\":[{\"@type\":\"ReadAction\",\"target\":[\"https:\/\/www.eurospeak.de\/other-languages\/\"]}]},{\"@type\":\"ImageObject\",\"inLanguage\":\"de\",\"@id\":\"https:\/\/www.eurospeak.de\/other-languages\/#primaryimage\",\"url\":\"http:\/\/joebenslimane.com\/eurospeak\/wp-content\/uploads\/2017\/02\/bild_2_1-300x280.jpg\",\"contentUrl\":\"http:\/\/joebenslimane.com\/eurospeak\/wp-content\/uploads\/2017\/02\/bild_2_1-300x280.jpg\"},{\"@type\":\"BreadcrumbList\",\"@id\":\"https:\/\/www.eurospeak.de\/other-languages\/#breadcrumb\",\"itemListElement\":[{\"@type\":\"ListItem\",\"position\":1,\"name\":\"Home\",\"item\":\"https:\/\/www.eurospeak.de\/\"},{\"@type\":\"ListItem\",\"position\":2,\"name\":\"OTHER LANGUAGES\"}]},{\"@type\":\"WebSite\",\"@id\":\"https:\/\/www.eurospeak.de\/#website\",\"url\":\"https:\/\/www.eurospeak.de\/\",\"name\":\"Eurospeak\",\"description\":\"Firmenschulungen - Wirtschaftsenglisch - Sprachtraining\",\"potentialAction\":[{\"@type\":\"SearchAction\",\"target\":{\"@type\":\"EntryPoint\",\"urlTemplate\":\"https:\/\/www.eurospeak.de\/?s={search_term_string}\"},\"query-input\":{\"@type\":\"PropertyValueSpecification\",\"valueRequired\":true,\"valueName\":\"search_term_string\"}}],\"inLanguage\":\"de\"}]}<\/script>\n<!-- \/ Yoast SEO plugin. -->","yoast_head_json":{"title":"WEITERE SPRACHEN - Eurospeak","robots":{"index":"index","follow":"follow","max-snippet":"max-snippet:-1","max-image-preview":"max-image-preview:large","max-video-preview":"max-video-preview:-1"},"canonical":"https:\/\/www.eurospeak.de\/other-languages\/","og_locale":"de_DE","og_type":"article","og_title":"WEITERE SPRACHEN - Eurospeak","og_description":"WEITERE SPRACHEN Als Antwort auf die verst\u00e4rkte Nachfrage zahlreicher Firmen, die international t\u00e4tig sind, hat Eurospeak Abteilungen f\u00fcr das Training weiterer Sprachen neben Englisch eingerichtet. &nbsp; Deutsch f\u00fcr neue ausl\u00e4ndische Mitarbeiter, die sich Kenntnisse der deutschen Sprache und Kultur aneignen m\u00fcssen Weitere Sprachen (siehe unten)...","og_url":"https:\/\/www.eurospeak.de\/other-languages\/","og_site_name":"Eurospeak","article_modified_time":"2017-06-06T19:56:27+00:00","og_image":[{"width":302,"height":282,"url":"https:\/\/www.eurospeak.de\/wp-content\/uploads\/2017\/02\/bild_2_1.jpg","type":"image\/jpeg"}],"twitter_card":"summary_large_image","twitter_misc":{"Gesch\u00e4tzte Lesezeit":"1\u00a0Minute"},"schema":{"@context":"https:\/\/schema.org","@graph":[{"@type":"WebPage","@id":"https:\/\/www.eurospeak.de\/other-languages\/","url":"https:\/\/www.eurospeak.de\/other-languages\/","name":"WEITERE SPRACHEN - Eurospeak","isPartOf":{"@id":"https:\/\/www.eurospeak.de\/#website"},"primaryImageOfPage":{"@id":"https:\/\/www.eurospeak.de\/other-languages\/#primaryimage"},"image":{"@id":"https:\/\/www.eurospeak.de\/other-languages\/#primaryimage"},"thumbnailUrl":"http:\/\/joebenslimane.com\/eurospeak\/wp-content\/uploads\/2017\/02\/bild_2_1-300x280.jpg","datePublished":"2017-02-26T13:56:12+00:00","dateModified":"2017-06-06T19:56:27+00:00","breadcrumb":{"@id":"https:\/\/www.eurospeak.de\/other-languages\/#breadcrumb"},"inLanguage":"de","potentialAction":[{"@type":"ReadAction","target":["https:\/\/www.eurospeak.de\/other-languages\/"]}]},{"@type":"ImageObject","inLanguage":"de","@id":"https:\/\/www.eurospeak.de\/other-languages\/#primaryimage","url":"http:\/\/joebenslimane.com\/eurospeak\/wp-content\/uploads\/2017\/02\/bild_2_1-300x280.jpg","contentUrl":"http:\/\/joebenslimane.com\/eurospeak\/wp-content\/uploads\/2017\/02\/bild_2_1-300x280.jpg"},{"@type":"BreadcrumbList","@id":"https:\/\/www.eurospeak.de\/other-languages\/#breadcrumb","itemListElement":[{"@type":"ListItem","position":1,"name":"Home","item":"https:\/\/www.eurospeak.de\/"},{"@type":"ListItem","position":2,"name":"OTHER LANGUAGES"}]},{"@type":"WebSite","@id":"https:\/\/www.eurospeak.de\/#website","url":"https:\/\/www.eurospeak.de\/","name":"Eurospeak","description":"Firmenschulungen - Wirtschaftsenglisch - Sprachtraining","potentialAction":[{"@type":"SearchAction","target":{"@type":"EntryPoint","urlTemplate":"https:\/\/www.eurospeak.de\/?s={search_term_string}"},"query-input":{"@type":"PropertyValueSpecification","valueRequired":true,"valueName":"search_term_string"}}],"inLanguage":"de"}]}},"_links":{"self":[{"href":"https:\/\/www.eurospeak.de\/de\/wp-json\/wp\/v2\/pages\/16463","targetHints":{"allow":["GET"]}}],"collection":[{"href":"https:\/\/www.eurospeak.de\/de\/wp-json\/wp\/v2\/pages"}],"about":[{"href":"https:\/\/www.eurospeak.de\/de\/wp-json\/wp\/v2\/types\/page"}],"author":[{"embeddable":true,"href":"https:\/\/www.eurospeak.de\/de\/wp-json\/wp\/v2\/users\/1"}],"replies":[{"embeddable":true,"href":"https:\/\/www.eurospeak.de\/de\/wp-json\/wp\/v2\/comments?post=16463"}],"version-history":[{"count":8,"href":"https:\/\/www.eurospeak.de\/de\/wp-json\/wp\/v2\/pages\/16463\/revisions"}],"predecessor-version":[{"id":16709,"href":"https:\/\/www.eurospeak.de\/de\/wp-json\/wp\/v2\/pages\/16463\/revisions\/16709"}],"wp:attachment":[{"href":"https:\/\/www.eurospeak.de\/de\/wp-json\/wp\/v2\/media?parent=16463"}],"curies":[{"name":"wp","href":"https:\/\/api.w.org\/{rel}","templated":true}]}}