{"id":16468,"date":"2017-02-26T13:58:12","date_gmt":"2017-02-26T13:58:12","guid":{"rendered":"http:\/\/eurospeak.de\/?page_id=16468"},"modified":"2017-05-11T14:03:07","modified_gmt":"2017-05-11T14:03:07","slug":"blended-learning","status":"publish","type":"page","link":"https:\/\/www.eurospeak.de\/de\/blended-learning\/","title":{"rendered":"BLENDED LEARNING"},"content":{"rendered":"<h2><img loading=\"lazy\" decoding=\"async\" class=\"size-medium wp-image-16469 alignleft\" src=\"http:\/\/joebenslimane.com\/eurospeak\/wp-content\/uploads\/2017\/02\/bild_2_5-300x280.jpg\" alt=\"\" width=\"300\" height=\"280\" srcset=\"https:\/\/www.eurospeak.de\/wp-content\/uploads\/2017\/02\/bild_2_5-300x280.jpg 300w, https:\/\/www.eurospeak.de\/wp-content\/uploads\/2017\/02\/bild_2_5.jpg 302w\" sizes=\"auto, (max-width: 300px) 100vw, 300px\" \/>BLENDED\u00a0LEARNING<\/h2>\n<p>F\u00fcr Lernende, die durch den Druck im Arbeitsleben daran gehindert werden, regelm\u00e4\u00dfige Unterrichtsstunden zu besuchen, bietet Eurospeak &#8222;blended learning&#8220; an, ein Lernansatz, der &#8222;e-learning&#8220; und Pr\u00e4senstraining mit einer regelm\u00e4\u00dfigen Trainerunterst\u00fctzung (E-Mail, Telefon) verbindet.<\/p>\n<p>&nbsp;<\/p>\n<p>Die Benutzer erhalten einen pers\u00f6nlichen Lehrplan, der von ihrem Trainer \u00fcberwacht wird. Dieser kann dann den Kursinhalt entsprechend modifizieren, um ihn den sich entwickelnden und ver\u00e4ndernden Bed\u00fcrfnissen der Lernenden anzupassen.<\/p>\n<p>&nbsp;<\/p>\n<p>Der Trainer bietet au\u00dferdem eine Vielfalt an Unterst\u00fctzungsm\u00f6glichkeiten an. Diese k\u00f6nnen in Form von E-Mail und \/ oder durch telefonischen Kontakt, unterst\u00fctzt durch &#8222;kick-off&#8220;- und Wiederholungsworkshops und Seminare geleistet werden. Der &#8222;E-Learning&#8220;-Kurs kann auch wechselweise mit einem regelm\u00e4\u00dfigen, w\u00f6chentlichen Unterricht und E-Mail Kontakt mit dem Trainer kombiniert werden.<\/p>\n<p>&nbsp;<\/p>\n<p>Falls Sie an weiteren Einzelheiten interessiert sind, kontaktieren Sie uns, um eine kostenlose Beratung zu vereinbaren, bei der Sie herausfinden k\u00f6nnen, welche &#8222;Blended Learning&#8220;-Variante f\u00fcr Sie passend ist.<\/p>\n<p>&nbsp;<\/p>\n<p>W\u00f6chentlichen Unterricht und E-Mail\/Skype Kontakt mit dem Trainer kombiniert werden.<\/p>\n","protected":false},"excerpt":{"rendered":"<p>BLENDED\u00a0LEARNING F\u00fcr Lernende, die durch den Druck im Arbeitsleben daran gehindert werden, regelm\u00e4\u00dfige Unterrichtsstunden zu besuchen, bietet Eurospeak &#8222;blended learning&#8220; an, ein Lernansatz, der &#8222;e-learning&#8220; und Pr\u00e4senstraining mit einer regelm\u00e4\u00dfigen Trainerunterst\u00fctzung (E-Mail, Telefon) verbindet. &nbsp; Die Benutzer erhalten einen pers\u00f6nlichen Lehrplan, der von ihrem Trainer&#8230;<\/p>\n","protected":false},"author":1,"featured_media":0,"parent":0,"menu_order":0,"comment_status":"closed","ping_status":"closed","template":"","meta":{"_bbp_topic_count":0,"_bbp_reply_count":0,"_bbp_total_topic_count":0,"_bbp_total_reply_count":0,"_bbp_voice_count":0,"_bbp_anonymous_reply_count":0,"_bbp_topic_count_hidden":0,"_bbp_reply_count_hidden":0,"_bbp_forum_subforum_count":0,"footnotes":""},"class_list":["post-16468","page","type-page","status-publish","hentry"],"yoast_head":"<!-- This site is optimized with the Yoast SEO plugin v24.3 - https:\/\/yoast.com\/wordpress\/plugins\/seo\/ -->\n<title>BLENDED LEARNING - Eurospeak<\/title>\n<meta name=\"robots\" content=\"index, follow, max-snippet:-1, max-image-preview:large, max-video-preview:-1\" \/>\n<link rel=\"canonical\" href=\"https:\/\/www.eurospeak.de\/blended-learning\/\" \/>\n<meta property=\"og:locale\" content=\"de_DE\" \/>\n<meta property=\"og:type\" content=\"article\" \/>\n<meta property=\"og:title\" content=\"BLENDED LEARNING - Eurospeak\" \/>\n<meta property=\"og:description\" content=\"BLENDED\u00a0LEARNING F\u00fcr Lernende, die durch den Druck im Arbeitsleben daran gehindert werden, regelm\u00e4\u00dfige Unterrichtsstunden zu besuchen, bietet Eurospeak &#8222;blended learning&#8220; an, ein Lernansatz, der &#8222;e-learning&#8220; und Pr\u00e4senstraining mit einer regelm\u00e4\u00dfigen Trainerunterst\u00fctzung (E-Mail, Telefon) verbindet. &nbsp; Die Benutzer erhalten einen pers\u00f6nlichen Lehrplan, der von ihrem Trainer...\" \/>\n<meta property=\"og:url\" content=\"https:\/\/www.eurospeak.de\/blended-learning\/\" \/>\n<meta property=\"og:site_name\" content=\"Eurospeak\" \/>\n<meta property=\"article:modified_time\" content=\"2017-05-11T14:03:07+00:00\" \/>\n<meta property=\"og:image\" content=\"https:\/\/www.eurospeak.de\/wp-content\/uploads\/2017\/02\/bild_2_5.jpg\" \/>\n\t<meta property=\"og:image:width\" content=\"302\" \/>\n\t<meta property=\"og:image:height\" content=\"282\" \/>\n\t<meta property=\"og:image:type\" content=\"image\/jpeg\" \/>\n<meta name=\"twitter:card\" content=\"summary_large_image\" \/>\n<meta name=\"twitter:label1\" content=\"Gesch\u00e4tzte Lesezeit\" \/>\n\t<meta name=\"twitter:data1\" content=\"1\u00a0Minute\" \/>\n<script type=\"application\/ld+json\" class=\"yoast-schema-graph\">{\"@context\":\"https:\/\/schema.org\",\"@graph\":[{\"@type\":\"WebPage\",\"@id\":\"https:\/\/www.eurospeak.de\/blended-learning\/\",\"url\":\"https:\/\/www.eurospeak.de\/blended-learning\/\",\"name\":\"BLENDED LEARNING - Eurospeak\",\"isPartOf\":{\"@id\":\"https:\/\/www.eurospeak.de\/#website\"},\"primaryImageOfPage\":{\"@id\":\"https:\/\/www.eurospeak.de\/blended-learning\/#primaryimage\"},\"image\":{\"@id\":\"https:\/\/www.eurospeak.de\/blended-learning\/#primaryimage\"},\"thumbnailUrl\":\"http:\/\/joebenslimane.com\/eurospeak\/wp-content\/uploads\/2017\/02\/bild_2_5-300x280.jpg\",\"datePublished\":\"2017-02-26T13:58:12+00:00\",\"dateModified\":\"2017-05-11T14:03:07+00:00\",\"breadcrumb\":{\"@id\":\"https:\/\/www.eurospeak.de\/blended-learning\/#breadcrumb\"},\"inLanguage\":\"de\",\"potentialAction\":[{\"@type\":\"ReadAction\",\"target\":[\"https:\/\/www.eurospeak.de\/blended-learning\/\"]}]},{\"@type\":\"ImageObject\",\"inLanguage\":\"de\",\"@id\":\"https:\/\/www.eurospeak.de\/blended-learning\/#primaryimage\",\"url\":\"http:\/\/joebenslimane.com\/eurospeak\/wp-content\/uploads\/2017\/02\/bild_2_5-300x280.jpg\",\"contentUrl\":\"http:\/\/joebenslimane.com\/eurospeak\/wp-content\/uploads\/2017\/02\/bild_2_5-300x280.jpg\"},{\"@type\":\"BreadcrumbList\",\"@id\":\"https:\/\/www.eurospeak.de\/blended-learning\/#breadcrumb\",\"itemListElement\":[{\"@type\":\"ListItem\",\"position\":1,\"name\":\"Home\",\"item\":\"https:\/\/www.eurospeak.de\/\"},{\"@type\":\"ListItem\",\"position\":2,\"name\":\"BLENDED LEARNING\"}]},{\"@type\":\"WebSite\",\"@id\":\"https:\/\/www.eurospeak.de\/#website\",\"url\":\"https:\/\/www.eurospeak.de\/\",\"name\":\"Eurospeak\",\"description\":\"Firmenschulungen - Wirtschaftsenglisch - Sprachtraining\",\"potentialAction\":[{\"@type\":\"SearchAction\",\"target\":{\"@type\":\"EntryPoint\",\"urlTemplate\":\"https:\/\/www.eurospeak.de\/?s={search_term_string}\"},\"query-input\":{\"@type\":\"PropertyValueSpecification\",\"valueRequired\":true,\"valueName\":\"search_term_string\"}}],\"inLanguage\":\"de\"}]}<\/script>\n<!-- \/ Yoast SEO plugin. -->","yoast_head_json":{"title":"BLENDED LEARNING - Eurospeak","robots":{"index":"index","follow":"follow","max-snippet":"max-snippet:-1","max-image-preview":"max-image-preview:large","max-video-preview":"max-video-preview:-1"},"canonical":"https:\/\/www.eurospeak.de\/blended-learning\/","og_locale":"de_DE","og_type":"article","og_title":"BLENDED LEARNING - Eurospeak","og_description":"BLENDED\u00a0LEARNING F\u00fcr Lernende, die durch den Druck im Arbeitsleben daran gehindert werden, regelm\u00e4\u00dfige Unterrichtsstunden zu besuchen, bietet Eurospeak &#8222;blended learning&#8220; an, ein Lernansatz, der &#8222;e-learning&#8220; und Pr\u00e4senstraining mit einer regelm\u00e4\u00dfigen Trainerunterst\u00fctzung (E-Mail, Telefon) verbindet. &nbsp; Die Benutzer erhalten einen pers\u00f6nlichen Lehrplan, der von ihrem Trainer...","og_url":"https:\/\/www.eurospeak.de\/blended-learning\/","og_site_name":"Eurospeak","article_modified_time":"2017-05-11T14:03:07+00:00","og_image":[{"width":302,"height":282,"url":"https:\/\/www.eurospeak.de\/wp-content\/uploads\/2017\/02\/bild_2_5.jpg","type":"image\/jpeg"}],"twitter_card":"summary_large_image","twitter_misc":{"Gesch\u00e4tzte Lesezeit":"1\u00a0Minute"},"schema":{"@context":"https:\/\/schema.org","@graph":[{"@type":"WebPage","@id":"https:\/\/www.eurospeak.de\/blended-learning\/","url":"https:\/\/www.eurospeak.de\/blended-learning\/","name":"BLENDED LEARNING - Eurospeak","isPartOf":{"@id":"https:\/\/www.eurospeak.de\/#website"},"primaryImageOfPage":{"@id":"https:\/\/www.eurospeak.de\/blended-learning\/#primaryimage"},"image":{"@id":"https:\/\/www.eurospeak.de\/blended-learning\/#primaryimage"},"thumbnailUrl":"http:\/\/joebenslimane.com\/eurospeak\/wp-content\/uploads\/2017\/02\/bild_2_5-300x280.jpg","datePublished":"2017-02-26T13:58:12+00:00","dateModified":"2017-05-11T14:03:07+00:00","breadcrumb":{"@id":"https:\/\/www.eurospeak.de\/blended-learning\/#breadcrumb"},"inLanguage":"de","potentialAction":[{"@type":"ReadAction","target":["https:\/\/www.eurospeak.de\/blended-learning\/"]}]},{"@type":"ImageObject","inLanguage":"de","@id":"https:\/\/www.eurospeak.de\/blended-learning\/#primaryimage","url":"http:\/\/joebenslimane.com\/eurospeak\/wp-content\/uploads\/2017\/02\/bild_2_5-300x280.jpg","contentUrl":"http:\/\/joebenslimane.com\/eurospeak\/wp-content\/uploads\/2017\/02\/bild_2_5-300x280.jpg"},{"@type":"BreadcrumbList","@id":"https:\/\/www.eurospeak.de\/blended-learning\/#breadcrumb","itemListElement":[{"@type":"ListItem","position":1,"name":"Home","item":"https:\/\/www.eurospeak.de\/"},{"@type":"ListItem","position":2,"name":"BLENDED LEARNING"}]},{"@type":"WebSite","@id":"https:\/\/www.eurospeak.de\/#website","url":"https:\/\/www.eurospeak.de\/","name":"Eurospeak","description":"Firmenschulungen - Wirtschaftsenglisch - Sprachtraining","potentialAction":[{"@type":"SearchAction","target":{"@type":"EntryPoint","urlTemplate":"https:\/\/www.eurospeak.de\/?s={search_term_string}"},"query-input":{"@type":"PropertyValueSpecification","valueRequired":true,"valueName":"search_term_string"}}],"inLanguage":"de"}]}},"_links":{"self":[{"href":"https:\/\/www.eurospeak.de\/de\/wp-json\/wp\/v2\/pages\/16468","targetHints":{"allow":["GET"]}}],"collection":[{"href":"https:\/\/www.eurospeak.de\/de\/wp-json\/wp\/v2\/pages"}],"about":[{"href":"https:\/\/www.eurospeak.de\/de\/wp-json\/wp\/v2\/types\/page"}],"author":[{"embeddable":true,"href":"https:\/\/www.eurospeak.de\/de\/wp-json\/wp\/v2\/users\/1"}],"replies":[{"embeddable":true,"href":"https:\/\/www.eurospeak.de\/de\/wp-json\/wp\/v2\/comments?post=16468"}],"version-history":[{"count":8,"href":"https:\/\/www.eurospeak.de\/de\/wp-json\/wp\/v2\/pages\/16468\/revisions"}],"predecessor-version":[{"id":16676,"href":"https:\/\/www.eurospeak.de\/de\/wp-json\/wp\/v2\/pages\/16468\/revisions\/16676"}],"wp:attachment":[{"href":"https:\/\/www.eurospeak.de\/de\/wp-json\/wp\/v2\/media?parent=16468"}],"curies":[{"name":"wp","href":"https:\/\/api.w.org\/{rel}","templated":true}]}}