{"id":16471,"date":"2017-02-26T13:59:48","date_gmt":"2017-02-26T13:59:48","guid":{"rendered":"http:\/\/eurospeak.de\/?page_id=16471"},"modified":"2017-05-20T07:52:43","modified_gmt":"2017-05-20T07:52:43","slug":"translating","status":"publish","type":"page","link":"https:\/\/www.eurospeak.de\/de\/translating\/","title":{"rendered":"\u00dcBERSETZEN"},"content":{"rendered":"<p><img loading=\"lazy\" decoding=\"async\" class=\"size-medium wp-image-16472 alignleft\" src=\"http:\/\/joebenslimane.com\/eurospeak\/wp-content\/uploads\/2017\/02\/bild_2_6-300x280.jpg\" alt=\"\" width=\"300\" height=\"280\" srcset=\"https:\/\/www.eurospeak.de\/wp-content\/uploads\/2017\/02\/bild_2_6-300x280.jpg 300w, https:\/\/www.eurospeak.de\/wp-content\/uploads\/2017\/02\/bild_2_6.jpg 302w\" sizes=\"auto, (max-width: 300px) 100vw, 300px\" \/><\/p>\n<div class=\"right-container\">\n<h2><span id=\"titel1\">\u00dcBERSETZEN<\/span><\/h2>\n<p>Eurospeak bietet einen schnellen und zuverl\u00e4ssigen \u00dcbersetzungsdienst an, wobei wir absolute Diskretion garantieren. Allgemeine und spezielle \u00dcbersetzungen: Englisch &#8211; Deutsch, Deutsch &#8211; Englisch. \u00dcbersetzungen in andere Sprachen sind auf Anfrage erh\u00e4ltlich.<\/p>\n<p>&nbsp;<\/p>\n<p>Unser internationales Team von erfahrenen, muttersprachlichen \u00dcbersetzern wird ihre Texte in einer genauen und idiomatischen Weise wiedergeben, wobei der Stil der Texte originalgetreu erhalten bleibt.<\/p>\n<p>&nbsp;<\/p>\n<p>\u00dcbersetzungen sind unter anderem in den folgenden Bereichen erh\u00e4ltlich (siehe &#8222;Unsere Kunden&#8220;)<\/p>\n<p>&nbsp;<\/p>\n<ul>\n<li>Werbung<\/li>\n<li>Industrie<\/li>\n<li>Technik<\/li>\n<li>Wirtschaft<\/li>\n<li>Jura<\/li>\n<li>Vertr\u00e4ge<\/li>\n<\/ul>\n<p>&nbsp;<\/p>\n<p>Preiskategorien:<\/p>\n<p>&nbsp;<\/p>\n<p><b>Express:<\/b> Lieferung am gleichen Tag<br \/>\n<b>Eil:<\/b> Lieferung innerhalb 48 Stunden<br \/>\n<b>Normal:<\/b> Lieferung ab 3 Tage nach Erhalt<\/p>\n<p>&nbsp;<\/p>\n<p>Die Preise k\u00f6nnen pro Zeile oder als Pauschale berechnet werden. Kostenvoranschl\u00e4ge sind im Voraus erh\u00e4ltlich.<\/p>\n<\/div>\n","protected":false},"excerpt":{"rendered":"<p>\u00dcBERSETZEN Eurospeak bietet einen schnellen und zuverl\u00e4ssigen \u00dcbersetzungsdienst an, wobei wir absolute Diskretion garantieren. Allgemeine und spezielle \u00dcbersetzungen: Englisch &#8211; Deutsch, Deutsch &#8211; Englisch. \u00dcbersetzungen in andere Sprachen sind auf Anfrage erh\u00e4ltlich. &nbsp; Unser internationales Team von erfahrenen, muttersprachlichen \u00dcbersetzern wird ihre Texte in einer&#8230;<\/p>\n","protected":false},"author":1,"featured_media":0,"parent":0,"menu_order":0,"comment_status":"closed","ping_status":"closed","template":"","meta":{"_bbp_topic_count":0,"_bbp_reply_count":0,"_bbp_total_topic_count":0,"_bbp_total_reply_count":0,"_bbp_voice_count":0,"_bbp_anonymous_reply_count":0,"_bbp_topic_count_hidden":0,"_bbp_reply_count_hidden":0,"_bbp_forum_subforum_count":0,"footnotes":""},"class_list":["post-16471","page","type-page","status-publish","hentry"],"yoast_head":"<!-- This site is optimized with the Yoast SEO plugin v24.3 - https:\/\/yoast.com\/wordpress\/plugins\/seo\/ -->\n<title>\u00dcBERSETZEN - Eurospeak<\/title>\n<meta name=\"robots\" content=\"index, follow, max-snippet:-1, max-image-preview:large, max-video-preview:-1\" \/>\n<link rel=\"canonical\" href=\"https:\/\/www.eurospeak.de\/translating\/\" \/>\n<meta property=\"og:locale\" content=\"de_DE\" \/>\n<meta property=\"og:type\" content=\"article\" \/>\n<meta property=\"og:title\" content=\"\u00dcBERSETZEN - Eurospeak\" \/>\n<meta property=\"og:description\" content=\"\u00dcBERSETZEN Eurospeak bietet einen schnellen und zuverl\u00e4ssigen \u00dcbersetzungsdienst an, wobei wir absolute Diskretion garantieren. Allgemeine und spezielle \u00dcbersetzungen: Englisch &#8211; Deutsch, Deutsch &#8211; Englisch. \u00dcbersetzungen in andere Sprachen sind auf Anfrage erh\u00e4ltlich. &nbsp; Unser internationales Team von erfahrenen, muttersprachlichen \u00dcbersetzern wird ihre Texte in einer...\" \/>\n<meta property=\"og:url\" content=\"https:\/\/www.eurospeak.de\/translating\/\" \/>\n<meta property=\"og:site_name\" content=\"Eurospeak\" \/>\n<meta property=\"article:modified_time\" content=\"2017-05-20T07:52:43+00:00\" \/>\n<meta property=\"og:image\" content=\"https:\/\/www.eurospeak.de\/wp-content\/uploads\/2017\/02\/bild_2_6.jpg\" \/>\n\t<meta property=\"og:image:width\" content=\"302\" \/>\n\t<meta property=\"og:image:height\" content=\"282\" \/>\n\t<meta property=\"og:image:type\" content=\"image\/jpeg\" \/>\n<meta name=\"twitter:card\" content=\"summary_large_image\" \/>\n<meta name=\"twitter:label1\" content=\"Gesch\u00e4tzte Lesezeit\" \/>\n\t<meta name=\"twitter:data1\" content=\"1\u00a0Minute\" \/>\n<script type=\"application\/ld+json\" class=\"yoast-schema-graph\">{\"@context\":\"https:\/\/schema.org\",\"@graph\":[{\"@type\":\"WebPage\",\"@id\":\"https:\/\/www.eurospeak.de\/translating\/\",\"url\":\"https:\/\/www.eurospeak.de\/translating\/\",\"name\":\"\u00dcBERSETZEN - Eurospeak\",\"isPartOf\":{\"@id\":\"https:\/\/www.eurospeak.de\/#website\"},\"primaryImageOfPage\":{\"@id\":\"https:\/\/www.eurospeak.de\/translating\/#primaryimage\"},\"image\":{\"@id\":\"https:\/\/www.eurospeak.de\/translating\/#primaryimage\"},\"thumbnailUrl\":\"http:\/\/joebenslimane.com\/eurospeak\/wp-content\/uploads\/2017\/02\/bild_2_6-300x280.jpg\",\"datePublished\":\"2017-02-26T13:59:48+00:00\",\"dateModified\":\"2017-05-20T07:52:43+00:00\",\"breadcrumb\":{\"@id\":\"https:\/\/www.eurospeak.de\/translating\/#breadcrumb\"},\"inLanguage\":\"de\",\"potentialAction\":[{\"@type\":\"ReadAction\",\"target\":[\"https:\/\/www.eurospeak.de\/translating\/\"]}]},{\"@type\":\"ImageObject\",\"inLanguage\":\"de\",\"@id\":\"https:\/\/www.eurospeak.de\/translating\/#primaryimage\",\"url\":\"http:\/\/joebenslimane.com\/eurospeak\/wp-content\/uploads\/2017\/02\/bild_2_6-300x280.jpg\",\"contentUrl\":\"http:\/\/joebenslimane.com\/eurospeak\/wp-content\/uploads\/2017\/02\/bild_2_6-300x280.jpg\"},{\"@type\":\"BreadcrumbList\",\"@id\":\"https:\/\/www.eurospeak.de\/translating\/#breadcrumb\",\"itemListElement\":[{\"@type\":\"ListItem\",\"position\":1,\"name\":\"Home\",\"item\":\"https:\/\/www.eurospeak.de\/\"},{\"@type\":\"ListItem\",\"position\":2,\"name\":\"TRANSLATION\"}]},{\"@type\":\"WebSite\",\"@id\":\"https:\/\/www.eurospeak.de\/#website\",\"url\":\"https:\/\/www.eurospeak.de\/\",\"name\":\"Eurospeak\",\"description\":\"Firmenschulungen - Wirtschaftsenglisch - Sprachtraining\",\"potentialAction\":[{\"@type\":\"SearchAction\",\"target\":{\"@type\":\"EntryPoint\",\"urlTemplate\":\"https:\/\/www.eurospeak.de\/?s={search_term_string}\"},\"query-input\":{\"@type\":\"PropertyValueSpecification\",\"valueRequired\":true,\"valueName\":\"search_term_string\"}}],\"inLanguage\":\"de\"}]}<\/script>\n<!-- \/ Yoast SEO plugin. -->","yoast_head_json":{"title":"\u00dcBERSETZEN - Eurospeak","robots":{"index":"index","follow":"follow","max-snippet":"max-snippet:-1","max-image-preview":"max-image-preview:large","max-video-preview":"max-video-preview:-1"},"canonical":"https:\/\/www.eurospeak.de\/translating\/","og_locale":"de_DE","og_type":"article","og_title":"\u00dcBERSETZEN - Eurospeak","og_description":"\u00dcBERSETZEN Eurospeak bietet einen schnellen und zuverl\u00e4ssigen \u00dcbersetzungsdienst an, wobei wir absolute Diskretion garantieren. Allgemeine und spezielle \u00dcbersetzungen: Englisch &#8211; Deutsch, Deutsch &#8211; Englisch. \u00dcbersetzungen in andere Sprachen sind auf Anfrage erh\u00e4ltlich. &nbsp; Unser internationales Team von erfahrenen, muttersprachlichen \u00dcbersetzern wird ihre Texte in einer...","og_url":"https:\/\/www.eurospeak.de\/translating\/","og_site_name":"Eurospeak","article_modified_time":"2017-05-20T07:52:43+00:00","og_image":[{"width":302,"height":282,"url":"https:\/\/www.eurospeak.de\/wp-content\/uploads\/2017\/02\/bild_2_6.jpg","type":"image\/jpeg"}],"twitter_card":"summary_large_image","twitter_misc":{"Gesch\u00e4tzte Lesezeit":"1\u00a0Minute"},"schema":{"@context":"https:\/\/schema.org","@graph":[{"@type":"WebPage","@id":"https:\/\/www.eurospeak.de\/translating\/","url":"https:\/\/www.eurospeak.de\/translating\/","name":"\u00dcBERSETZEN - Eurospeak","isPartOf":{"@id":"https:\/\/www.eurospeak.de\/#website"},"primaryImageOfPage":{"@id":"https:\/\/www.eurospeak.de\/translating\/#primaryimage"},"image":{"@id":"https:\/\/www.eurospeak.de\/translating\/#primaryimage"},"thumbnailUrl":"http:\/\/joebenslimane.com\/eurospeak\/wp-content\/uploads\/2017\/02\/bild_2_6-300x280.jpg","datePublished":"2017-02-26T13:59:48+00:00","dateModified":"2017-05-20T07:52:43+00:00","breadcrumb":{"@id":"https:\/\/www.eurospeak.de\/translating\/#breadcrumb"},"inLanguage":"de","potentialAction":[{"@type":"ReadAction","target":["https:\/\/www.eurospeak.de\/translating\/"]}]},{"@type":"ImageObject","inLanguage":"de","@id":"https:\/\/www.eurospeak.de\/translating\/#primaryimage","url":"http:\/\/joebenslimane.com\/eurospeak\/wp-content\/uploads\/2017\/02\/bild_2_6-300x280.jpg","contentUrl":"http:\/\/joebenslimane.com\/eurospeak\/wp-content\/uploads\/2017\/02\/bild_2_6-300x280.jpg"},{"@type":"BreadcrumbList","@id":"https:\/\/www.eurospeak.de\/translating\/#breadcrumb","itemListElement":[{"@type":"ListItem","position":1,"name":"Home","item":"https:\/\/www.eurospeak.de\/"},{"@type":"ListItem","position":2,"name":"TRANSLATION"}]},{"@type":"WebSite","@id":"https:\/\/www.eurospeak.de\/#website","url":"https:\/\/www.eurospeak.de\/","name":"Eurospeak","description":"Firmenschulungen - Wirtschaftsenglisch - Sprachtraining","potentialAction":[{"@type":"SearchAction","target":{"@type":"EntryPoint","urlTemplate":"https:\/\/www.eurospeak.de\/?s={search_term_string}"},"query-input":{"@type":"PropertyValueSpecification","valueRequired":true,"valueName":"search_term_string"}}],"inLanguage":"de"}]}},"_links":{"self":[{"href":"https:\/\/www.eurospeak.de\/de\/wp-json\/wp\/v2\/pages\/16471","targetHints":{"allow":["GET"]}}],"collection":[{"href":"https:\/\/www.eurospeak.de\/de\/wp-json\/wp\/v2\/pages"}],"about":[{"href":"https:\/\/www.eurospeak.de\/de\/wp-json\/wp\/v2\/types\/page"}],"author":[{"embeddable":true,"href":"https:\/\/www.eurospeak.de\/de\/wp-json\/wp\/v2\/users\/1"}],"replies":[{"embeddable":true,"href":"https:\/\/www.eurospeak.de\/de\/wp-json\/wp\/v2\/comments?post=16471"}],"version-history":[{"count":10,"href":"https:\/\/www.eurospeak.de\/de\/wp-json\/wp\/v2\/pages\/16471\/revisions"}],"predecessor-version":[{"id":16690,"href":"https:\/\/www.eurospeak.de\/de\/wp-json\/wp\/v2\/pages\/16471\/revisions\/16690"}],"wp:attachment":[{"href":"https:\/\/www.eurospeak.de\/de\/wp-json\/wp\/v2\/media?parent=16471"}],"curies":[{"name":"wp","href":"https:\/\/api.w.org\/{rel}","templated":true}]}}