{"id":16474,"date":"2017-02-26T14:01:21","date_gmt":"2017-02-26T14:01:21","guid":{"rendered":"http:\/\/eurospeak.de\/?page_id=16474"},"modified":"2017-07-14T07:18:16","modified_gmt":"2017-07-14T07:18:16","slug":"learning-in-england","status":"publish","type":"page","link":"https:\/\/www.eurospeak.de\/de\/learning-in-england\/","title":{"rendered":"LERNEN IN ENGLAND"},"content":{"rendered":"<h2><a title=\"The English Language Centre\" href=\"http:\/\/www.elc-brighton.co.uk\/\"><img loading=\"lazy\" decoding=\"async\" class=\"size-medium wp-image-16475 alignleft\" src=\"http:\/\/joebenslimane.com\/eurospeak\/wp-content\/uploads\/2017\/02\/bild_2_8-300x280.jpg\" alt=\"\" width=\"300\" height=\"280\" srcset=\"https:\/\/www.eurospeak.de\/wp-content\/uploads\/2017\/02\/bild_2_8-300x280.jpg 300w, https:\/\/www.eurospeak.de\/wp-content\/uploads\/2017\/02\/bild_2_8.jpg 302w\" sizes=\"auto, (max-width: 300px) 100vw, 300px\" \/><\/a><span id=\"titel1\">LERNEN<\/span><span id=\"titel2\"> IN ENGLAND<\/span><\/h2>\n<p>F\u00fcr Mitarbeiter, die den Wunsch haben, in England Sprachunterricht zu nehmen, empfiehlt Eurospeak <a title=\"The English Language Centre\" href=\"http:\/\/www.elc-brighton.co.uk\/\"><strong>The English Language Centre<\/strong><\/a> in Brighton, das eine gro\u00dfe Bandbreite an Kursen in Umgangs- und Wirtschaftsenglisch anbietet.<\/p>\n<p>&nbsp;<\/p>\n<p>Arrangements k\u00f6nnen gemacht werden durch:<\/p>\n<ul>\n<li><a title=\"The English Language Centre\" href=\"http:\/\/www.elc-brighton.co.uk\/\">ELC<\/a><\/li>\n<li><a title=\"Eurospeak\" href=\"http:\/\/www.eurospeak.de\/en\/kontakt.html\">Eurospeak<\/a><\/li>\n<\/ul>\n<p>&nbsp;<\/p>\n<p>Eurospeak arrangiert Kurse f\u00fcr Sie bei ELC ohne zus\u00e4tzliche Kosten f\u00fcr Sie.<\/p>\n","protected":false},"excerpt":{"rendered":"<p>LERNEN IN ENGLAND F\u00fcr Mitarbeiter, die den Wunsch haben, in England Sprachunterricht zu nehmen, empfiehlt Eurospeak The English Language Centre in Brighton, das eine gro\u00dfe Bandbreite an Kursen in Umgangs- und Wirtschaftsenglisch anbietet. &nbsp; Arrangements k\u00f6nnen gemacht werden durch: ELC Eurospeak &nbsp; Eurospeak arrangiert Kurse&#8230;<\/p>\n","protected":false},"author":1,"featured_media":0,"parent":0,"menu_order":0,"comment_status":"closed","ping_status":"closed","template":"","meta":{"_bbp_topic_count":0,"_bbp_reply_count":0,"_bbp_total_topic_count":0,"_bbp_total_reply_count":0,"_bbp_voice_count":0,"_bbp_anonymous_reply_count":0,"_bbp_topic_count_hidden":0,"_bbp_reply_count_hidden":0,"_bbp_forum_subforum_count":0,"footnotes":""},"class_list":["post-16474","page","type-page","status-publish","hentry"],"yoast_head":"<!-- This site is optimized with the Yoast SEO plugin v24.3 - https:\/\/yoast.com\/wordpress\/plugins\/seo\/ -->\n<title>LERNEN IN ENGLAND - Eurospeak<\/title>\n<meta name=\"robots\" content=\"index, follow, max-snippet:-1, max-image-preview:large, max-video-preview:-1\" \/>\n<link rel=\"canonical\" href=\"https:\/\/www.eurospeak.de\/learning-in-england\/\" \/>\n<meta property=\"og:locale\" content=\"de_DE\" \/>\n<meta property=\"og:type\" content=\"article\" \/>\n<meta property=\"og:title\" content=\"LERNEN IN ENGLAND - Eurospeak\" \/>\n<meta property=\"og:description\" content=\"LERNEN IN ENGLAND F\u00fcr Mitarbeiter, die den Wunsch haben, in England Sprachunterricht zu nehmen, empfiehlt Eurospeak The English Language Centre in Brighton, das eine gro\u00dfe Bandbreite an Kursen in Umgangs- und Wirtschaftsenglisch anbietet. &nbsp; Arrangements k\u00f6nnen gemacht werden durch: ELC Eurospeak &nbsp; Eurospeak arrangiert Kurse...\" \/>\n<meta property=\"og:url\" content=\"https:\/\/www.eurospeak.de\/learning-in-england\/\" \/>\n<meta property=\"og:site_name\" content=\"Eurospeak\" \/>\n<meta property=\"article:modified_time\" content=\"2017-07-14T07:18:16+00:00\" \/>\n<meta property=\"og:image\" content=\"https:\/\/www.eurospeak.de\/wp-content\/uploads\/2017\/02\/bild_2_8.jpg\" \/>\n\t<meta property=\"og:image:width\" content=\"302\" \/>\n\t<meta property=\"og:image:height\" content=\"282\" \/>\n\t<meta property=\"og:image:type\" content=\"image\/jpeg\" \/>\n<meta name=\"twitter:card\" content=\"summary_large_image\" \/>\n<script type=\"application\/ld+json\" class=\"yoast-schema-graph\">{\"@context\":\"https:\/\/schema.org\",\"@graph\":[{\"@type\":\"WebPage\",\"@id\":\"https:\/\/www.eurospeak.de\/learning-in-england\/\",\"url\":\"https:\/\/www.eurospeak.de\/learning-in-england\/\",\"name\":\"LERNEN IN ENGLAND - Eurospeak\",\"isPartOf\":{\"@id\":\"https:\/\/www.eurospeak.de\/#website\"},\"primaryImageOfPage\":{\"@id\":\"https:\/\/www.eurospeak.de\/learning-in-england\/#primaryimage\"},\"image\":{\"@id\":\"https:\/\/www.eurospeak.de\/learning-in-england\/#primaryimage\"},\"thumbnailUrl\":\"http:\/\/joebenslimane.com\/eurospeak\/wp-content\/uploads\/2017\/02\/bild_2_8-300x280.jpg\",\"datePublished\":\"2017-02-26T14:01:21+00:00\",\"dateModified\":\"2017-07-14T07:18:16+00:00\",\"breadcrumb\":{\"@id\":\"https:\/\/www.eurospeak.de\/learning-in-england\/#breadcrumb\"},\"inLanguage\":\"de\",\"potentialAction\":[{\"@type\":\"ReadAction\",\"target\":[\"https:\/\/www.eurospeak.de\/learning-in-england\/\"]}]},{\"@type\":\"ImageObject\",\"inLanguage\":\"de\",\"@id\":\"https:\/\/www.eurospeak.de\/learning-in-england\/#primaryimage\",\"url\":\"http:\/\/joebenslimane.com\/eurospeak\/wp-content\/uploads\/2017\/02\/bild_2_8-300x280.jpg\",\"contentUrl\":\"http:\/\/joebenslimane.com\/eurospeak\/wp-content\/uploads\/2017\/02\/bild_2_8-300x280.jpg\"},{\"@type\":\"BreadcrumbList\",\"@id\":\"https:\/\/www.eurospeak.de\/learning-in-england\/#breadcrumb\",\"itemListElement\":[{\"@type\":\"ListItem\",\"position\":1,\"name\":\"Home\",\"item\":\"https:\/\/www.eurospeak.de\/\"},{\"@type\":\"ListItem\",\"position\":2,\"name\":\"COURSES IN ENGLAND\"}]},{\"@type\":\"WebSite\",\"@id\":\"https:\/\/www.eurospeak.de\/#website\",\"url\":\"https:\/\/www.eurospeak.de\/\",\"name\":\"Eurospeak\",\"description\":\"Firmenschulungen - Wirtschaftsenglisch - Sprachtraining\",\"potentialAction\":[{\"@type\":\"SearchAction\",\"target\":{\"@type\":\"EntryPoint\",\"urlTemplate\":\"https:\/\/www.eurospeak.de\/?s={search_term_string}\"},\"query-input\":{\"@type\":\"PropertyValueSpecification\",\"valueRequired\":true,\"valueName\":\"search_term_string\"}}],\"inLanguage\":\"de\"}]}<\/script>\n<!-- \/ Yoast SEO plugin. -->","yoast_head_json":{"title":"LERNEN IN ENGLAND - Eurospeak","robots":{"index":"index","follow":"follow","max-snippet":"max-snippet:-1","max-image-preview":"max-image-preview:large","max-video-preview":"max-video-preview:-1"},"canonical":"https:\/\/www.eurospeak.de\/learning-in-england\/","og_locale":"de_DE","og_type":"article","og_title":"LERNEN IN ENGLAND - Eurospeak","og_description":"LERNEN IN ENGLAND F\u00fcr Mitarbeiter, die den Wunsch haben, in England Sprachunterricht zu nehmen, empfiehlt Eurospeak The English Language Centre in Brighton, das eine gro\u00dfe Bandbreite an Kursen in Umgangs- und Wirtschaftsenglisch anbietet. &nbsp; Arrangements k\u00f6nnen gemacht werden durch: ELC Eurospeak &nbsp; Eurospeak arrangiert Kurse...","og_url":"https:\/\/www.eurospeak.de\/learning-in-england\/","og_site_name":"Eurospeak","article_modified_time":"2017-07-14T07:18:16+00:00","og_image":[{"width":302,"height":282,"url":"https:\/\/www.eurospeak.de\/wp-content\/uploads\/2017\/02\/bild_2_8.jpg","type":"image\/jpeg"}],"twitter_card":"summary_large_image","schema":{"@context":"https:\/\/schema.org","@graph":[{"@type":"WebPage","@id":"https:\/\/www.eurospeak.de\/learning-in-england\/","url":"https:\/\/www.eurospeak.de\/learning-in-england\/","name":"LERNEN IN ENGLAND - Eurospeak","isPartOf":{"@id":"https:\/\/www.eurospeak.de\/#website"},"primaryImageOfPage":{"@id":"https:\/\/www.eurospeak.de\/learning-in-england\/#primaryimage"},"image":{"@id":"https:\/\/www.eurospeak.de\/learning-in-england\/#primaryimage"},"thumbnailUrl":"http:\/\/joebenslimane.com\/eurospeak\/wp-content\/uploads\/2017\/02\/bild_2_8-300x280.jpg","datePublished":"2017-02-26T14:01:21+00:00","dateModified":"2017-07-14T07:18:16+00:00","breadcrumb":{"@id":"https:\/\/www.eurospeak.de\/learning-in-england\/#breadcrumb"},"inLanguage":"de","potentialAction":[{"@type":"ReadAction","target":["https:\/\/www.eurospeak.de\/learning-in-england\/"]}]},{"@type":"ImageObject","inLanguage":"de","@id":"https:\/\/www.eurospeak.de\/learning-in-england\/#primaryimage","url":"http:\/\/joebenslimane.com\/eurospeak\/wp-content\/uploads\/2017\/02\/bild_2_8-300x280.jpg","contentUrl":"http:\/\/joebenslimane.com\/eurospeak\/wp-content\/uploads\/2017\/02\/bild_2_8-300x280.jpg"},{"@type":"BreadcrumbList","@id":"https:\/\/www.eurospeak.de\/learning-in-england\/#breadcrumb","itemListElement":[{"@type":"ListItem","position":1,"name":"Home","item":"https:\/\/www.eurospeak.de\/"},{"@type":"ListItem","position":2,"name":"COURSES IN ENGLAND"}]},{"@type":"WebSite","@id":"https:\/\/www.eurospeak.de\/#website","url":"https:\/\/www.eurospeak.de\/","name":"Eurospeak","description":"Firmenschulungen - Wirtschaftsenglisch - Sprachtraining","potentialAction":[{"@type":"SearchAction","target":{"@type":"EntryPoint","urlTemplate":"https:\/\/www.eurospeak.de\/?s={search_term_string}"},"query-input":{"@type":"PropertyValueSpecification","valueRequired":true,"valueName":"search_term_string"}}],"inLanguage":"de"}]}},"_links":{"self":[{"href":"https:\/\/www.eurospeak.de\/de\/wp-json\/wp\/v2\/pages\/16474","targetHints":{"allow":["GET"]}}],"collection":[{"href":"https:\/\/www.eurospeak.de\/de\/wp-json\/wp\/v2\/pages"}],"about":[{"href":"https:\/\/www.eurospeak.de\/de\/wp-json\/wp\/v2\/types\/page"}],"author":[{"embeddable":true,"href":"https:\/\/www.eurospeak.de\/de\/wp-json\/wp\/v2\/users\/1"}],"replies":[{"embeddable":true,"href":"https:\/\/www.eurospeak.de\/de\/wp-json\/wp\/v2\/comments?post=16474"}],"version-history":[{"count":9,"href":"https:\/\/www.eurospeak.de\/de\/wp-json\/wp\/v2\/pages\/16474\/revisions"}],"predecessor-version":[{"id":16730,"href":"https:\/\/www.eurospeak.de\/de\/wp-json\/wp\/v2\/pages\/16474\/revisions\/16730"}],"wp:attachment":[{"href":"https:\/\/www.eurospeak.de\/de\/wp-json\/wp\/v2\/media?parent=16474"}],"curies":[{"name":"wp","href":"https:\/\/api.w.org\/{rel}","templated":true}]}}