{"id":16486,"date":"2017-02-26T14:05:25","date_gmt":"2017-02-26T14:05:25","guid":{"rendered":"http:\/\/eurospeak.de\/?page_id=16486"},"modified":"2017-06-06T19:54:01","modified_gmt":"2017-06-06T19:54:01","slug":"our-services","status":"publish","type":"page","link":"https:\/\/www.eurospeak.de\/de\/our-services\/","title":{"rendered":"UNSERE SERVICES"},"content":{"rendered":"<p><img loading=\"lazy\" decoding=\"async\" class=\"size-medium wp-image-16487 alignleft\" src=\"http:\/\/joebenslimane.com\/eurospeak\/wp-content\/uploads\/2017\/02\/bild_2_1-1-300x280.jpg\" alt=\"\" width=\"300\" height=\"280\" srcset=\"https:\/\/www.eurospeak.de\/wp-content\/uploads\/2017\/02\/bild_2_1-1-300x280.jpg 300w, https:\/\/www.eurospeak.de\/wp-content\/uploads\/2017\/02\/bild_2_1-1.jpg 302w\" sizes=\"auto, (max-width: 300px) 100vw, 300px\" \/><\/p>\n<div class=\"right-container\">\n<h2><span id=\"titel1\">UNSERE<\/span><span id=\"titel2\"> SERVICES<\/span><\/h2>\n<p>Die folgende Bandbreite der Services kann individuell oder miteinander kombinierbar geleistet werden. Unsere Erfahrung zeigt, dass eine enge, langfristige Zusammenarbeit mit den Personalabteilungen bei der Festlegung der Unterrichtsziele und dem darauf folgenden regelm\u00e4\u00dfigem Feedback die effektivsten Ergebnisse hervorbringt. Wir garantieren unseren Kunden einen schnellen, flexiblen und aufmerksamen Service, einen Service, auf den Sie sich wirklich verlassen k\u00f6nnen.<\/p>\n<p><b>Regelm\u00e4\u00dfiges In-House Training:<\/b> Gruppen (von maximal 8 Teilnehmern) treffen sich f\u00fcr gew\u00f6hnlich ein- oder zweimal in der Woche f\u00fcr ein 90-min\u00fctiges allgemeines Wirtschaftsenglisch Training.<\/p>\n<p><b>Intensivkurse:<\/b> Wir arrangieren Workshops und Seminare, die eine schnelle und intensive Sprachweiterentwicklung f\u00fcr Einzelpersonen oder f\u00fcr Gruppen erleichtern.<\/p>\n<p><b>Cambridge Business English Zertifikat:<\/b> Wir bieten Training f\u00fcr die drei Stufen der Cambridge BEC Pr\u00fcfungen an BEC Preliminary, BEC Vantage, BEC Higher.<\/p>\n<p><b>Einzelunterricht:<\/b> In F\u00e4llen, in denen ein individuelles Training erforderlich ist, bieten wir Schwerpunktkurse mit einer flexiblen Struktur an.<\/p>\n<p><b>Interkulturelles Training:<\/b> Wenn es f\u00fcr die Mitarbeiter erforderlich ist, eine gewisse Zeit im Ausland zu verbringen, organisiert Eurospeak interkulturelles Training, um diesen Mitarbeitern und deren Familien oder, falls n\u00f6tig, ganzen Abteilungen Orientierungshilfen zu geben.<\/p>\n<p><b>E-learning:<\/b> F\u00fcr Mitarbeiter, denen es nicht m\u00f6glich ist, an einem regelm\u00e4\u00dfigen Training teilzunehmen, k\u00f6nnen E-Learning Kurse mit variierbarer Unterst\u00fctzung arrangiert werden.<\/p>\n<p>Auf Nachfrage bietet Eurospeak auch \u00dcbersetzungen, sowie Training in anderen Sprachen an. Fragen sie uns!<\/p>\n<p style=\"margin-top:10px;\"><strong><br \/>Bitte kontaktieren Sie uns, wenn Sie Information auch \u00fcber unsere weiteren Dienstleistungen, wie z.B. Help Desk, Werbefilme\/ Vertonung, Lernen in England und Relocation Services, erhalten m\u00f6chten.<\/strong><\/p>\n<\/div>\n","protected":false},"excerpt":{"rendered":"<p>UNSERE SERVICES Die folgende Bandbreite der Services kann individuell oder miteinander kombinierbar geleistet werden. Unsere Erfahrung zeigt, dass eine enge, langfristige Zusammenarbeit mit den Personalabteilungen bei der Festlegung der Unterrichtsziele und dem darauf folgenden regelm\u00e4\u00dfigem Feedback die effektivsten Ergebnisse hervorbringt. Wir garantieren unseren Kunden einen&#8230;<\/p>\n","protected":false},"author":1,"featured_media":0,"parent":0,"menu_order":0,"comment_status":"closed","ping_status":"closed","template":"","meta":{"_bbp_topic_count":0,"_bbp_reply_count":0,"_bbp_total_topic_count":0,"_bbp_total_reply_count":0,"_bbp_voice_count":0,"_bbp_anonymous_reply_count":0,"_bbp_topic_count_hidden":0,"_bbp_reply_count_hidden":0,"_bbp_forum_subforum_count":0,"footnotes":""},"class_list":["post-16486","page","type-page","status-publish","hentry"],"yoast_head":"<!-- This site is optimized with the Yoast SEO plugin v24.3 - https:\/\/yoast.com\/wordpress\/plugins\/seo\/ -->\n<title>UNSERE SERVICES - Eurospeak<\/title>\n<meta name=\"robots\" content=\"index, follow, max-snippet:-1, max-image-preview:large, max-video-preview:-1\" \/>\n<link rel=\"canonical\" href=\"https:\/\/www.eurospeak.de\/our-services\/\" \/>\n<meta property=\"og:locale\" content=\"de_DE\" \/>\n<meta property=\"og:type\" content=\"article\" \/>\n<meta property=\"og:title\" content=\"UNSERE SERVICES - Eurospeak\" \/>\n<meta property=\"og:description\" content=\"UNSERE SERVICES Die folgende Bandbreite der Services kann individuell oder miteinander kombinierbar geleistet werden. Unsere Erfahrung zeigt, dass eine enge, langfristige Zusammenarbeit mit den Personalabteilungen bei der Festlegung der Unterrichtsziele und dem darauf folgenden regelm\u00e4\u00dfigem Feedback die effektivsten Ergebnisse hervorbringt. Wir garantieren unseren Kunden einen...\" \/>\n<meta property=\"og:url\" content=\"https:\/\/www.eurospeak.de\/our-services\/\" \/>\n<meta property=\"og:site_name\" content=\"Eurospeak\" \/>\n<meta property=\"article:modified_time\" content=\"2017-06-06T19:54:01+00:00\" \/>\n<meta property=\"og:image\" content=\"https:\/\/www.eurospeak.de\/wp-content\/uploads\/2017\/02\/bild_2_1-1.jpg\" \/>\n\t<meta property=\"og:image:width\" content=\"302\" \/>\n\t<meta property=\"og:image:height\" content=\"282\" \/>\n\t<meta property=\"og:image:type\" content=\"image\/jpeg\" \/>\n<meta name=\"twitter:card\" content=\"summary_large_image\" \/>\n<meta name=\"twitter:label1\" content=\"Gesch\u00e4tzte Lesezeit\" \/>\n\t<meta name=\"twitter:data1\" content=\"1\u00a0Minute\" \/>\n<script type=\"application\/ld+json\" class=\"yoast-schema-graph\">{\"@context\":\"https:\/\/schema.org\",\"@graph\":[{\"@type\":\"WebPage\",\"@id\":\"https:\/\/www.eurospeak.de\/our-services\/\",\"url\":\"https:\/\/www.eurospeak.de\/our-services\/\",\"name\":\"UNSERE SERVICES - Eurospeak\",\"isPartOf\":{\"@id\":\"https:\/\/www.eurospeak.de\/#website\"},\"primaryImageOfPage\":{\"@id\":\"https:\/\/www.eurospeak.de\/our-services\/#primaryimage\"},\"image\":{\"@id\":\"https:\/\/www.eurospeak.de\/our-services\/#primaryimage\"},\"thumbnailUrl\":\"http:\/\/joebenslimane.com\/eurospeak\/wp-content\/uploads\/2017\/02\/bild_2_1-1-300x280.jpg\",\"datePublished\":\"2017-02-26T14:05:25+00:00\",\"dateModified\":\"2017-06-06T19:54:01+00:00\",\"breadcrumb\":{\"@id\":\"https:\/\/www.eurospeak.de\/our-services\/#breadcrumb\"},\"inLanguage\":\"de\",\"potentialAction\":[{\"@type\":\"ReadAction\",\"target\":[\"https:\/\/www.eurospeak.de\/our-services\/\"]}]},{\"@type\":\"ImageObject\",\"inLanguage\":\"de\",\"@id\":\"https:\/\/www.eurospeak.de\/our-services\/#primaryimage\",\"url\":\"http:\/\/joebenslimane.com\/eurospeak\/wp-content\/uploads\/2017\/02\/bild_2_1-1-300x280.jpg\",\"contentUrl\":\"http:\/\/joebenslimane.com\/eurospeak\/wp-content\/uploads\/2017\/02\/bild_2_1-1-300x280.jpg\"},{\"@type\":\"BreadcrumbList\",\"@id\":\"https:\/\/www.eurospeak.de\/our-services\/#breadcrumb\",\"itemListElement\":[{\"@type\":\"ListItem\",\"position\":1,\"name\":\"Home\",\"item\":\"https:\/\/www.eurospeak.de\/\"},{\"@type\":\"ListItem\",\"position\":2,\"name\":\"OUR SERVICES\"}]},{\"@type\":\"WebSite\",\"@id\":\"https:\/\/www.eurospeak.de\/#website\",\"url\":\"https:\/\/www.eurospeak.de\/\",\"name\":\"Eurospeak\",\"description\":\"Firmenschulungen - Wirtschaftsenglisch - Sprachtraining\",\"potentialAction\":[{\"@type\":\"SearchAction\",\"target\":{\"@type\":\"EntryPoint\",\"urlTemplate\":\"https:\/\/www.eurospeak.de\/?s={search_term_string}\"},\"query-input\":{\"@type\":\"PropertyValueSpecification\",\"valueRequired\":true,\"valueName\":\"search_term_string\"}}],\"inLanguage\":\"de\"}]}<\/script>\n<!-- \/ Yoast SEO plugin. -->","yoast_head_json":{"title":"UNSERE SERVICES - Eurospeak","robots":{"index":"index","follow":"follow","max-snippet":"max-snippet:-1","max-image-preview":"max-image-preview:large","max-video-preview":"max-video-preview:-1"},"canonical":"https:\/\/www.eurospeak.de\/our-services\/","og_locale":"de_DE","og_type":"article","og_title":"UNSERE SERVICES - Eurospeak","og_description":"UNSERE SERVICES Die folgende Bandbreite der Services kann individuell oder miteinander kombinierbar geleistet werden. Unsere Erfahrung zeigt, dass eine enge, langfristige Zusammenarbeit mit den Personalabteilungen bei der Festlegung der Unterrichtsziele und dem darauf folgenden regelm\u00e4\u00dfigem Feedback die effektivsten Ergebnisse hervorbringt. Wir garantieren unseren Kunden einen...","og_url":"https:\/\/www.eurospeak.de\/our-services\/","og_site_name":"Eurospeak","article_modified_time":"2017-06-06T19:54:01+00:00","og_image":[{"width":302,"height":282,"url":"https:\/\/www.eurospeak.de\/wp-content\/uploads\/2017\/02\/bild_2_1-1.jpg","type":"image\/jpeg"}],"twitter_card":"summary_large_image","twitter_misc":{"Gesch\u00e4tzte Lesezeit":"1\u00a0Minute"},"schema":{"@context":"https:\/\/schema.org","@graph":[{"@type":"WebPage","@id":"https:\/\/www.eurospeak.de\/our-services\/","url":"https:\/\/www.eurospeak.de\/our-services\/","name":"UNSERE SERVICES - Eurospeak","isPartOf":{"@id":"https:\/\/www.eurospeak.de\/#website"},"primaryImageOfPage":{"@id":"https:\/\/www.eurospeak.de\/our-services\/#primaryimage"},"image":{"@id":"https:\/\/www.eurospeak.de\/our-services\/#primaryimage"},"thumbnailUrl":"http:\/\/joebenslimane.com\/eurospeak\/wp-content\/uploads\/2017\/02\/bild_2_1-1-300x280.jpg","datePublished":"2017-02-26T14:05:25+00:00","dateModified":"2017-06-06T19:54:01+00:00","breadcrumb":{"@id":"https:\/\/www.eurospeak.de\/our-services\/#breadcrumb"},"inLanguage":"de","potentialAction":[{"@type":"ReadAction","target":["https:\/\/www.eurospeak.de\/our-services\/"]}]},{"@type":"ImageObject","inLanguage":"de","@id":"https:\/\/www.eurospeak.de\/our-services\/#primaryimage","url":"http:\/\/joebenslimane.com\/eurospeak\/wp-content\/uploads\/2017\/02\/bild_2_1-1-300x280.jpg","contentUrl":"http:\/\/joebenslimane.com\/eurospeak\/wp-content\/uploads\/2017\/02\/bild_2_1-1-300x280.jpg"},{"@type":"BreadcrumbList","@id":"https:\/\/www.eurospeak.de\/our-services\/#breadcrumb","itemListElement":[{"@type":"ListItem","position":1,"name":"Home","item":"https:\/\/www.eurospeak.de\/"},{"@type":"ListItem","position":2,"name":"OUR SERVICES"}]},{"@type":"WebSite","@id":"https:\/\/www.eurospeak.de\/#website","url":"https:\/\/www.eurospeak.de\/","name":"Eurospeak","description":"Firmenschulungen - Wirtschaftsenglisch - Sprachtraining","potentialAction":[{"@type":"SearchAction","target":{"@type":"EntryPoint","urlTemplate":"https:\/\/www.eurospeak.de\/?s={search_term_string}"},"query-input":{"@type":"PropertyValueSpecification","valueRequired":true,"valueName":"search_term_string"}}],"inLanguage":"de"}]}},"_links":{"self":[{"href":"https:\/\/www.eurospeak.de\/de\/wp-json\/wp\/v2\/pages\/16486","targetHints":{"allow":["GET"]}}],"collection":[{"href":"https:\/\/www.eurospeak.de\/de\/wp-json\/wp\/v2\/pages"}],"about":[{"href":"https:\/\/www.eurospeak.de\/de\/wp-json\/wp\/v2\/types\/page"}],"author":[{"embeddable":true,"href":"https:\/\/www.eurospeak.de\/de\/wp-json\/wp\/v2\/users\/1"}],"replies":[{"embeddable":true,"href":"https:\/\/www.eurospeak.de\/de\/wp-json\/wp\/v2\/comments?post=16486"}],"version-history":[{"count":10,"href":"https:\/\/www.eurospeak.de\/de\/wp-json\/wp\/v2\/pages\/16486\/revisions"}],"predecessor-version":[{"id":16706,"href":"https:\/\/www.eurospeak.de\/de\/wp-json\/wp\/v2\/pages\/16486\/revisions\/16706"}],"wp:attachment":[{"href":"https:\/\/www.eurospeak.de\/de\/wp-json\/wp\/v2\/media?parent=16486"}],"curies":[{"name":"wp","href":"https:\/\/api.w.org\/{rel}","templated":true}]}}