{"id":16495,"date":"2017-02-26T14:11:05","date_gmt":"2017-02-26T14:11:05","guid":{"rendered":"http:\/\/eurospeak.de\/?page_id=16495"},"modified":"2017-07-12T08:45:21","modified_gmt":"2017-07-12T08:45:21","slug":"about","status":"publish","type":"page","link":"https:\/\/www.eurospeak.de\/de\/about\/","title":{"rendered":"\u00dcBER UNS"},"content":{"rendered":"<h2><img loading=\"lazy\" decoding=\"async\" class=\"size-medium wp-image-16490 alignleft\" src=\"http:\/\/joebenslimane.com\/eurospeak\/wp-content\/uploads\/2014\/03\/bild_1_1-300x280.jpg\" alt=\"\" width=\"300\" height=\"280\" srcset=\"https:\/\/www.eurospeak.de\/wp-content\/uploads\/2014\/03\/bild_1_1-300x280.jpg 300w, https:\/\/www.eurospeak.de\/wp-content\/uploads\/2014\/03\/bild_1_1.jpg 302w\" sizes=\"auto, (max-width: 300px) 100vw, 300px\" \/>\u00dcBER UNS<\/h2>\n<p>Seit bereits \u00fcber 20 Jahren ist Eurospeak darauf spezialisiert, effektives &#8222;In House&#8220;-Kommunikationstraining f\u00fcr Wirtschaftsenglisch sowohl f\u00fcr Firmen als auch f\u00fcr den \u00f6ffentlichen Sektor anzubieten.<\/p>\n<p>&nbsp;<\/p>\n<p>Eurospeak bietet kreative, flexible L\u00f6sungen f\u00fcr Ihre globalen Gesch\u00e4ftsbed\u00fcrfnisse, von der Entwicklung der Kommunikationsf\u00e4higkeit bis zur Schaffung wachsenden interkulturellen Verst\u00e4ndnisses. Jeder Trainingsplan wird individuell entworfen, um praxis- und zielorientierte Ergebnisse zu erzielen.<\/p>\n<p>&nbsp;<\/p>\n<p>Unser Training orientiert sich an den Richtlinien des Gemeinsamen Europ\u00e4ischen Referenzrahmens f\u00fcr Moderne Sprachen (CEF). Um die maximale Motivation der Teilnehmer sicherzustellen und um klare Ziele zu setzen, kann Eurospeak auch das entsprechende Training und die Gelegenheit bieten, eine internationale Akkreditierung durch die drei Stufen des &#8222;Cambridge Business English Certificate&#8220; (BEC) zu erreichen.<\/p>\n<p>&nbsp;<\/p>\n<p>Sind Sie interessiert, mehr \u00fcber uns herauszufinden? Wenden Sie sich an uns, um ein kostenloses, unverbindliches Beratungsgespr\u00e4ch zu vereinbaren oder f\u00fcllen Sie unseren <a href=\"\/placement-test\/\">Online-Einstufungstest aus.<\/a><\/p>\n","protected":false},"excerpt":{"rendered":"<p>\u00dcBER UNS Seit bereits \u00fcber 20 Jahren ist Eurospeak darauf spezialisiert, effektives &#8222;In House&#8220;-Kommunikationstraining f\u00fcr Wirtschaftsenglisch sowohl f\u00fcr Firmen als auch f\u00fcr den \u00f6ffentlichen Sektor anzubieten. &nbsp; Eurospeak bietet kreative, flexible L\u00f6sungen f\u00fcr Ihre globalen Gesch\u00e4ftsbed\u00fcrfnisse, von der Entwicklung der Kommunikationsf\u00e4higkeit bis zur Schaffung wachsenden&#8230;<\/p>\n","protected":false},"author":1,"featured_media":0,"parent":0,"menu_order":0,"comment_status":"closed","ping_status":"closed","template":"","meta":{"_bbp_topic_count":0,"_bbp_reply_count":0,"_bbp_total_topic_count":0,"_bbp_total_reply_count":0,"_bbp_voice_count":0,"_bbp_anonymous_reply_count":0,"_bbp_topic_count_hidden":0,"_bbp_reply_count_hidden":0,"_bbp_forum_subforum_count":0,"footnotes":""},"class_list":["post-16495","page","type-page","status-publish","hentry"],"yoast_head":"<!-- This site is optimized with the Yoast SEO plugin v24.3 - https:\/\/yoast.com\/wordpress\/plugins\/seo\/ -->\n<title>\u00dcBER UNS - Eurospeak<\/title>\n<meta name=\"robots\" content=\"index, follow, max-snippet:-1, max-image-preview:large, max-video-preview:-1\" \/>\n<link rel=\"canonical\" href=\"https:\/\/www.eurospeak.de\/about\/\" \/>\n<meta property=\"og:locale\" content=\"de_DE\" \/>\n<meta property=\"og:type\" content=\"article\" \/>\n<meta property=\"og:title\" content=\"\u00dcBER UNS - Eurospeak\" \/>\n<meta property=\"og:description\" content=\"\u00dcBER UNS Seit bereits \u00fcber 20 Jahren ist Eurospeak darauf spezialisiert, effektives &#8222;In House&#8220;-Kommunikationstraining f\u00fcr Wirtschaftsenglisch sowohl f\u00fcr Firmen als auch f\u00fcr den \u00f6ffentlichen Sektor anzubieten. &nbsp; Eurospeak bietet kreative, flexible L\u00f6sungen f\u00fcr Ihre globalen Gesch\u00e4ftsbed\u00fcrfnisse, von der Entwicklung der Kommunikationsf\u00e4higkeit bis zur Schaffung wachsenden...\" \/>\n<meta property=\"og:url\" content=\"https:\/\/www.eurospeak.de\/about\/\" \/>\n<meta property=\"og:site_name\" content=\"Eurospeak\" \/>\n<meta property=\"article:modified_time\" content=\"2017-07-12T08:45:21+00:00\" \/>\n<meta property=\"og:image\" content=\"https:\/\/www.eurospeak.de\/wp-content\/uploads\/2014\/03\/bild_1_1.jpg\" \/>\n\t<meta property=\"og:image:width\" content=\"302\" \/>\n\t<meta property=\"og:image:height\" content=\"282\" \/>\n\t<meta property=\"og:image:type\" content=\"image\/jpeg\" \/>\n<meta name=\"twitter:card\" content=\"summary_large_image\" \/>\n<meta name=\"twitter:label1\" content=\"Gesch\u00e4tzte Lesezeit\" \/>\n\t<meta name=\"twitter:data1\" content=\"1\u00a0Minute\" \/>\n<script type=\"application\/ld+json\" class=\"yoast-schema-graph\">{\"@context\":\"https:\/\/schema.org\",\"@graph\":[{\"@type\":\"WebPage\",\"@id\":\"https:\/\/www.eurospeak.de\/about\/\",\"url\":\"https:\/\/www.eurospeak.de\/about\/\",\"name\":\"\u00dcBER UNS - Eurospeak\",\"isPartOf\":{\"@id\":\"https:\/\/www.eurospeak.de\/#website\"},\"primaryImageOfPage\":{\"@id\":\"https:\/\/www.eurospeak.de\/about\/#primaryimage\"},\"image\":{\"@id\":\"https:\/\/www.eurospeak.de\/about\/#primaryimage\"},\"thumbnailUrl\":\"http:\/\/joebenslimane.com\/eurospeak\/wp-content\/uploads\/2014\/03\/bild_1_1-300x280.jpg\",\"datePublished\":\"2017-02-26T14:11:05+00:00\",\"dateModified\":\"2017-07-12T08:45:21+00:00\",\"breadcrumb\":{\"@id\":\"https:\/\/www.eurospeak.de\/about\/#breadcrumb\"},\"inLanguage\":\"de\",\"potentialAction\":[{\"@type\":\"ReadAction\",\"target\":[\"https:\/\/www.eurospeak.de\/about\/\"]}]},{\"@type\":\"ImageObject\",\"inLanguage\":\"de\",\"@id\":\"https:\/\/www.eurospeak.de\/about\/#primaryimage\",\"url\":\"http:\/\/joebenslimane.com\/eurospeak\/wp-content\/uploads\/2014\/03\/bild_1_1-300x280.jpg\",\"contentUrl\":\"http:\/\/joebenslimane.com\/eurospeak\/wp-content\/uploads\/2014\/03\/bild_1_1-300x280.jpg\"},{\"@type\":\"BreadcrumbList\",\"@id\":\"https:\/\/www.eurospeak.de\/about\/#breadcrumb\",\"itemListElement\":[{\"@type\":\"ListItem\",\"position\":1,\"name\":\"Home\",\"item\":\"https:\/\/www.eurospeak.de\/\"},{\"@type\":\"ListItem\",\"position\":2,\"name\":\"ABOUT US\"}]},{\"@type\":\"WebSite\",\"@id\":\"https:\/\/www.eurospeak.de\/#website\",\"url\":\"https:\/\/www.eurospeak.de\/\",\"name\":\"Eurospeak\",\"description\":\"Firmenschulungen - Wirtschaftsenglisch - Sprachtraining\",\"potentialAction\":[{\"@type\":\"SearchAction\",\"target\":{\"@type\":\"EntryPoint\",\"urlTemplate\":\"https:\/\/www.eurospeak.de\/?s={search_term_string}\"},\"query-input\":{\"@type\":\"PropertyValueSpecification\",\"valueRequired\":true,\"valueName\":\"search_term_string\"}}],\"inLanguage\":\"de\"}]}<\/script>\n<!-- \/ Yoast SEO plugin. -->","yoast_head_json":{"title":"\u00dcBER UNS - Eurospeak","robots":{"index":"index","follow":"follow","max-snippet":"max-snippet:-1","max-image-preview":"max-image-preview:large","max-video-preview":"max-video-preview:-1"},"canonical":"https:\/\/www.eurospeak.de\/about\/","og_locale":"de_DE","og_type":"article","og_title":"\u00dcBER UNS - Eurospeak","og_description":"\u00dcBER UNS Seit bereits \u00fcber 20 Jahren ist Eurospeak darauf spezialisiert, effektives &#8222;In House&#8220;-Kommunikationstraining f\u00fcr Wirtschaftsenglisch sowohl f\u00fcr Firmen als auch f\u00fcr den \u00f6ffentlichen Sektor anzubieten. &nbsp; Eurospeak bietet kreative, flexible L\u00f6sungen f\u00fcr Ihre globalen Gesch\u00e4ftsbed\u00fcrfnisse, von der Entwicklung der Kommunikationsf\u00e4higkeit bis zur Schaffung wachsenden...","og_url":"https:\/\/www.eurospeak.de\/about\/","og_site_name":"Eurospeak","article_modified_time":"2017-07-12T08:45:21+00:00","og_image":[{"width":302,"height":282,"url":"https:\/\/www.eurospeak.de\/wp-content\/uploads\/2014\/03\/bild_1_1.jpg","type":"image\/jpeg"}],"twitter_card":"summary_large_image","twitter_misc":{"Gesch\u00e4tzte Lesezeit":"1\u00a0Minute"},"schema":{"@context":"https:\/\/schema.org","@graph":[{"@type":"WebPage","@id":"https:\/\/www.eurospeak.de\/about\/","url":"https:\/\/www.eurospeak.de\/about\/","name":"\u00dcBER UNS - Eurospeak","isPartOf":{"@id":"https:\/\/www.eurospeak.de\/#website"},"primaryImageOfPage":{"@id":"https:\/\/www.eurospeak.de\/about\/#primaryimage"},"image":{"@id":"https:\/\/www.eurospeak.de\/about\/#primaryimage"},"thumbnailUrl":"http:\/\/joebenslimane.com\/eurospeak\/wp-content\/uploads\/2014\/03\/bild_1_1-300x280.jpg","datePublished":"2017-02-26T14:11:05+00:00","dateModified":"2017-07-12T08:45:21+00:00","breadcrumb":{"@id":"https:\/\/www.eurospeak.de\/about\/#breadcrumb"},"inLanguage":"de","potentialAction":[{"@type":"ReadAction","target":["https:\/\/www.eurospeak.de\/about\/"]}]},{"@type":"ImageObject","inLanguage":"de","@id":"https:\/\/www.eurospeak.de\/about\/#primaryimage","url":"http:\/\/joebenslimane.com\/eurospeak\/wp-content\/uploads\/2014\/03\/bild_1_1-300x280.jpg","contentUrl":"http:\/\/joebenslimane.com\/eurospeak\/wp-content\/uploads\/2014\/03\/bild_1_1-300x280.jpg"},{"@type":"BreadcrumbList","@id":"https:\/\/www.eurospeak.de\/about\/#breadcrumb","itemListElement":[{"@type":"ListItem","position":1,"name":"Home","item":"https:\/\/www.eurospeak.de\/"},{"@type":"ListItem","position":2,"name":"ABOUT US"}]},{"@type":"WebSite","@id":"https:\/\/www.eurospeak.de\/#website","url":"https:\/\/www.eurospeak.de\/","name":"Eurospeak","description":"Firmenschulungen - Wirtschaftsenglisch - Sprachtraining","potentialAction":[{"@type":"SearchAction","target":{"@type":"EntryPoint","urlTemplate":"https:\/\/www.eurospeak.de\/?s={search_term_string}"},"query-input":{"@type":"PropertyValueSpecification","valueRequired":true,"valueName":"search_term_string"}}],"inLanguage":"de"}]}},"_links":{"self":[{"href":"https:\/\/www.eurospeak.de\/de\/wp-json\/wp\/v2\/pages\/16495","targetHints":{"allow":["GET"]}}],"collection":[{"href":"https:\/\/www.eurospeak.de\/de\/wp-json\/wp\/v2\/pages"}],"about":[{"href":"https:\/\/www.eurospeak.de\/de\/wp-json\/wp\/v2\/types\/page"}],"author":[{"embeddable":true,"href":"https:\/\/www.eurospeak.de\/de\/wp-json\/wp\/v2\/users\/1"}],"replies":[{"embeddable":true,"href":"https:\/\/www.eurospeak.de\/de\/wp-json\/wp\/v2\/comments?post=16495"}],"version-history":[{"count":7,"href":"https:\/\/www.eurospeak.de\/de\/wp-json\/wp\/v2\/pages\/16495\/revisions"}],"predecessor-version":[{"id":16728,"href":"https:\/\/www.eurospeak.de\/de\/wp-json\/wp\/v2\/pages\/16495\/revisions\/16728"}],"wp:attachment":[{"href":"https:\/\/www.eurospeak.de\/de\/wp-json\/wp\/v2\/media?parent=16495"}],"curies":[{"name":"wp","href":"https:\/\/api.w.org\/{rel}","templated":true}]}}