{"id":16502,"date":"2017-02-26T14:16:17","date_gmt":"2017-02-26T14:16:17","guid":{"rendered":"http:\/\/eurospeak.de\/?page_id=16502"},"modified":"2017-06-05T12:12:45","modified_gmt":"2017-06-05T12:12:45","slug":"last-minute","status":"publish","type":"page","link":"https:\/\/www.eurospeak.de\/de\/last-minute\/","title":{"rendered":"LAST MINUTE"},"content":{"rendered":"<p><img loading=\"lazy\" decoding=\"async\" class=\"size-medium wp-image-16503 alignleft\" src=\"http:\/\/joebenslimane.com\/eurospeak\/wp-content\/uploads\/2017\/02\/bild_4-300x280.jpg\" alt=\"\" width=\"300\" height=\"280\" srcset=\"https:\/\/www.eurospeak.de\/wp-content\/uploads\/2017\/02\/bild_4-300x280.jpg 300w, https:\/\/www.eurospeak.de\/wp-content\/uploads\/2017\/02\/bild_4.jpg 302w\" sizes=\"auto, (max-width: 300px) 100vw, 300px\" \/><\/p>\n<div class=\"right-container\">\n<h2><b><\/b><span id=\"titel1\">LAST<\/span><span id=\"titel2\"> MINUTE<\/span><\/h2>\n<p><b>Reaktivierung:<\/b><br \/>\nSie konnten Englisch einmal ziemlich gut sprechen und verstehen. Aber seit Ihrer Schulzeit oder in Ihrer vorigen Stelle hatten Sie nicht die Gelegenheit, die englische Sprache aktiv anzuwenden. Die Kenntnisse sind da, aber, wie eine Maschine, die lange nicht benutzt wurde, sind sie &#8222;verrostet&#8220;. Und dann werden Sie pl\u00f6tzlich eines Tages im Beruf mit der Notwendigkeit konfrontiert, Englisch wieder international benutzen zu m\u00fcssen. Lassen Sie uns also Ihre schlummernden Kenntnisse f\u00fcr Sie schnell und effektiv in Form eines Eurospeak Seminars oder Workshops aktivieren.<\/p>\n<p>&nbsp;<\/p>\n<p><b>Einzelunterricht:<\/b><br \/>\nSteht eine wichtige Besprechung, Pr\u00e4sentation oder ein soziales Ereignis bevor? Bef\u00fcrchten Sie, dass Ihnen die notwendige Praxis in der Fremdsprache fehlt? Rufen Sie uns jetzt an, um ein zielgerichtetes Training zu vereinbaren. So k\u00f6nnen Sie sicherstellen, dass Sie die fremdsprachliche Herausforderung gut meistern werden.<br \/>\nWir sind flexibel: Buchen Sie so viele oder so wenige Stunden, wie Sie w\u00fcnschen. Ein Termin mit den Trainern kann schnell arrangiert werden, falls n\u00f6tig, von einem Tag auf den anderen.<\/p>\n<p>&nbsp;<\/p>\n<p><strong>Um Informationen \u00fcber eines der oben genannten Angebote zu erhalten, rufen Sie uns unter 040 22 54 60 an.<\/strong><\/div>\n","protected":false},"excerpt":{"rendered":"<p>LAST MINUTE Reaktivierung: Sie konnten Englisch einmal ziemlich gut sprechen und verstehen. Aber seit Ihrer Schulzeit oder in Ihrer vorigen Stelle hatten Sie nicht die Gelegenheit, die englische Sprache aktiv anzuwenden. Die Kenntnisse sind da, aber, wie eine Maschine, die lange nicht benutzt wurde, sind&#8230;<\/p>\n","protected":false},"author":1,"featured_media":0,"parent":0,"menu_order":0,"comment_status":"closed","ping_status":"closed","template":"","meta":{"_bbp_topic_count":0,"_bbp_reply_count":0,"_bbp_total_topic_count":0,"_bbp_total_reply_count":0,"_bbp_voice_count":0,"_bbp_anonymous_reply_count":0,"_bbp_topic_count_hidden":0,"_bbp_reply_count_hidden":0,"_bbp_forum_subforum_count":0,"footnotes":""},"class_list":["post-16502","page","type-page","status-publish","hentry"],"yoast_head":"<!-- This site is optimized with the Yoast SEO plugin v24.3 - https:\/\/yoast.com\/wordpress\/plugins\/seo\/ -->\n<title>LAST MINUTE - Eurospeak<\/title>\n<meta name=\"robots\" content=\"index, follow, max-snippet:-1, max-image-preview:large, max-video-preview:-1\" \/>\n<link rel=\"canonical\" href=\"https:\/\/www.eurospeak.de\/last-minute\/\" \/>\n<meta property=\"og:locale\" content=\"de_DE\" \/>\n<meta property=\"og:type\" content=\"article\" \/>\n<meta property=\"og:title\" content=\"LAST MINUTE - Eurospeak\" \/>\n<meta property=\"og:description\" content=\"LAST MINUTE Reaktivierung: Sie konnten Englisch einmal ziemlich gut sprechen und verstehen. Aber seit Ihrer Schulzeit oder in Ihrer vorigen Stelle hatten Sie nicht die Gelegenheit, die englische Sprache aktiv anzuwenden. Die Kenntnisse sind da, aber, wie eine Maschine, die lange nicht benutzt wurde, sind...\" \/>\n<meta property=\"og:url\" content=\"https:\/\/www.eurospeak.de\/last-minute\/\" \/>\n<meta property=\"og:site_name\" content=\"Eurospeak\" \/>\n<meta property=\"article:modified_time\" content=\"2017-06-05T12:12:45+00:00\" \/>\n<meta property=\"og:image\" content=\"https:\/\/www.eurospeak.de\/wp-content\/uploads\/2017\/02\/bild_4.jpg\" \/>\n\t<meta property=\"og:image:width\" content=\"302\" \/>\n\t<meta property=\"og:image:height\" content=\"282\" \/>\n\t<meta property=\"og:image:type\" content=\"image\/jpeg\" \/>\n<meta name=\"twitter:card\" content=\"summary_large_image\" \/>\n<meta name=\"twitter:label1\" content=\"Gesch\u00e4tzte Lesezeit\" \/>\n\t<meta name=\"twitter:data1\" content=\"1\u00a0Minute\" \/>\n<script type=\"application\/ld+json\" class=\"yoast-schema-graph\">{\"@context\":\"https:\/\/schema.org\",\"@graph\":[{\"@type\":\"WebPage\",\"@id\":\"https:\/\/www.eurospeak.de\/last-minute\/\",\"url\":\"https:\/\/www.eurospeak.de\/last-minute\/\",\"name\":\"LAST MINUTE - Eurospeak\",\"isPartOf\":{\"@id\":\"https:\/\/www.eurospeak.de\/#website\"},\"primaryImageOfPage\":{\"@id\":\"https:\/\/www.eurospeak.de\/last-minute\/#primaryimage\"},\"image\":{\"@id\":\"https:\/\/www.eurospeak.de\/last-minute\/#primaryimage\"},\"thumbnailUrl\":\"http:\/\/joebenslimane.com\/eurospeak\/wp-content\/uploads\/2017\/02\/bild_4-300x280.jpg\",\"datePublished\":\"2017-02-26T14:16:17+00:00\",\"dateModified\":\"2017-06-05T12:12:45+00:00\",\"breadcrumb\":{\"@id\":\"https:\/\/www.eurospeak.de\/last-minute\/#breadcrumb\"},\"inLanguage\":\"de\",\"potentialAction\":[{\"@type\":\"ReadAction\",\"target\":[\"https:\/\/www.eurospeak.de\/last-minute\/\"]}]},{\"@type\":\"ImageObject\",\"inLanguage\":\"de\",\"@id\":\"https:\/\/www.eurospeak.de\/last-minute\/#primaryimage\",\"url\":\"http:\/\/joebenslimane.com\/eurospeak\/wp-content\/uploads\/2017\/02\/bild_4-300x280.jpg\",\"contentUrl\":\"http:\/\/joebenslimane.com\/eurospeak\/wp-content\/uploads\/2017\/02\/bild_4-300x280.jpg\"},{\"@type\":\"BreadcrumbList\",\"@id\":\"https:\/\/www.eurospeak.de\/last-minute\/#breadcrumb\",\"itemListElement\":[{\"@type\":\"ListItem\",\"position\":1,\"name\":\"Home\",\"item\":\"https:\/\/www.eurospeak.de\/\"},{\"@type\":\"ListItem\",\"position\":2,\"name\":\"LAST MINUTE\"}]},{\"@type\":\"WebSite\",\"@id\":\"https:\/\/www.eurospeak.de\/#website\",\"url\":\"https:\/\/www.eurospeak.de\/\",\"name\":\"Eurospeak\",\"description\":\"Firmenschulungen - Wirtschaftsenglisch - Sprachtraining\",\"potentialAction\":[{\"@type\":\"SearchAction\",\"target\":{\"@type\":\"EntryPoint\",\"urlTemplate\":\"https:\/\/www.eurospeak.de\/?s={search_term_string}\"},\"query-input\":{\"@type\":\"PropertyValueSpecification\",\"valueRequired\":true,\"valueName\":\"search_term_string\"}}],\"inLanguage\":\"de\"}]}<\/script>\n<!-- \/ Yoast SEO plugin. -->","yoast_head_json":{"title":"LAST MINUTE - Eurospeak","robots":{"index":"index","follow":"follow","max-snippet":"max-snippet:-1","max-image-preview":"max-image-preview:large","max-video-preview":"max-video-preview:-1"},"canonical":"https:\/\/www.eurospeak.de\/last-minute\/","og_locale":"de_DE","og_type":"article","og_title":"LAST MINUTE - Eurospeak","og_description":"LAST MINUTE Reaktivierung: Sie konnten Englisch einmal ziemlich gut sprechen und verstehen. Aber seit Ihrer Schulzeit oder in Ihrer vorigen Stelle hatten Sie nicht die Gelegenheit, die englische Sprache aktiv anzuwenden. Die Kenntnisse sind da, aber, wie eine Maschine, die lange nicht benutzt wurde, sind...","og_url":"https:\/\/www.eurospeak.de\/last-minute\/","og_site_name":"Eurospeak","article_modified_time":"2017-06-05T12:12:45+00:00","og_image":[{"width":302,"height":282,"url":"https:\/\/www.eurospeak.de\/wp-content\/uploads\/2017\/02\/bild_4.jpg","type":"image\/jpeg"}],"twitter_card":"summary_large_image","twitter_misc":{"Gesch\u00e4tzte Lesezeit":"1\u00a0Minute"},"schema":{"@context":"https:\/\/schema.org","@graph":[{"@type":"WebPage","@id":"https:\/\/www.eurospeak.de\/last-minute\/","url":"https:\/\/www.eurospeak.de\/last-minute\/","name":"LAST MINUTE - Eurospeak","isPartOf":{"@id":"https:\/\/www.eurospeak.de\/#website"},"primaryImageOfPage":{"@id":"https:\/\/www.eurospeak.de\/last-minute\/#primaryimage"},"image":{"@id":"https:\/\/www.eurospeak.de\/last-minute\/#primaryimage"},"thumbnailUrl":"http:\/\/joebenslimane.com\/eurospeak\/wp-content\/uploads\/2017\/02\/bild_4-300x280.jpg","datePublished":"2017-02-26T14:16:17+00:00","dateModified":"2017-06-05T12:12:45+00:00","breadcrumb":{"@id":"https:\/\/www.eurospeak.de\/last-minute\/#breadcrumb"},"inLanguage":"de","potentialAction":[{"@type":"ReadAction","target":["https:\/\/www.eurospeak.de\/last-minute\/"]}]},{"@type":"ImageObject","inLanguage":"de","@id":"https:\/\/www.eurospeak.de\/last-minute\/#primaryimage","url":"http:\/\/joebenslimane.com\/eurospeak\/wp-content\/uploads\/2017\/02\/bild_4-300x280.jpg","contentUrl":"http:\/\/joebenslimane.com\/eurospeak\/wp-content\/uploads\/2017\/02\/bild_4-300x280.jpg"},{"@type":"BreadcrumbList","@id":"https:\/\/www.eurospeak.de\/last-minute\/#breadcrumb","itemListElement":[{"@type":"ListItem","position":1,"name":"Home","item":"https:\/\/www.eurospeak.de\/"},{"@type":"ListItem","position":2,"name":"LAST MINUTE"}]},{"@type":"WebSite","@id":"https:\/\/www.eurospeak.de\/#website","url":"https:\/\/www.eurospeak.de\/","name":"Eurospeak","description":"Firmenschulungen - Wirtschaftsenglisch - Sprachtraining","potentialAction":[{"@type":"SearchAction","target":{"@type":"EntryPoint","urlTemplate":"https:\/\/www.eurospeak.de\/?s={search_term_string}"},"query-input":{"@type":"PropertyValueSpecification","valueRequired":true,"valueName":"search_term_string"}}],"inLanguage":"de"}]}},"_links":{"self":[{"href":"https:\/\/www.eurospeak.de\/de\/wp-json\/wp\/v2\/pages\/16502","targetHints":{"allow":["GET"]}}],"collection":[{"href":"https:\/\/www.eurospeak.de\/de\/wp-json\/wp\/v2\/pages"}],"about":[{"href":"https:\/\/www.eurospeak.de\/de\/wp-json\/wp\/v2\/types\/page"}],"author":[{"embeddable":true,"href":"https:\/\/www.eurospeak.de\/de\/wp-json\/wp\/v2\/users\/1"}],"replies":[{"embeddable":true,"href":"https:\/\/www.eurospeak.de\/de\/wp-json\/wp\/v2\/comments?post=16502"}],"version-history":[{"count":4,"href":"https:\/\/www.eurospeak.de\/de\/wp-json\/wp\/v2\/pages\/16502\/revisions"}],"predecessor-version":[{"id":16696,"href":"https:\/\/www.eurospeak.de\/de\/wp-json\/wp\/v2\/pages\/16502\/revisions\/16696"}],"wp:attachment":[{"href":"https:\/\/www.eurospeak.de\/de\/wp-json\/wp\/v2\/media?parent=16502"}],"curies":[{"name":"wp","href":"https:\/\/api.w.org\/{rel}","templated":true}]}}