{"id":16506,"date":"2017-02-26T14:17:49","date_gmt":"2017-02-26T14:17:49","guid":{"rendered":"http:\/\/eurospeak.de\/?page_id=16506"},"modified":"2017-03-19T15:00:07","modified_gmt":"2017-03-19T15:00:07","slug":"interesting-links","status":"publish","type":"page","link":"https:\/\/www.eurospeak.de\/de\/interesting-links\/","title":{"rendered":"INTERESSANTE LINKS"},"content":{"rendered":"<h2><img loading=\"lazy\" decoding=\"async\" class=\"size-medium wp-image-16507 alignleft\" src=\"http:\/\/joebenslimane.com\/eurospeak\/wp-content\/uploads\/2017\/02\/bild_5-300x280.jpg\" alt=\"\" width=\"300\" height=\"280\" srcset=\"https:\/\/www.eurospeak.de\/wp-content\/uploads\/2017\/02\/bild_5-300x280.jpg 300w, https:\/\/www.eurospeak.de\/wp-content\/uploads\/2017\/02\/bild_5.jpg 302w\" sizes=\"auto, (max-width: 300px) 100vw, 300px\" \/><span id=\"titel1\">INTERESSANTE<\/span><span id=\"titel2\"> LINKS<\/span><\/h2>\n<p>Als Erg\u00e4nzung zu den Dienstleistungen, die wir anbieten, schlagen wir au\u00dferdem vor, dass Sie sich die folgenden weiteren Gelegenheiten zur Weiterentwicklung ihrer Sprachfertigkeiten einmal ansehen:<\/p>\n<p>&nbsp;<\/p>\n<p><a title=\"http:\/\/www.staehelibooks.de\" href=\"http:\/\/www.staehelibooks.de\/\">St\u00e4heli Books<\/a><br \/>\nF\u00fcr alle Bestellungen und Anfragen, was Kursb\u00fccher und W\u00f6rterb\u00fccher betrifft, empfehlen wir sehr die internationale Buchhandlung St\u00e4heli wegen ihres gut informierten und freundlichen Services und der \u00e4u\u00dferst schnellen Lieferzeiten.<\/p>\n<p>&nbsp;<\/p>\n<p><a title=\"http:\/\/www.spotlight-verlag.de\" href=\"http:\/\/www.spotlight-verlag.de\/\">Spotlight Magazine<\/a><br \/>\nAls sehr brauchbare zus\u00e4tzliche Quellen zum Selbststudium empfiehlt Eurospeak die Zeitschriften Business Spotlight und Spotlight, in denen interessante Artikel \u00fcber die Wirtschaft und allgemeine Themen mit unterschiedlichem Schwierigkeitsgrad sowie Vokabellisten erscheinen.<\/p>\n<p>&nbsp;<\/p>\n<p><a title=\"http:\/\/www.englishtheatre.de\" href=\"http:\/\/www.englishtheatre.de\/\">The English Theatre<\/a><br \/>\nThe English Theatre in Hamburg stellt ein unterhaltsames und oftmals am\u00fcsantes Mittel dar, um Ihr Verst\u00e4ndnis des Englischen au\u00dferhalb der Unterrichtsumgebung weiterzuentwickeln. Hilfreiches Lehrmaterial, das den Lernenden verschiedene Aspekte jeder gerade laufenden Produktion erl\u00e4utert, ist bei dem Theater erh\u00e4ltlich.<\/p>\n<p>&nbsp;<\/p>\n<p><a title=\"http:\/\/www.CambridgeESOL.org\" href=\"http:\/\/www.cambridgeesol.org\/\">Cambridge Business English Certificates<\/a><br \/>\nDie Cambridge ESOL Webseite enth\u00e4lt n\u00fctzliche Informationen sowohl \u00fcber die Cambridge Business English Pr\u00fcfungen als auch \u00fcber andere Zertifikate.<\/p>\n","protected":false},"excerpt":{"rendered":"<p>INTERESSANTE LINKS Als Erg\u00e4nzung zu den Dienstleistungen, die wir anbieten, schlagen wir au\u00dferdem vor, dass Sie sich die folgenden weiteren Gelegenheiten zur Weiterentwicklung ihrer Sprachfertigkeiten einmal ansehen: &nbsp; St\u00e4heli Books F\u00fcr alle Bestellungen und Anfragen, was Kursb\u00fccher und W\u00f6rterb\u00fccher betrifft, empfehlen wir sehr die internationale&#8230;<\/p>\n","protected":false},"author":1,"featured_media":0,"parent":0,"menu_order":0,"comment_status":"closed","ping_status":"closed","template":"","meta":{"_bbp_topic_count":0,"_bbp_reply_count":0,"_bbp_total_topic_count":0,"_bbp_total_reply_count":0,"_bbp_voice_count":0,"_bbp_anonymous_reply_count":0,"_bbp_topic_count_hidden":0,"_bbp_reply_count_hidden":0,"_bbp_forum_subforum_count":0,"footnotes":""},"class_list":["post-16506","page","type-page","status-publish","hentry"],"yoast_head":"<!-- This site is optimized with the Yoast SEO plugin v24.3 - https:\/\/yoast.com\/wordpress\/plugins\/seo\/ -->\n<title>INTERESSANTE LINKS - Eurospeak<\/title>\n<meta name=\"robots\" content=\"index, follow, max-snippet:-1, max-image-preview:large, max-video-preview:-1\" \/>\n<link rel=\"canonical\" href=\"https:\/\/www.eurospeak.de\/interesting-links\/\" \/>\n<meta property=\"og:locale\" content=\"de_DE\" \/>\n<meta property=\"og:type\" content=\"article\" \/>\n<meta property=\"og:title\" content=\"INTERESSANTE LINKS - Eurospeak\" \/>\n<meta property=\"og:description\" content=\"INTERESSANTE LINKS Als Erg\u00e4nzung zu den Dienstleistungen, die wir anbieten, schlagen wir au\u00dferdem vor, dass Sie sich die folgenden weiteren Gelegenheiten zur Weiterentwicklung ihrer Sprachfertigkeiten einmal ansehen: &nbsp; St\u00e4heli Books F\u00fcr alle Bestellungen und Anfragen, was Kursb\u00fccher und W\u00f6rterb\u00fccher betrifft, empfehlen wir sehr die internationale...\" \/>\n<meta property=\"og:url\" content=\"https:\/\/www.eurospeak.de\/interesting-links\/\" \/>\n<meta property=\"og:site_name\" content=\"Eurospeak\" \/>\n<meta property=\"article:modified_time\" content=\"2017-03-19T15:00:07+00:00\" \/>\n<meta property=\"og:image\" content=\"https:\/\/www.eurospeak.de\/wp-content\/uploads\/2017\/02\/bild_5.jpg\" \/>\n\t<meta property=\"og:image:width\" content=\"302\" \/>\n\t<meta property=\"og:image:height\" content=\"282\" \/>\n\t<meta property=\"og:image:type\" content=\"image\/jpeg\" \/>\n<meta name=\"twitter:card\" content=\"summary_large_image\" \/>\n<meta name=\"twitter:label1\" content=\"Gesch\u00e4tzte Lesezeit\" \/>\n\t<meta name=\"twitter:data1\" content=\"1\u00a0Minute\" \/>\n<script type=\"application\/ld+json\" class=\"yoast-schema-graph\">{\"@context\":\"https:\/\/schema.org\",\"@graph\":[{\"@type\":\"WebPage\",\"@id\":\"https:\/\/www.eurospeak.de\/interesting-links\/\",\"url\":\"https:\/\/www.eurospeak.de\/interesting-links\/\",\"name\":\"INTERESSANTE LINKS - Eurospeak\",\"isPartOf\":{\"@id\":\"https:\/\/www.eurospeak.de\/#website\"},\"primaryImageOfPage\":{\"@id\":\"https:\/\/www.eurospeak.de\/interesting-links\/#primaryimage\"},\"image\":{\"@id\":\"https:\/\/www.eurospeak.de\/interesting-links\/#primaryimage\"},\"thumbnailUrl\":\"http:\/\/joebenslimane.com\/eurospeak\/wp-content\/uploads\/2017\/02\/bild_5-300x280.jpg\",\"datePublished\":\"2017-02-26T14:17:49+00:00\",\"dateModified\":\"2017-03-19T15:00:07+00:00\",\"breadcrumb\":{\"@id\":\"https:\/\/www.eurospeak.de\/interesting-links\/#breadcrumb\"},\"inLanguage\":\"de\",\"potentialAction\":[{\"@type\":\"ReadAction\",\"target\":[\"https:\/\/www.eurospeak.de\/interesting-links\/\"]}]},{\"@type\":\"ImageObject\",\"inLanguage\":\"de\",\"@id\":\"https:\/\/www.eurospeak.de\/interesting-links\/#primaryimage\",\"url\":\"http:\/\/joebenslimane.com\/eurospeak\/wp-content\/uploads\/2017\/02\/bild_5-300x280.jpg\",\"contentUrl\":\"http:\/\/joebenslimane.com\/eurospeak\/wp-content\/uploads\/2017\/02\/bild_5-300x280.jpg\"},{\"@type\":\"BreadcrumbList\",\"@id\":\"https:\/\/www.eurospeak.de\/interesting-links\/#breadcrumb\",\"itemListElement\":[{\"@type\":\"ListItem\",\"position\":1,\"name\":\"Home\",\"item\":\"https:\/\/www.eurospeak.de\/\"},{\"@type\":\"ListItem\",\"position\":2,\"name\":\"INTERESTING LINKS\"}]},{\"@type\":\"WebSite\",\"@id\":\"https:\/\/www.eurospeak.de\/#website\",\"url\":\"https:\/\/www.eurospeak.de\/\",\"name\":\"Eurospeak\",\"description\":\"Firmenschulungen - Wirtschaftsenglisch - Sprachtraining\",\"potentialAction\":[{\"@type\":\"SearchAction\",\"target\":{\"@type\":\"EntryPoint\",\"urlTemplate\":\"https:\/\/www.eurospeak.de\/?s={search_term_string}\"},\"query-input\":{\"@type\":\"PropertyValueSpecification\",\"valueRequired\":true,\"valueName\":\"search_term_string\"}}],\"inLanguage\":\"de\"}]}<\/script>\n<!-- \/ Yoast SEO plugin. -->","yoast_head_json":{"title":"INTERESSANTE LINKS - Eurospeak","robots":{"index":"index","follow":"follow","max-snippet":"max-snippet:-1","max-image-preview":"max-image-preview:large","max-video-preview":"max-video-preview:-1"},"canonical":"https:\/\/www.eurospeak.de\/interesting-links\/","og_locale":"de_DE","og_type":"article","og_title":"INTERESSANTE LINKS - Eurospeak","og_description":"INTERESSANTE LINKS Als Erg\u00e4nzung zu den Dienstleistungen, die wir anbieten, schlagen wir au\u00dferdem vor, dass Sie sich die folgenden weiteren Gelegenheiten zur Weiterentwicklung ihrer Sprachfertigkeiten einmal ansehen: &nbsp; St\u00e4heli Books F\u00fcr alle Bestellungen und Anfragen, was Kursb\u00fccher und W\u00f6rterb\u00fccher betrifft, empfehlen wir sehr die internationale...","og_url":"https:\/\/www.eurospeak.de\/interesting-links\/","og_site_name":"Eurospeak","article_modified_time":"2017-03-19T15:00:07+00:00","og_image":[{"width":302,"height":282,"url":"https:\/\/www.eurospeak.de\/wp-content\/uploads\/2017\/02\/bild_5.jpg","type":"image\/jpeg"}],"twitter_card":"summary_large_image","twitter_misc":{"Gesch\u00e4tzte Lesezeit":"1\u00a0Minute"},"schema":{"@context":"https:\/\/schema.org","@graph":[{"@type":"WebPage","@id":"https:\/\/www.eurospeak.de\/interesting-links\/","url":"https:\/\/www.eurospeak.de\/interesting-links\/","name":"INTERESSANTE LINKS - Eurospeak","isPartOf":{"@id":"https:\/\/www.eurospeak.de\/#website"},"primaryImageOfPage":{"@id":"https:\/\/www.eurospeak.de\/interesting-links\/#primaryimage"},"image":{"@id":"https:\/\/www.eurospeak.de\/interesting-links\/#primaryimage"},"thumbnailUrl":"http:\/\/joebenslimane.com\/eurospeak\/wp-content\/uploads\/2017\/02\/bild_5-300x280.jpg","datePublished":"2017-02-26T14:17:49+00:00","dateModified":"2017-03-19T15:00:07+00:00","breadcrumb":{"@id":"https:\/\/www.eurospeak.de\/interesting-links\/#breadcrumb"},"inLanguage":"de","potentialAction":[{"@type":"ReadAction","target":["https:\/\/www.eurospeak.de\/interesting-links\/"]}]},{"@type":"ImageObject","inLanguage":"de","@id":"https:\/\/www.eurospeak.de\/interesting-links\/#primaryimage","url":"http:\/\/joebenslimane.com\/eurospeak\/wp-content\/uploads\/2017\/02\/bild_5-300x280.jpg","contentUrl":"http:\/\/joebenslimane.com\/eurospeak\/wp-content\/uploads\/2017\/02\/bild_5-300x280.jpg"},{"@type":"BreadcrumbList","@id":"https:\/\/www.eurospeak.de\/interesting-links\/#breadcrumb","itemListElement":[{"@type":"ListItem","position":1,"name":"Home","item":"https:\/\/www.eurospeak.de\/"},{"@type":"ListItem","position":2,"name":"INTERESTING LINKS"}]},{"@type":"WebSite","@id":"https:\/\/www.eurospeak.de\/#website","url":"https:\/\/www.eurospeak.de\/","name":"Eurospeak","description":"Firmenschulungen - Wirtschaftsenglisch - Sprachtraining","potentialAction":[{"@type":"SearchAction","target":{"@type":"EntryPoint","urlTemplate":"https:\/\/www.eurospeak.de\/?s={search_term_string}"},"query-input":{"@type":"PropertyValueSpecification","valueRequired":true,"valueName":"search_term_string"}}],"inLanguage":"de"}]}},"_links":{"self":[{"href":"https:\/\/www.eurospeak.de\/de\/wp-json\/wp\/v2\/pages\/16506","targetHints":{"allow":["GET"]}}],"collection":[{"href":"https:\/\/www.eurospeak.de\/de\/wp-json\/wp\/v2\/pages"}],"about":[{"href":"https:\/\/www.eurospeak.de\/de\/wp-json\/wp\/v2\/types\/page"}],"author":[{"embeddable":true,"href":"https:\/\/www.eurospeak.de\/de\/wp-json\/wp\/v2\/users\/1"}],"replies":[{"embeddable":true,"href":"https:\/\/www.eurospeak.de\/de\/wp-json\/wp\/v2\/comments?post=16506"}],"version-history":[{"count":3,"href":"https:\/\/www.eurospeak.de\/de\/wp-json\/wp\/v2\/pages\/16506\/revisions"}],"predecessor-version":[{"id":16554,"href":"https:\/\/www.eurospeak.de\/de\/wp-json\/wp\/v2\/pages\/16506\/revisions\/16554"}],"wp:attachment":[{"href":"https:\/\/www.eurospeak.de\/de\/wp-json\/wp\/v2\/media?parent=16506"}],"curies":[{"name":"wp","href":"https:\/\/api.w.org\/{rel}","templated":true}]}}