{"id":16572,"date":"2017-04-02T12:39:40","date_gmt":"2017-04-02T12:39:40","guid":{"rendered":"http:\/\/eurospeak.de\/?page_id=16572"},"modified":"2017-05-11T14:09:17","modified_gmt":"2017-05-11T14:09:17","slug":"werbefilmevoiceovers","status":"publish","type":"page","link":"https:\/\/www.eurospeak.de\/de\/werbefilmevoiceovers\/","title":{"rendered":"WERBEFILME\/VOICEOVERS"},"content":{"rendered":"<h2>WERBEFILME\/VOICEOVERS<\/h2>\n<p>Eurospeak bietet Ihnen auch die Unterst\u00fctzung bei Werbefilmen und Vertonung an.<\/p>\n<p>&nbsp;<\/p>\n<p>Unsere erfahrenen Sprecher\/ Voice-over Artists (nat\u00fcrlich alle Muttersprachler) bieten Ihnen den perfekten Hintergrund f\u00fcr alle Ihre Werbefilme.<\/p>\n<p>&nbsp;<\/p>\n<p>\u00dcber unseren Partner What\u2019s Up Studio (<a href=\"http:\/\/www.whatsupmp.com\/\">www.whatsupmp.com<\/a>) organisieren wir gerne f\u00fcr Sie Ihre Werbefilme und Vertonungen um somit Ihrem Unternehmen ein professionelleres, \u00f6ffentliches Auftreten zu gew\u00e4hrleisten.<\/p>\n<p>&nbsp;<\/p>\n<p>What\u00b4s Up ist ein kleines aber hoch motiviertes und kreatives Team, dass sich auf Video- und Audioproduktionen spezialisiert hat.<\/p>\n<p>&nbsp;<\/p>\n<p>What\u00b4s Up produzieren diverse Videos z.B.: Imagefilme, Projektdokumentare, Trainingsvideos, Musikclips, Werbespots, Konzerte, Trailer und Produktfilme.<\/p>\n<p>&nbsp;<\/p>\n<p>Die Kunden sind lokale Firmen, Stiftungen bis hin zu internationalen Firmen (Beiersdorf, Allianz). Dabei bietet What`s Up einen Komplettservice \u2013 Drehbuchentwicklung, Dreharbeit mit Schauspielern, Postproduktion, Musikproduktion und Komposition im eigenen Tonstudio, auch f\u00fcr Kinopr\u00e4sentation (z.B. Dolby Surround\/DCM Format) an.<\/p>\n","protected":false},"excerpt":{"rendered":"<p>WERBEFILME\/VOICEOVERS Eurospeak bietet Ihnen auch die Unterst\u00fctzung bei Werbefilmen und Vertonung an. &nbsp; Unsere erfahrenen Sprecher\/ Voice-over Artists (nat\u00fcrlich alle Muttersprachler) bieten Ihnen den perfekten Hintergrund f\u00fcr alle Ihre Werbefilme. &nbsp; \u00dcber unseren Partner What\u2019s Up Studio (www.whatsupmp.com) organisieren wir gerne f\u00fcr Sie Ihre Werbefilme&#8230;<\/p>\n","protected":false},"author":1,"featured_media":0,"parent":0,"menu_order":0,"comment_status":"closed","ping_status":"closed","template":"","meta":{"_bbp_topic_count":0,"_bbp_reply_count":0,"_bbp_total_topic_count":0,"_bbp_total_reply_count":0,"_bbp_voice_count":0,"_bbp_anonymous_reply_count":0,"_bbp_topic_count_hidden":0,"_bbp_reply_count_hidden":0,"_bbp_forum_subforum_count":0,"footnotes":""},"class_list":["post-16572","page","type-page","status-publish","hentry"],"yoast_head":"<!-- This site is optimized with the Yoast SEO plugin v24.3 - https:\/\/yoast.com\/wordpress\/plugins\/seo\/ -->\n<title>WERBEFILME\/VOICEOVERS - Eurospeak<\/title>\n<meta name=\"robots\" content=\"index, follow, max-snippet:-1, max-image-preview:large, max-video-preview:-1\" \/>\n<link rel=\"canonical\" href=\"https:\/\/www.eurospeak.de\/werbefilmevoiceovers\/\" \/>\n<meta property=\"og:locale\" content=\"de_DE\" \/>\n<meta property=\"og:type\" content=\"article\" \/>\n<meta property=\"og:title\" content=\"WERBEFILME\/VOICEOVERS - Eurospeak\" \/>\n<meta property=\"og:description\" content=\"WERBEFILME\/VOICEOVERS Eurospeak bietet Ihnen auch die Unterst\u00fctzung bei Werbefilmen und Vertonung an. &nbsp; Unsere erfahrenen Sprecher\/ Voice-over Artists (nat\u00fcrlich alle Muttersprachler) bieten Ihnen den perfekten Hintergrund f\u00fcr alle Ihre Werbefilme. &nbsp; \u00dcber unseren Partner What\u2019s Up Studio (www.whatsupmp.com) organisieren wir gerne f\u00fcr Sie Ihre Werbefilme...\" \/>\n<meta property=\"og:url\" content=\"https:\/\/www.eurospeak.de\/werbefilmevoiceovers\/\" \/>\n<meta property=\"og:site_name\" content=\"Eurospeak\" \/>\n<meta property=\"article:modified_time\" content=\"2017-05-11T14:09:17+00:00\" \/>\n<meta name=\"twitter:card\" content=\"summary_large_image\" \/>\n<meta name=\"twitter:label1\" content=\"Gesch\u00e4tzte Lesezeit\" \/>\n\t<meta name=\"twitter:data1\" content=\"1\u00a0Minute\" \/>\n<script type=\"application\/ld+json\" class=\"yoast-schema-graph\">{\"@context\":\"https:\/\/schema.org\",\"@graph\":[{\"@type\":\"WebPage\",\"@id\":\"https:\/\/www.eurospeak.de\/werbefilmevoiceovers\/\",\"url\":\"https:\/\/www.eurospeak.de\/werbefilmevoiceovers\/\",\"name\":\"WERBEFILME\/VOICEOVERS - Eurospeak\",\"isPartOf\":{\"@id\":\"https:\/\/www.eurospeak.de\/#website\"},\"datePublished\":\"2017-04-02T12:39:40+00:00\",\"dateModified\":\"2017-05-11T14:09:17+00:00\",\"breadcrumb\":{\"@id\":\"https:\/\/www.eurospeak.de\/werbefilmevoiceovers\/#breadcrumb\"},\"inLanguage\":\"de\",\"potentialAction\":[{\"@type\":\"ReadAction\",\"target\":[\"https:\/\/www.eurospeak.de\/werbefilmevoiceovers\/\"]}]},{\"@type\":\"BreadcrumbList\",\"@id\":\"https:\/\/www.eurospeak.de\/werbefilmevoiceovers\/#breadcrumb\",\"itemListElement\":[{\"@type\":\"ListItem\",\"position\":1,\"name\":\"Home\",\"item\":\"https:\/\/www.eurospeak.de\/\"},{\"@type\":\"ListItem\",\"position\":2,\"name\":\"ADVERTISING\/MARKETING\/VOICEOVERS\"}]},{\"@type\":\"WebSite\",\"@id\":\"https:\/\/www.eurospeak.de\/#website\",\"url\":\"https:\/\/www.eurospeak.de\/\",\"name\":\"Eurospeak\",\"description\":\"Firmenschulungen - Wirtschaftsenglisch - Sprachtraining\",\"potentialAction\":[{\"@type\":\"SearchAction\",\"target\":{\"@type\":\"EntryPoint\",\"urlTemplate\":\"https:\/\/www.eurospeak.de\/?s={search_term_string}\"},\"query-input\":{\"@type\":\"PropertyValueSpecification\",\"valueRequired\":true,\"valueName\":\"search_term_string\"}}],\"inLanguage\":\"de\"}]}<\/script>\n<!-- \/ Yoast SEO plugin. -->","yoast_head_json":{"title":"WERBEFILME\/VOICEOVERS - Eurospeak","robots":{"index":"index","follow":"follow","max-snippet":"max-snippet:-1","max-image-preview":"max-image-preview:large","max-video-preview":"max-video-preview:-1"},"canonical":"https:\/\/www.eurospeak.de\/werbefilmevoiceovers\/","og_locale":"de_DE","og_type":"article","og_title":"WERBEFILME\/VOICEOVERS - Eurospeak","og_description":"WERBEFILME\/VOICEOVERS Eurospeak bietet Ihnen auch die Unterst\u00fctzung bei Werbefilmen und Vertonung an. &nbsp; Unsere erfahrenen Sprecher\/ Voice-over Artists (nat\u00fcrlich alle Muttersprachler) bieten Ihnen den perfekten Hintergrund f\u00fcr alle Ihre Werbefilme. &nbsp; \u00dcber unseren Partner What\u2019s Up Studio (www.whatsupmp.com) organisieren wir gerne f\u00fcr Sie Ihre Werbefilme...","og_url":"https:\/\/www.eurospeak.de\/werbefilmevoiceovers\/","og_site_name":"Eurospeak","article_modified_time":"2017-05-11T14:09:17+00:00","twitter_card":"summary_large_image","twitter_misc":{"Gesch\u00e4tzte Lesezeit":"1\u00a0Minute"},"schema":{"@context":"https:\/\/schema.org","@graph":[{"@type":"WebPage","@id":"https:\/\/www.eurospeak.de\/werbefilmevoiceovers\/","url":"https:\/\/www.eurospeak.de\/werbefilmevoiceovers\/","name":"WERBEFILME\/VOICEOVERS - Eurospeak","isPartOf":{"@id":"https:\/\/www.eurospeak.de\/#website"},"datePublished":"2017-04-02T12:39:40+00:00","dateModified":"2017-05-11T14:09:17+00:00","breadcrumb":{"@id":"https:\/\/www.eurospeak.de\/werbefilmevoiceovers\/#breadcrumb"},"inLanguage":"de","potentialAction":[{"@type":"ReadAction","target":["https:\/\/www.eurospeak.de\/werbefilmevoiceovers\/"]}]},{"@type":"BreadcrumbList","@id":"https:\/\/www.eurospeak.de\/werbefilmevoiceovers\/#breadcrumb","itemListElement":[{"@type":"ListItem","position":1,"name":"Home","item":"https:\/\/www.eurospeak.de\/"},{"@type":"ListItem","position":2,"name":"ADVERTISING\/MARKETING\/VOICEOVERS"}]},{"@type":"WebSite","@id":"https:\/\/www.eurospeak.de\/#website","url":"https:\/\/www.eurospeak.de\/","name":"Eurospeak","description":"Firmenschulungen - Wirtschaftsenglisch - Sprachtraining","potentialAction":[{"@type":"SearchAction","target":{"@type":"EntryPoint","urlTemplate":"https:\/\/www.eurospeak.de\/?s={search_term_string}"},"query-input":{"@type":"PropertyValueSpecification","valueRequired":true,"valueName":"search_term_string"}}],"inLanguage":"de"}]}},"_links":{"self":[{"href":"https:\/\/www.eurospeak.de\/de\/wp-json\/wp\/v2\/pages\/16572","targetHints":{"allow":["GET"]}}],"collection":[{"href":"https:\/\/www.eurospeak.de\/de\/wp-json\/wp\/v2\/pages"}],"about":[{"href":"https:\/\/www.eurospeak.de\/de\/wp-json\/wp\/v2\/types\/page"}],"author":[{"embeddable":true,"href":"https:\/\/www.eurospeak.de\/de\/wp-json\/wp\/v2\/users\/1"}],"replies":[{"embeddable":true,"href":"https:\/\/www.eurospeak.de\/de\/wp-json\/wp\/v2\/comments?post=16572"}],"version-history":[{"count":3,"href":"https:\/\/www.eurospeak.de\/de\/wp-json\/wp\/v2\/pages\/16572\/revisions"}],"predecessor-version":[{"id":16680,"href":"https:\/\/www.eurospeak.de\/de\/wp-json\/wp\/v2\/pages\/16572\/revisions\/16680"}],"wp:attachment":[{"href":"https:\/\/www.eurospeak.de\/de\/wp-json\/wp\/v2\/media?parent=16572"}],"curies":[{"name":"wp","href":"https:\/\/api.w.org\/{rel}","templated":true}]}}