{"id":16594,"date":"2017-04-02T13:23:04","date_gmt":"2017-04-02T13:23:04","guid":{"rendered":"http:\/\/eurospeak.de\/?page_id=16594"},"modified":"2017-04-26T09:47:15","modified_gmt":"2017-04-26T09:47:15","slug":"help-desk","status":"publish","type":"page","link":"https:\/\/www.eurospeak.de\/de\/help-desk\/","title":{"rendered":"HELP DESK"},"content":{"rendered":"<p><a href=\"#\"><strong>NEW!<\/strong><\/a><\/p>\n<h2>HELP DESK<\/h2>\n<p>Gibt es bei Ihnen im Unternehmen Abteilungen oder Einzelpersonen, die eine schnelle, effiziente Sprachunterst\u00fctzung ben\u00f6tigen, damit sie ihre Aufgaben effektiver durchf\u00fchren k\u00f6nnen, aber keine Zeit f\u00fcr einen ausf\u00fchrlichen Kurs haben?<\/p>\n<p>Sollte dieses der Fall sein &#8211; Warum nicht einen Eurospeak Help Desk Trainer f\u00fcr einen oder mehrere Tage buchen.<\/p>\n<p>Sagen Sie uns im Voraus, wer bei welchen Themen unsere Unterst\u00fctzung ben\u00f6tigt, z.B.:<\/p>\n<p>&nbsp;<\/p>\n<ul>\n<li>Redewendungen beim:<\/li>\n<li>Telefonieren<\/li>\n<li>E-Mails<\/li>\n<li>Meetings<\/li>\n<li>Pr\u00e4sentationen<\/li>\n<li>Small Talk<\/li>\n<\/ul>\n<p>&nbsp;<\/p>\n<p>Unser Trainer besucht Ihr Unternehmen und bietet kompetente Beratung f\u00fcr jeden, der es braucht.<\/p>\n<p>8 x 45 Minuten pro Tag.<\/p>\n","protected":false},"excerpt":{"rendered":"<p>NEW! HELP DESK Gibt es bei Ihnen im Unternehmen Abteilungen oder Einzelpersonen, die eine schnelle, effiziente Sprachunterst\u00fctzung ben\u00f6tigen, damit sie ihre Aufgaben effektiver durchf\u00fchren k\u00f6nnen, aber keine Zeit f\u00fcr einen ausf\u00fchrlichen Kurs haben? Sollte dieses der Fall sein &#8211; Warum nicht einen Eurospeak Help Desk&#8230;<\/p>\n","protected":false},"author":1,"featured_media":0,"parent":0,"menu_order":0,"comment_status":"closed","ping_status":"closed","template":"","meta":{"_bbp_topic_count":0,"_bbp_reply_count":0,"_bbp_total_topic_count":0,"_bbp_total_reply_count":0,"_bbp_voice_count":0,"_bbp_anonymous_reply_count":0,"_bbp_topic_count_hidden":0,"_bbp_reply_count_hidden":0,"_bbp_forum_subforum_count":0,"footnotes":""},"class_list":["post-16594","page","type-page","status-publish","hentry"],"yoast_head":"<!-- This site is optimized with the Yoast SEO plugin v24.3 - https:\/\/yoast.com\/wordpress\/plugins\/seo\/ -->\n<title>HELP DESK - Eurospeak<\/title>\n<meta name=\"robots\" content=\"index, follow, max-snippet:-1, max-image-preview:large, max-video-preview:-1\" \/>\n<link rel=\"canonical\" href=\"https:\/\/www.eurospeak.de\/help-desk\/\" \/>\n<meta property=\"og:locale\" content=\"de_DE\" \/>\n<meta property=\"og:type\" content=\"article\" \/>\n<meta property=\"og:title\" content=\"HELP DESK - Eurospeak\" \/>\n<meta property=\"og:description\" content=\"NEW! HELP DESK Gibt es bei Ihnen im Unternehmen Abteilungen oder Einzelpersonen, die eine schnelle, effiziente Sprachunterst\u00fctzung ben\u00f6tigen, damit sie ihre Aufgaben effektiver durchf\u00fchren k\u00f6nnen, aber keine Zeit f\u00fcr einen ausf\u00fchrlichen Kurs haben? Sollte dieses der Fall sein &#8211; Warum nicht einen Eurospeak Help Desk...\" \/>\n<meta property=\"og:url\" content=\"https:\/\/www.eurospeak.de\/help-desk\/\" \/>\n<meta property=\"og:site_name\" content=\"Eurospeak\" \/>\n<meta property=\"article:modified_time\" content=\"2017-04-26T09:47:15+00:00\" \/>\n<meta name=\"twitter:card\" content=\"summary_large_image\" \/>\n<meta name=\"twitter:label1\" content=\"Gesch\u00e4tzte Lesezeit\" \/>\n\t<meta name=\"twitter:data1\" content=\"1\u00a0Minute\" \/>\n<script type=\"application\/ld+json\" class=\"yoast-schema-graph\">{\"@context\":\"https:\/\/schema.org\",\"@graph\":[{\"@type\":\"WebPage\",\"@id\":\"https:\/\/www.eurospeak.de\/help-desk\/\",\"url\":\"https:\/\/www.eurospeak.de\/help-desk\/\",\"name\":\"HELP DESK - Eurospeak\",\"isPartOf\":{\"@id\":\"https:\/\/www.eurospeak.de\/#website\"},\"datePublished\":\"2017-04-02T13:23:04+00:00\",\"dateModified\":\"2017-04-26T09:47:15+00:00\",\"breadcrumb\":{\"@id\":\"https:\/\/www.eurospeak.de\/help-desk\/#breadcrumb\"},\"inLanguage\":\"de\",\"potentialAction\":[{\"@type\":\"ReadAction\",\"target\":[\"https:\/\/www.eurospeak.de\/help-desk\/\"]}]},{\"@type\":\"BreadcrumbList\",\"@id\":\"https:\/\/www.eurospeak.de\/help-desk\/#breadcrumb\",\"itemListElement\":[{\"@type\":\"ListItem\",\"position\":1,\"name\":\"Home\",\"item\":\"https:\/\/www.eurospeak.de\/\"},{\"@type\":\"ListItem\",\"position\":2,\"name\":\"HELP DESK\"}]},{\"@type\":\"WebSite\",\"@id\":\"https:\/\/www.eurospeak.de\/#website\",\"url\":\"https:\/\/www.eurospeak.de\/\",\"name\":\"Eurospeak\",\"description\":\"Firmenschulungen - Wirtschaftsenglisch - Sprachtraining\",\"potentialAction\":[{\"@type\":\"SearchAction\",\"target\":{\"@type\":\"EntryPoint\",\"urlTemplate\":\"https:\/\/www.eurospeak.de\/?s={search_term_string}\"},\"query-input\":{\"@type\":\"PropertyValueSpecification\",\"valueRequired\":true,\"valueName\":\"search_term_string\"}}],\"inLanguage\":\"de\"}]}<\/script>\n<!-- \/ Yoast SEO plugin. -->","yoast_head_json":{"title":"HELP DESK - Eurospeak","robots":{"index":"index","follow":"follow","max-snippet":"max-snippet:-1","max-image-preview":"max-image-preview:large","max-video-preview":"max-video-preview:-1"},"canonical":"https:\/\/www.eurospeak.de\/help-desk\/","og_locale":"de_DE","og_type":"article","og_title":"HELP DESK - Eurospeak","og_description":"NEW! HELP DESK Gibt es bei Ihnen im Unternehmen Abteilungen oder Einzelpersonen, die eine schnelle, effiziente Sprachunterst\u00fctzung ben\u00f6tigen, damit sie ihre Aufgaben effektiver durchf\u00fchren k\u00f6nnen, aber keine Zeit f\u00fcr einen ausf\u00fchrlichen Kurs haben? Sollte dieses der Fall sein &#8211; Warum nicht einen Eurospeak Help Desk...","og_url":"https:\/\/www.eurospeak.de\/help-desk\/","og_site_name":"Eurospeak","article_modified_time":"2017-04-26T09:47:15+00:00","twitter_card":"summary_large_image","twitter_misc":{"Gesch\u00e4tzte Lesezeit":"1\u00a0Minute"},"schema":{"@context":"https:\/\/schema.org","@graph":[{"@type":"WebPage","@id":"https:\/\/www.eurospeak.de\/help-desk\/","url":"https:\/\/www.eurospeak.de\/help-desk\/","name":"HELP DESK - Eurospeak","isPartOf":{"@id":"https:\/\/www.eurospeak.de\/#website"},"datePublished":"2017-04-02T13:23:04+00:00","dateModified":"2017-04-26T09:47:15+00:00","breadcrumb":{"@id":"https:\/\/www.eurospeak.de\/help-desk\/#breadcrumb"},"inLanguage":"de","potentialAction":[{"@type":"ReadAction","target":["https:\/\/www.eurospeak.de\/help-desk\/"]}]},{"@type":"BreadcrumbList","@id":"https:\/\/www.eurospeak.de\/help-desk\/#breadcrumb","itemListElement":[{"@type":"ListItem","position":1,"name":"Home","item":"https:\/\/www.eurospeak.de\/"},{"@type":"ListItem","position":2,"name":"HELP DESK"}]},{"@type":"WebSite","@id":"https:\/\/www.eurospeak.de\/#website","url":"https:\/\/www.eurospeak.de\/","name":"Eurospeak","description":"Firmenschulungen - Wirtschaftsenglisch - Sprachtraining","potentialAction":[{"@type":"SearchAction","target":{"@type":"EntryPoint","urlTemplate":"https:\/\/www.eurospeak.de\/?s={search_term_string}"},"query-input":{"@type":"PropertyValueSpecification","valueRequired":true,"valueName":"search_term_string"}}],"inLanguage":"de"}]}},"_links":{"self":[{"href":"https:\/\/www.eurospeak.de\/de\/wp-json\/wp\/v2\/pages\/16594","targetHints":{"allow":["GET"]}}],"collection":[{"href":"https:\/\/www.eurospeak.de\/de\/wp-json\/wp\/v2\/pages"}],"about":[{"href":"https:\/\/www.eurospeak.de\/de\/wp-json\/wp\/v2\/types\/page"}],"author":[{"embeddable":true,"href":"https:\/\/www.eurospeak.de\/de\/wp-json\/wp\/v2\/users\/1"}],"replies":[{"embeddable":true,"href":"https:\/\/www.eurospeak.de\/de\/wp-json\/wp\/v2\/comments?post=16594"}],"version-history":[{"count":5,"href":"https:\/\/www.eurospeak.de\/de\/wp-json\/wp\/v2\/pages\/16594\/revisions"}],"predecessor-version":[{"id":16630,"href":"https:\/\/www.eurospeak.de\/de\/wp-json\/wp\/v2\/pages\/16594\/revisions\/16630"}],"wp:attachment":[{"href":"https:\/\/www.eurospeak.de\/de\/wp-json\/wp\/v2\/media?parent=16594"}],"curies":[{"name":"wp","href":"https:\/\/api.w.org\/{rel}","templated":true}]}}