{"id":16650,"date":"2017-04-26T17:40:14","date_gmt":"2017-04-26T17:40:14","guid":{"rendered":"http:\/\/eurospeak.de\/?page_id=16650"},"modified":"2020-01-28T16:20:30","modified_gmt":"2020-01-28T16:20:30","slug":"imprint","status":"publish","type":"page","link":"https:\/\/www.eurospeak.de\/de\/imprint\/","title":{"rendered":"Impressum"},"content":{"rendered":"<h2><span id=\"titel1\"><img loading=\"lazy\" decoding=\"async\" class=\"size-medium wp-image-16651 alignleft\" src=\"http:\/\/joebenslimane.com\/eurospeak\/wp-content\/uploads\/2017\/04\/bild_impressum-300x280.jpg\" alt=\"\" width=\"300\" height=\"280\" srcset=\"https:\/\/www.eurospeak.de\/wp-content\/uploads\/2017\/04\/bild_impressum-300x280.jpg 300w, https:\/\/www.eurospeak.de\/wp-content\/uploads\/2017\/04\/bild_impressum.jpg 302w\" sizes=\"auto, (max-width: 300px) 100vw, 300px\" \/>IMPRESSUM<\/span><span id=\"titel2\"> LEGAL DISCLAIMER<\/span><\/h2>\n<p>Zust\u00e4ndig f\u00fcr den Inhalt und die Gestaltung der Seiten:<br \/>\n<strong>Eurospeak e.K.<\/strong><br \/>\n<strong> Petkumstrasse 15, 22085 Hamburg<\/strong><\/p>\n<p><strong>HR A 109734<\/strong><br \/>\n<strong> Tel: 040-22 54 60<\/strong><br \/>\n<strong> E-Mail: mail@eurospeak.de<\/strong><\/p>\n<p>Gesch\u00e4ftsf\u00fchrer:<br \/>\n<strong>Charles Reid Dick<\/strong><br \/>\nSteuernummer: 71\/411\/00267 Finanzamt Barmbek-Uhlenhorst<\/p>\n<p>Haftungshinweis:<br \/>\nTrotz sorgf\u00e4ltiger inhaltlicher Kontrolle \u00fcbernehmen wir keine Haftung f\u00fcr die Inhalte externer Links. F\u00fcr den Inhalt der verlinkten Seiten sind ausschlie\u00dflich deren Betreiber verantwortlich.<\/p>\n<p>\u00a9 Copyright 2017 Eurospeak. Alle Rechte vorbehalten<\/p>\n","protected":false},"excerpt":{"rendered":"<p>IMPRESSUM LEGAL DISCLAIMER Zust\u00e4ndig f\u00fcr den Inhalt und die Gestaltung der Seiten: Eurospeak e.K. Petkumstrasse 15, 22085 Hamburg HR A 109734 Tel: 040-22 54 60 E-Mail: mail@eurospeak.de Gesch\u00e4ftsf\u00fchrer: Charles Reid Dick Steuernummer: 71\/411\/00267 Finanzamt Barmbek-Uhlenhorst Haftungshinweis: Trotz sorgf\u00e4ltiger inhaltlicher Kontrolle \u00fcbernehmen wir keine Haftung f\u00fcr&#8230;<\/p>\n","protected":false},"author":1,"featured_media":0,"parent":0,"menu_order":0,"comment_status":"closed","ping_status":"closed","template":"","meta":{"_bbp_topic_count":0,"_bbp_reply_count":0,"_bbp_total_topic_count":0,"_bbp_total_reply_count":0,"_bbp_voice_count":0,"_bbp_anonymous_reply_count":0,"_bbp_topic_count_hidden":0,"_bbp_reply_count_hidden":0,"_bbp_forum_subforum_count":0,"footnotes":""},"class_list":["post-16650","page","type-page","status-publish","hentry"],"yoast_head":"<!-- This site is optimized with the Yoast SEO plugin v24.3 - https:\/\/yoast.com\/wordpress\/plugins\/seo\/ -->\n<title>Impressum - Eurospeak<\/title>\n<meta name=\"robots\" content=\"index, follow, max-snippet:-1, max-image-preview:large, max-video-preview:-1\" \/>\n<link rel=\"canonical\" href=\"https:\/\/www.eurospeak.de\/imprint\/\" \/>\n<meta property=\"og:locale\" content=\"de_DE\" \/>\n<meta property=\"og:type\" content=\"article\" \/>\n<meta property=\"og:title\" content=\"Impressum - Eurospeak\" \/>\n<meta property=\"og:description\" content=\"IMPRESSUM LEGAL DISCLAIMER Zust\u00e4ndig f\u00fcr den Inhalt und die Gestaltung der Seiten: Eurospeak e.K. Petkumstrasse 15, 22085 Hamburg HR A 109734 Tel: 040-22 54 60 E-Mail: mail@eurospeak.de Gesch\u00e4ftsf\u00fchrer: Charles Reid Dick Steuernummer: 71\/411\/00267 Finanzamt Barmbek-Uhlenhorst Haftungshinweis: Trotz sorgf\u00e4ltiger inhaltlicher Kontrolle \u00fcbernehmen wir keine Haftung f\u00fcr...\" \/>\n<meta property=\"og:url\" content=\"https:\/\/www.eurospeak.de\/imprint\/\" \/>\n<meta property=\"og:site_name\" content=\"Eurospeak\" \/>\n<meta property=\"article:modified_time\" content=\"2020-01-28T16:20:30+00:00\" \/>\n<meta property=\"og:image\" content=\"https:\/\/www.eurospeak.de\/wp-content\/uploads\/2017\/04\/bild_impressum.jpg\" \/>\n\t<meta property=\"og:image:width\" content=\"302\" \/>\n\t<meta property=\"og:image:height\" content=\"282\" \/>\n\t<meta property=\"og:image:type\" content=\"image\/jpeg\" \/>\n<meta name=\"twitter:card\" content=\"summary_large_image\" \/>\n<script type=\"application\/ld+json\" class=\"yoast-schema-graph\">{\"@context\":\"https:\/\/schema.org\",\"@graph\":[{\"@type\":\"WebPage\",\"@id\":\"https:\/\/www.eurospeak.de\/imprint\/\",\"url\":\"https:\/\/www.eurospeak.de\/imprint\/\",\"name\":\"Impressum - Eurospeak\",\"isPartOf\":{\"@id\":\"https:\/\/www.eurospeak.de\/#website\"},\"primaryImageOfPage\":{\"@id\":\"https:\/\/www.eurospeak.de\/imprint\/#primaryimage\"},\"image\":{\"@id\":\"https:\/\/www.eurospeak.de\/imprint\/#primaryimage\"},\"thumbnailUrl\":\"http:\/\/joebenslimane.com\/eurospeak\/wp-content\/uploads\/2017\/04\/bild_impressum-300x280.jpg\",\"datePublished\":\"2017-04-26T17:40:14+00:00\",\"dateModified\":\"2020-01-28T16:20:30+00:00\",\"breadcrumb\":{\"@id\":\"https:\/\/www.eurospeak.de\/imprint\/#breadcrumb\"},\"inLanguage\":\"de\",\"potentialAction\":[{\"@type\":\"ReadAction\",\"target\":[\"https:\/\/www.eurospeak.de\/imprint\/\"]}]},{\"@type\":\"ImageObject\",\"inLanguage\":\"de\",\"@id\":\"https:\/\/www.eurospeak.de\/imprint\/#primaryimage\",\"url\":\"http:\/\/joebenslimane.com\/eurospeak\/wp-content\/uploads\/2017\/04\/bild_impressum-300x280.jpg\",\"contentUrl\":\"http:\/\/joebenslimane.com\/eurospeak\/wp-content\/uploads\/2017\/04\/bild_impressum-300x280.jpg\"},{\"@type\":\"BreadcrumbList\",\"@id\":\"https:\/\/www.eurospeak.de\/imprint\/#breadcrumb\",\"itemListElement\":[{\"@type\":\"ListItem\",\"position\":1,\"name\":\"Home\",\"item\":\"https:\/\/www.eurospeak.de\/\"},{\"@type\":\"ListItem\",\"position\":2,\"name\":\"(Deutsch) Impressum\"}]},{\"@type\":\"WebSite\",\"@id\":\"https:\/\/www.eurospeak.de\/#website\",\"url\":\"https:\/\/www.eurospeak.de\/\",\"name\":\"Eurospeak\",\"description\":\"Firmenschulungen - Wirtschaftsenglisch - Sprachtraining\",\"potentialAction\":[{\"@type\":\"SearchAction\",\"target\":{\"@type\":\"EntryPoint\",\"urlTemplate\":\"https:\/\/www.eurospeak.de\/?s={search_term_string}\"},\"query-input\":{\"@type\":\"PropertyValueSpecification\",\"valueRequired\":true,\"valueName\":\"search_term_string\"}}],\"inLanguage\":\"de\"}]}<\/script>\n<!-- \/ Yoast SEO plugin. -->","yoast_head_json":{"title":"Impressum - Eurospeak","robots":{"index":"index","follow":"follow","max-snippet":"max-snippet:-1","max-image-preview":"max-image-preview:large","max-video-preview":"max-video-preview:-1"},"canonical":"https:\/\/www.eurospeak.de\/imprint\/","og_locale":"de_DE","og_type":"article","og_title":"Impressum - Eurospeak","og_description":"IMPRESSUM LEGAL DISCLAIMER Zust\u00e4ndig f\u00fcr den Inhalt und die Gestaltung der Seiten: Eurospeak e.K. Petkumstrasse 15, 22085 Hamburg HR A 109734 Tel: 040-22 54 60 E-Mail: mail@eurospeak.de Gesch\u00e4ftsf\u00fchrer: Charles Reid Dick Steuernummer: 71\/411\/00267 Finanzamt Barmbek-Uhlenhorst Haftungshinweis: Trotz sorgf\u00e4ltiger inhaltlicher Kontrolle \u00fcbernehmen wir keine Haftung f\u00fcr...","og_url":"https:\/\/www.eurospeak.de\/imprint\/","og_site_name":"Eurospeak","article_modified_time":"2020-01-28T16:20:30+00:00","og_image":[{"width":302,"height":282,"url":"https:\/\/www.eurospeak.de\/wp-content\/uploads\/2017\/04\/bild_impressum.jpg","type":"image\/jpeg"}],"twitter_card":"summary_large_image","schema":{"@context":"https:\/\/schema.org","@graph":[{"@type":"WebPage","@id":"https:\/\/www.eurospeak.de\/imprint\/","url":"https:\/\/www.eurospeak.de\/imprint\/","name":"Impressum - Eurospeak","isPartOf":{"@id":"https:\/\/www.eurospeak.de\/#website"},"primaryImageOfPage":{"@id":"https:\/\/www.eurospeak.de\/imprint\/#primaryimage"},"image":{"@id":"https:\/\/www.eurospeak.de\/imprint\/#primaryimage"},"thumbnailUrl":"http:\/\/joebenslimane.com\/eurospeak\/wp-content\/uploads\/2017\/04\/bild_impressum-300x280.jpg","datePublished":"2017-04-26T17:40:14+00:00","dateModified":"2020-01-28T16:20:30+00:00","breadcrumb":{"@id":"https:\/\/www.eurospeak.de\/imprint\/#breadcrumb"},"inLanguage":"de","potentialAction":[{"@type":"ReadAction","target":["https:\/\/www.eurospeak.de\/imprint\/"]}]},{"@type":"ImageObject","inLanguage":"de","@id":"https:\/\/www.eurospeak.de\/imprint\/#primaryimage","url":"http:\/\/joebenslimane.com\/eurospeak\/wp-content\/uploads\/2017\/04\/bild_impressum-300x280.jpg","contentUrl":"http:\/\/joebenslimane.com\/eurospeak\/wp-content\/uploads\/2017\/04\/bild_impressum-300x280.jpg"},{"@type":"BreadcrumbList","@id":"https:\/\/www.eurospeak.de\/imprint\/#breadcrumb","itemListElement":[{"@type":"ListItem","position":1,"name":"Home","item":"https:\/\/www.eurospeak.de\/"},{"@type":"ListItem","position":2,"name":"(Deutsch) Impressum"}]},{"@type":"WebSite","@id":"https:\/\/www.eurospeak.de\/#website","url":"https:\/\/www.eurospeak.de\/","name":"Eurospeak","description":"Firmenschulungen - Wirtschaftsenglisch - Sprachtraining","potentialAction":[{"@type":"SearchAction","target":{"@type":"EntryPoint","urlTemplate":"https:\/\/www.eurospeak.de\/?s={search_term_string}"},"query-input":{"@type":"PropertyValueSpecification","valueRequired":true,"valueName":"search_term_string"}}],"inLanguage":"de"}]}},"_links":{"self":[{"href":"https:\/\/www.eurospeak.de\/de\/wp-json\/wp\/v2\/pages\/16650","targetHints":{"allow":["GET"]}}],"collection":[{"href":"https:\/\/www.eurospeak.de\/de\/wp-json\/wp\/v2\/pages"}],"about":[{"href":"https:\/\/www.eurospeak.de\/de\/wp-json\/wp\/v2\/types\/page"}],"author":[{"embeddable":true,"href":"https:\/\/www.eurospeak.de\/de\/wp-json\/wp\/v2\/users\/1"}],"replies":[{"embeddable":true,"href":"https:\/\/www.eurospeak.de\/de\/wp-json\/wp\/v2\/comments?post=16650"}],"version-history":[{"count":14,"href":"https:\/\/www.eurospeak.de\/de\/wp-json\/wp\/v2\/pages\/16650\/revisions"}],"predecessor-version":[{"id":16767,"href":"https:\/\/www.eurospeak.de\/de\/wp-json\/wp\/v2\/pages\/16650\/revisions\/16767"}],"wp:attachment":[{"href":"https:\/\/www.eurospeak.de\/de\/wp-json\/wp\/v2\/media?parent=16650"}],"curies":[{"name":"wp","href":"https:\/\/api.w.org\/{rel}","templated":true}]}}