{"id":16740,"date":"2018-06-02T14:32:35","date_gmt":"2018-06-02T14:32:35","guid":{"rendered":"https:\/\/www.eurospeak.de\/?page_id=16740"},"modified":"2018-06-03T17:52:25","modified_gmt":"2018-06-03T17:52:25","slug":"musictheatre","status":"publish","type":"page","link":"https:\/\/www.eurospeak.de\/de\/musictheatre\/","title":{"rendered":"LERNEN DURCH MUSIK &#038; THEATER"},"content":{"rendered":"<h2>MUSIK<\/h2>\n<p>Eine sehr gute Art, Englisch zu lernen, ist Musik mit englischen Texten zu h\u00f6ren. Einige der Lehrer, die f\u00fcr Eurospeak gearbeitet haben, sind auch Musiker.<\/p>\n<p>Genie\u00dfen Sie hier eine H\u00f6rprobe:<\/p>\n<p><a href=\"http:\/\/www.tomstorm.bandcamp.com\">www.tomstorm.bandcamp.com<\/a><\/p>\n<p><a href=\"http:\/\/www.mjbeeghley.bandcamp.com\">www.mjbeeghley.bandcamp.com<\/a><\/p>\n<p>&nbsp;<\/p>\n<p>&nbsp;<\/p>\n<h2>THEATER<\/h2>\n<p>Im Laufe der Jahre waren viele Eurospeak-Lehrer auch Schauspieler.<\/p>\n<p>Wenn Sie Ihr Englisch verbessern und gleichzeitig hervorragend unterhalten wollen, empfehlen wir Ihnen besonders einen Besuch bei den Hamburg Players.<\/p>\n<p>Informieren Sie sich \u00fcber kommende Produktionen auf:<\/p>\n<p>&nbsp;<\/p>\n<p>www.hamburgplayers.de<\/p>\n","protected":false},"excerpt":{"rendered":"<p>MUSIK Eine sehr gute Art, Englisch zu lernen, ist Musik mit englischen Texten zu h\u00f6ren. Einige der Lehrer, die f\u00fcr Eurospeak gearbeitet haben, sind auch Musiker. Genie\u00dfen Sie hier eine H\u00f6rprobe: www.tomstorm.bandcamp.com www.mjbeeghley.bandcamp.com &nbsp; &nbsp; THEATER Im Laufe der Jahre waren viele Eurospeak-Lehrer auch Schauspieler&#8230;.<\/p>\n","protected":false},"author":1,"featured_media":0,"parent":0,"menu_order":0,"comment_status":"closed","ping_status":"closed","template":"","meta":{"_bbp_topic_count":0,"_bbp_reply_count":0,"_bbp_total_topic_count":0,"_bbp_total_reply_count":0,"_bbp_voice_count":0,"_bbp_anonymous_reply_count":0,"_bbp_topic_count_hidden":0,"_bbp_reply_count_hidden":0,"_bbp_forum_subforum_count":0,"footnotes":""},"class_list":["post-16740","page","type-page","status-publish","hentry"],"yoast_head":"<!-- This site is optimized with the Yoast SEO plugin v24.3 - https:\/\/yoast.com\/wordpress\/plugins\/seo\/ -->\n<title>LERNEN DURCH MUSIK &amp; THEATER - Eurospeak<\/title>\n<meta name=\"robots\" content=\"index, follow, max-snippet:-1, max-image-preview:large, max-video-preview:-1\" \/>\n<link rel=\"canonical\" href=\"https:\/\/www.eurospeak.de\/musictheatre\/\" \/>\n<meta property=\"og:locale\" content=\"de_DE\" \/>\n<meta property=\"og:type\" content=\"article\" \/>\n<meta property=\"og:title\" content=\"LERNEN DURCH MUSIK &amp; THEATER - Eurospeak\" \/>\n<meta property=\"og:description\" content=\"MUSIK Eine sehr gute Art, Englisch zu lernen, ist Musik mit englischen Texten zu h\u00f6ren. Einige der Lehrer, die f\u00fcr Eurospeak gearbeitet haben, sind auch Musiker. Genie\u00dfen Sie hier eine H\u00f6rprobe: www.tomstorm.bandcamp.com www.mjbeeghley.bandcamp.com &nbsp; &nbsp; THEATER Im Laufe der Jahre waren viele Eurospeak-Lehrer auch Schauspieler....\" \/>\n<meta property=\"og:url\" content=\"https:\/\/www.eurospeak.de\/musictheatre\/\" \/>\n<meta property=\"og:site_name\" content=\"Eurospeak\" \/>\n<meta property=\"article:modified_time\" content=\"2018-06-03T17:52:25+00:00\" \/>\n<meta name=\"twitter:card\" content=\"summary_large_image\" \/>\n<script type=\"application\/ld+json\" class=\"yoast-schema-graph\">{\"@context\":\"https:\/\/schema.org\",\"@graph\":[{\"@type\":\"WebPage\",\"@id\":\"https:\/\/www.eurospeak.de\/musictheatre\/\",\"url\":\"https:\/\/www.eurospeak.de\/musictheatre\/\",\"name\":\"LERNEN DURCH MUSIK & THEATER - Eurospeak\",\"isPartOf\":{\"@id\":\"https:\/\/www.eurospeak.de\/#website\"},\"datePublished\":\"2018-06-02T14:32:35+00:00\",\"dateModified\":\"2018-06-03T17:52:25+00:00\",\"breadcrumb\":{\"@id\":\"https:\/\/www.eurospeak.de\/musictheatre\/#breadcrumb\"},\"inLanguage\":\"de\",\"potentialAction\":[{\"@type\":\"ReadAction\",\"target\":[\"https:\/\/www.eurospeak.de\/musictheatre\/\"]}]},{\"@type\":\"BreadcrumbList\",\"@id\":\"https:\/\/www.eurospeak.de\/musictheatre\/#breadcrumb\",\"itemListElement\":[{\"@type\":\"ListItem\",\"position\":1,\"name\":\"Home\",\"item\":\"https:\/\/www.eurospeak.de\/\"},{\"@type\":\"ListItem\",\"position\":2,\"name\":\"LEARNING THROUGH MUSIC &#038; THEATER\"}]},{\"@type\":\"WebSite\",\"@id\":\"https:\/\/www.eurospeak.de\/#website\",\"url\":\"https:\/\/www.eurospeak.de\/\",\"name\":\"Eurospeak\",\"description\":\"Firmenschulungen - Wirtschaftsenglisch - Sprachtraining\",\"potentialAction\":[{\"@type\":\"SearchAction\",\"target\":{\"@type\":\"EntryPoint\",\"urlTemplate\":\"https:\/\/www.eurospeak.de\/?s={search_term_string}\"},\"query-input\":{\"@type\":\"PropertyValueSpecification\",\"valueRequired\":true,\"valueName\":\"search_term_string\"}}],\"inLanguage\":\"de\"}]}<\/script>\n<!-- \/ Yoast SEO plugin. -->","yoast_head_json":{"title":"LERNEN DURCH MUSIK & THEATER - Eurospeak","robots":{"index":"index","follow":"follow","max-snippet":"max-snippet:-1","max-image-preview":"max-image-preview:large","max-video-preview":"max-video-preview:-1"},"canonical":"https:\/\/www.eurospeak.de\/musictheatre\/","og_locale":"de_DE","og_type":"article","og_title":"LERNEN DURCH MUSIK & THEATER - Eurospeak","og_description":"MUSIK Eine sehr gute Art, Englisch zu lernen, ist Musik mit englischen Texten zu h\u00f6ren. Einige der Lehrer, die f\u00fcr Eurospeak gearbeitet haben, sind auch Musiker. Genie\u00dfen Sie hier eine H\u00f6rprobe: www.tomstorm.bandcamp.com www.mjbeeghley.bandcamp.com &nbsp; &nbsp; THEATER Im Laufe der Jahre waren viele Eurospeak-Lehrer auch Schauspieler....","og_url":"https:\/\/www.eurospeak.de\/musictheatre\/","og_site_name":"Eurospeak","article_modified_time":"2018-06-03T17:52:25+00:00","twitter_card":"summary_large_image","schema":{"@context":"https:\/\/schema.org","@graph":[{"@type":"WebPage","@id":"https:\/\/www.eurospeak.de\/musictheatre\/","url":"https:\/\/www.eurospeak.de\/musictheatre\/","name":"LERNEN DURCH MUSIK & THEATER - Eurospeak","isPartOf":{"@id":"https:\/\/www.eurospeak.de\/#website"},"datePublished":"2018-06-02T14:32:35+00:00","dateModified":"2018-06-03T17:52:25+00:00","breadcrumb":{"@id":"https:\/\/www.eurospeak.de\/musictheatre\/#breadcrumb"},"inLanguage":"de","potentialAction":[{"@type":"ReadAction","target":["https:\/\/www.eurospeak.de\/musictheatre\/"]}]},{"@type":"BreadcrumbList","@id":"https:\/\/www.eurospeak.de\/musictheatre\/#breadcrumb","itemListElement":[{"@type":"ListItem","position":1,"name":"Home","item":"https:\/\/www.eurospeak.de\/"},{"@type":"ListItem","position":2,"name":"LEARNING THROUGH MUSIC &#038; THEATER"}]},{"@type":"WebSite","@id":"https:\/\/www.eurospeak.de\/#website","url":"https:\/\/www.eurospeak.de\/","name":"Eurospeak","description":"Firmenschulungen - Wirtschaftsenglisch - Sprachtraining","potentialAction":[{"@type":"SearchAction","target":{"@type":"EntryPoint","urlTemplate":"https:\/\/www.eurospeak.de\/?s={search_term_string}"},"query-input":{"@type":"PropertyValueSpecification","valueRequired":true,"valueName":"search_term_string"}}],"inLanguage":"de"}]}},"_links":{"self":[{"href":"https:\/\/www.eurospeak.de\/de\/wp-json\/wp\/v2\/pages\/16740","targetHints":{"allow":["GET"]}}],"collection":[{"href":"https:\/\/www.eurospeak.de\/de\/wp-json\/wp\/v2\/pages"}],"about":[{"href":"https:\/\/www.eurospeak.de\/de\/wp-json\/wp\/v2\/types\/page"}],"author":[{"embeddable":true,"href":"https:\/\/www.eurospeak.de\/de\/wp-json\/wp\/v2\/users\/1"}],"replies":[{"embeddable":true,"href":"https:\/\/www.eurospeak.de\/de\/wp-json\/wp\/v2\/comments?post=16740"}],"version-history":[{"count":5,"href":"https:\/\/www.eurospeak.de\/de\/wp-json\/wp\/v2\/pages\/16740\/revisions"}],"predecessor-version":[{"id":16746,"href":"https:\/\/www.eurospeak.de\/de\/wp-json\/wp\/v2\/pages\/16740\/revisions\/16746"}],"wp:attachment":[{"href":"https:\/\/www.eurospeak.de\/de\/wp-json\/wp\/v2\/media?parent=16740"}],"curies":[{"name":"wp","href":"https:\/\/api.w.org\/{rel}","templated":true}]}}